{"id":109,"date":"2024-01-24T16:59:10","date_gmt":"2024-01-24T15:59:10","guid":{"rendered":"https:\/\/pre-saint-nom.org\/wordpress\/?page_id=109"},"modified":"2024-09-17T09:11:46","modified_gmt":"2024-09-17T07:11:46","slug":"cahier-des-charges","status":"publish","type":"page","link":"https:\/\/pre-saint-nom.org\/wordpress\/index.php\/cahier-des-charges\/","title":{"rendered":"Cahier des charges"},"content":{"rendered":"\n<div class=\"wp-block-group\"><div class=\"wp-block-group__inner-container is-layout-constrained wp-block-group-is-layout-constrained\">\n<div class=\"wp-block-group diaporama-container\"><div class=\"wp-block-group__inner-container is-layout-constrained wp-block-group-is-layout-constrained\"><div class=\"n2_clear\"><ss3-force-full-width data-overflow-x=\"body\" data-horizontal-selector=\"body\"><div class=\"n2-section-smartslider fitvidsignore  n2_clear\" data-ssid=\"1\" tabindex=\"0\" role=\"region\" aria-label=\"Slider\"><div id=\"n2-ss-1-align\" class=\"n2-ss-align\"><div class=\"n2-padding\"><div id=\"n2-ss-1\" data-creator=\"Smart Slider 3\" data-responsive=\"fullwidth\" class=\"n2-ss-slider n2-ow n2-has-hover n2notransition  \">\n\n\n\n\n\n\n\n\n\n\n\n\n\n\n\n\n\n<div class=\"n2-ss-slider-wrapper-inside\">\n        <div class=\"n2-ss-slider-1 n2_ss__touch_element n2-ow\">\n            <div class=\"n2-ss-slider-2 n2-ow\">\n                                                <div class=\"n2-ss-slider-3 n2-ow\">\n\n                    <div class=\"n2-ss-slide-backgrounds n2-ow-all\"><div class=\"n2-ss-slide-background\" data-public-id=\"1\" data-mode=\"fill\"><div class=\"n2-ss-slide-background-image\" data-blur=\"0\" data-opacity=\"100\" data-x=\"50\" data-y=\"50\" data-alt=\"\" data-title=\"\"><picture class=\"skip-lazy\" data-skip-lazy=\"1\"><img decoding=\"async\" src=\"\/\/pre-saint-nom.org\/wordpress\/wp-content\/uploads\/2024\/01\/pexels-miki-czetti-111963-scaled.jpg\" alt=\"\" title=\"\" loading=\"lazy\" class=\"skip-lazy\" data-skip-lazy=\"1\"><\/picture><\/div><div data-color=\"RGBA(255,255,255,0)\" style=\"background-color: RGBA(255,255,255,0);\" class=\"n2-ss-slide-background-color\"><\/div><\/div><div class=\"n2-ss-slide-background\" data-public-id=\"2\" data-mode=\"fill\"><div class=\"n2-ss-slide-background-image\" data-blur=\"0\" data-opacity=\"100\" data-x=\"50\" data-y=\"50\" data-alt=\"\" data-title=\"\"><picture class=\"skip-lazy\" data-skip-lazy=\"1\"><img decoding=\"async\" src=\"\/\/pre-saint-nom.org\/wordpress\/wp-content\/uploads\/2024\/09\/DSC_1018-1.jpeg\" alt=\"\" title=\"\" loading=\"lazy\" class=\"skip-lazy\" data-skip-lazy=\"1\"><\/picture><\/div><div data-color=\"RGBA(255,255,255,0)\" style=\"background-color: RGBA(255,255,255,0);\" class=\"n2-ss-slide-background-color\"><\/div><\/div><div class=\"n2-ss-slide-background\" data-public-id=\"3\" data-mode=\"fill\"><div class=\"n2-ss-slide-background-image\" data-blur=\"0\" data-opacity=\"100\" data-x=\"50\" data-y=\"50\" data-alt=\"\" data-title=\"\"><picture class=\"skip-lazy\" data-skip-lazy=\"1\"><img decoding=\"async\" src=\"\/\/pre-saint-nom.org\/wordpress\/wp-content\/uploads\/2024\/09\/DSC_1013-1.jpeg\" alt=\"\" title=\"\" loading=\"lazy\" class=\"skip-lazy\" data-skip-lazy=\"1\"><\/picture><\/div><div data-color=\"RGBA(255,255,255,0)\" style=\"background-color: RGBA(255,255,255,0);\" class=\"n2-ss-slide-background-color\"><\/div><\/div><div class=\"n2-ss-slide-background\" data-public-id=\"4\" data-mode=\"fill\"><div class=\"n2-ss-slide-background-image\" data-blur=\"0\" data-opacity=\"100\" data-x=\"50\" data-y=\"50\" data-alt=\"\" data-title=\"\"><picture class=\"skip-lazy\" data-skip-lazy=\"1\"><img decoding=\"async\" src=\"\/\/pre-saint-nom.org\/wordpress\/wp-content\/uploads\/2024\/09\/DSC_1010-1.jpeg\" alt=\"\" title=\"\" loading=\"lazy\" class=\"skip-lazy\" data-skip-lazy=\"1\"><\/picture><\/div><div data-color=\"RGBA(255,255,255,0)\" style=\"background-color: RGBA(255,255,255,0);\" class=\"n2-ss-slide-background-color\"><\/div><\/div><div class=\"n2-ss-slide-background\" data-public-id=\"5\" data-mode=\"fill\"><div class=\"n2-ss-slide-background-image\" data-blur=\"0\" data-opacity=\"100\" data-x=\"50\" data-y=\"50\" data-alt=\"\" data-title=\"\"><picture class=\"skip-lazy\" data-skip-lazy=\"1\"><img decoding=\"async\" src=\"\/\/pre-saint-nom.org\/wordpress\/wp-content\/uploads\/2024\/09\/DSC_1002.jpeg\" alt=\"\" title=\"\" loading=\"lazy\" class=\"skip-lazy\" data-skip-lazy=\"1\"><\/picture><\/div><div data-color=\"RGBA(255,255,255,0)\" style=\"background-color: RGBA(255,255,255,0);\" class=\"n2-ss-slide-background-color\"><\/div><\/div><div class=\"n2-ss-slide-background\" data-public-id=\"6\" data-mode=\"fill\"><div class=\"n2-ss-slide-background-image\" data-blur=\"0\" data-opacity=\"100\" data-x=\"50\" data-y=\"50\" data-alt=\"\" data-title=\"\"><picture class=\"skip-lazy\" data-skip-lazy=\"1\"><img decoding=\"async\" src=\"\/\/pre-saint-nom.org\/wordpress\/wp-content\/uploads\/2024\/11\/DSC_1027.jpeg\" alt=\"\" title=\"\" loading=\"lazy\" class=\"skip-lazy\" data-skip-lazy=\"1\"><\/picture><\/div><div data-color=\"RGBA(255,255,255,0)\" style=\"background-color: RGBA(255,255,255,0);\" class=\"n2-ss-slide-background-color\"><\/div><\/div><\/div>                    <div class=\"n2-ss-slider-4 n2-ow\">\n                        <svg xmlns=\"http:\/\/www.w3.org\/2000\/svg\" viewBox=\"0 0 1200 400\" data-related-device=\"desktopPortrait\" class=\"n2-ow n2-ss-preserve-size n2-ss-preserve-size--slider n2-ss-slide-limiter\"><\/svg><div data-first=\"1\" data-slide-duration=\"0\" data-id=\"4\" data-slide-public-id=\"1\" data-title=\"pexels-miki-czetti-111963\" class=\"n2-ss-slide n2-ow  n2-ss-slide-4\"><div role=\"note\" class=\"n2-ss-slide--focus\" tabindex=\"-1\">pexels-miki-czetti-111963<\/div><div class=\"n2-ss-layers-container n2-ss-slide-limiter n2-ow\"><div class=\"n2-ss-layer n2-ow n-uc-muqK3ghlhu3C\" data-sstype=\"slide\" data-pm=\"default\"><\/div><\/div><\/div><div data-slide-duration=\"0\" data-id=\"12\" data-slide-public-id=\"2\" data-title=\"DSC_1018 (1)\" class=\"n2-ss-slide n2-ow  n2-ss-slide-12\"><div role=\"note\" class=\"n2-ss-slide--focus\" tabindex=\"-1\">DSC_1018 (1)<\/div><div class=\"n2-ss-layers-container n2-ss-slide-limiter n2-ow\"><div class=\"n2-ss-layer n2-ow n-uc-jfIMnpdlbzmi\" data-sstype=\"slide\" data-pm=\"default\"><\/div><\/div><\/div><div data-slide-duration=\"0\" data-id=\"13\" data-slide-public-id=\"3\" data-title=\"DSC_1013 (1)\" class=\"n2-ss-slide n2-ow  n2-ss-slide-13\"><div role=\"note\" class=\"n2-ss-slide--focus\" tabindex=\"-1\">DSC_1013 (1)<\/div><div class=\"n2-ss-layers-container n2-ss-slide-limiter n2-ow\"><div class=\"n2-ss-layer n2-ow n-uc-ejACTXWYuOuV\" data-sstype=\"slide\" data-pm=\"default\"><\/div><\/div><\/div><div data-slide-duration=\"0\" data-id=\"14\" data-slide-public-id=\"4\" data-title=\"DSC_1010\" class=\"n2-ss-slide n2-ow  n2-ss-slide-14\"><div role=\"note\" class=\"n2-ss-slide--focus\" tabindex=\"-1\">DSC_1010<\/div><div class=\"n2-ss-layers-container n2-ss-slide-limiter n2-ow\"><div class=\"n2-ss-layer n2-ow n-uc-7SJ5w0Y8oU3o\" data-sstype=\"slide\" data-pm=\"default\"><\/div><\/div><\/div><div data-slide-duration=\"0\" data-id=\"15\" data-slide-public-id=\"5\" data-title=\"DSC_1002\" class=\"n2-ss-slide n2-ow  n2-ss-slide-15\"><div role=\"note\" class=\"n2-ss-slide--focus\" tabindex=\"-1\">DSC_1002<\/div><div class=\"n2-ss-layers-container n2-ss-slide-limiter n2-ow\"><div class=\"n2-ss-layer n2-ow n-uc-QCOKHsSWyZGY\" data-sstype=\"slide\" data-pm=\"default\"><\/div><\/div><\/div><div data-slide-duration=\"0\" data-id=\"17\" data-slide-public-id=\"6\" data-title=\"DSC_1027\" class=\"n2-ss-slide n2-ow  n2-ss-slide-17\"><div role=\"note\" class=\"n2-ss-slide--focus\" tabindex=\"-1\">DSC_1027<\/div><div class=\"n2-ss-layers-container n2-ss-slide-limiter n2-ow\"><div class=\"n2-ss-layer n2-ow n-uc-cwDbvnP3eWz4\" data-sstype=\"slide\" data-pm=\"default\"><\/div><\/div><\/div>                    <\/div>\n\n                                    <\/div>\n            <\/div>\n        <\/div>\n        <div class=\"n2-ss-slider-controls n2-ss-slider-controls-absolute-center-bottom\"><div style=\"--widget-offset:30px;text-align: center;width:100%;\" class=\"n2-ss-widget nextend-bar nextend-bar-horizontal n2-ss-widget-hidden n2-ow-all\"><div class=\"n2-style-3745c27e4cee514fb93ac00b0ec9858c-simple \" style=\"display: inline-block;\"><span class=\"n2-font-030314930993fbe6df1ea1b668bdcdad-simple \">&nbsp;<\/span><\/div><\/div><div style=\"--widget-offset:5px;\" class=\"n2-ss-widget n2-ss-widget-display-hover n2-ss-control-bullet n2-ow-all n2-ss-control-bullet-horizontal\"><div class=\" nextend-bullet-bar n2-bar-justify-content-center\"><div class=\"n2-bullet n2-style-37b83350d88fb82e7ea26e8ad7887167-dot \" style=\"visibility:hidden;\"><\/div><\/div><\/div><\/div><\/div><\/div><ss3-loader><\/ss3-loader><\/div><\/div><div class=\"n2_clear\"><\/div><\/div><\/ss3-force-full-width><\/div>\n\n\n<div class=\"wp-block-group left-container\"><div class=\"wp-block-group__inner-container is-layout-constrained wp-block-group-is-layout-constrained\">\n<h2 class=\"wp-block-heading welcome\">Cahier des charges<\/h2>\n<\/div><\/div>\n<\/div><\/div>\n\n\n\n<div class=\"wp-block-group content-section-vertical reveal is-vertical is-layout-flex wp-container-core-group-is-layout-8cf370e7 wp-block-group-is-layout-flex\">\n<div class=\"wp-block-group info-section is-vertical is-layout-flex wp-container-core-group-is-layout-8cf370e7 wp-block-group-is-layout-flex\">\n<h2 class=\"wp-block-heading\"><strong>A savoir<\/strong><\/h2>\n\n\n\n<p class=\"has-text-align-left\"><em><strong>La derni\u00e8re version du Cahier des Charges a \u00e9t\u00e9 publi\u00e9 au Bureau de la Publicit\u00e9 Fonci\u00e8re le 28 juin 2023, sous r\u00e9f\u00e9rence de publication 2023D num\u00e9ro 39586.<\/strong><\/em><\/p>\n\n\n\n<p class=\"has-text-align-left intern-link\">La lecture des diff\u00e9rents chapitres du cahier des charges de la R\u00e9sidence de Pr\u00e9-Saint-Nom peut sembler fastidieuse \u00e0 toute personne ne souhaitant pas entrer dans les d\u00e9tails. Bien que tous les articles soient importants, nous avons pens\u00e9 qu&rsquo;un bref&nbsp;<a href=\"#resume-cdc\">r\u00e9sum\u00e9<\/a>&nbsp;des points g\u00e9n\u00e9ralement les plus en vue pourrait permettre \u00e0 tout un chacun, de mieux comprendre la politique globale que ses r\u00e9dacteurs ont voulu appliquer, au moment du lancement de la R\u00e9sidence, en 1973.<\/p>\n<\/div>\n\n\n\n<div class=\"wp-block-group info-section is-vertical is-layout-flex wp-container-core-group-is-layout-8cf370e7 wp-block-group-is-layout-flex\">\n<h2 class=\"wp-block-heading\">Sommaire du cahier des charges<\/h2>\n\n\n\n<figure class=\"wp-block-table chapter-tab\">\n<table>\n<tbody>\n<tr>\n<td>\u00a0<\/td>\n<td>\u00a0<\/td>\n<td>page<\/td>\n<\/tr>\n<tr>\n<td><strong>Chapitre1<\/strong><\/td>\n<td class=\"chapter-link\"><a href=\"https:\/\/pre-saint-nom.org\/Gestion\/CdC\/CdC2019.pdf#page=3\"><strong>Chapitre 1<\/strong><\/a><\/td>\n<td>3<\/td>\n<\/tr>\n<tr>\n<td>Article 1 :<\/td>\n<td><a href=\"https:\/\/pre-saint-nom.org\/Gestion\/CdC\/CdC2019.pdf#page=3\">Objet<\/a><\/td>\n<td>3<\/td>\n<\/tr>\n<tr>\n<td>Article 2 :<\/td>\n<td><a href=\"https:\/\/pre-saint-nom.org\/Gestion\/CdC\/CdC2019.pdf#page=3\">D\u00e9nomination<\/a><\/td>\n<td>3<\/td>\n<\/tr>\n<tr>\n<td>Article 3 :<\/td>\n<td><a href=\"https:\/\/pre-saint-nom.org\/Gestion\/CdC\/CdC2019.pdf#page=3\">Situation de l&rsquo;ensemble immobilier<\/a><\/td>\n<td>3<\/td>\n<\/tr>\n<tr>\n<td>Article 4 :<\/td>\n<td><a href=\"https:\/\/pre-saint-nom.org\/Gestion\/CdC\/CdC2019.pdf#page=3\">Servitudes<\/a><\/td>\n<td>3<\/td>\n<\/tr>\n<tr>\n<td>Article 5 :<\/td>\n<td><a href=\"https:\/\/pre-saint-nom.org\/Gestion\/CdC\/CdC2019.pdf#page=5\">Acquisitions nouvelles<\/a><\/td>\n<td>5<\/td>\n<\/tr>\n<tr>\n<td>Article 6 :<\/td>\n<td><a href=\"https:\/\/pre-saint-nom.org\/Gestion\/CdC\/CdC2019.pdf#page=5\">Permis de construire<\/a><\/td>\n<td>5<\/td>\n<\/tr>\n<tr>\n<td>Article 7 :<\/td>\n<td><a href=\"https:\/\/pre-saint-nom.org\/Gestion\/CdC\/CdC2019.pdf#page=5\">Ensemble immobilier<\/a><\/td>\n<td>5<\/td>\n<\/tr>\n<tr>\n<td><strong>Chapitre 2<\/strong><\/td>\n<td class=\"chapter-link\"><a href=\"https:\/\/pre-saint-nom.org\/Gestion\/CdC\/CdC2019.pdf#page=7\"><strong>Chapitre 2<\/strong><\/a><\/td>\n<td>7<\/td>\n<\/tr>\n<tr>\n<td>Article 8 :<\/td>\n<td><a href=\"https:\/\/pre-saint-nom.org\/Gestion\/CdC\/CdC2019.pdf#page=7\">Servitudes g\u00e9n\u00e9rales d&rsquo;urbanisme<\/a><\/td>\n<td>7<\/td>\n<\/tr>\n<tr>\n<td>Article 9 :<\/td>\n<td><a href=\"https:\/\/pre-saint-nom.org\/Gestion\/CdC\/CdC2019.pdf#page=8\">Servitudes de construction<\/a><\/td>\n<td>8<\/td>\n<\/tr>\n<tr>\n<td>Article 10 :<\/td>\n<td><a href=\"https:\/\/pre-saint-nom.org\/Gestion\/CdC\/CdC2019.pdf#page=9\">Servitudes d&rsquo;affectation et d&rsquo;entretien des parties priv\u00e9es<\/a><\/td>\n<td>9<\/td>\n<\/tr>\n<tr>\n<td>Article 11 :<\/td>\n<td><a href=\"https:\/\/pre-saint-nom.org\/Gestion\/CdC\/CdC2019.pdf#page=10\">R\u00e8gles d&rsquo;int\u00e9r\u00eat g\u00e9n\u00e9ral d&rsquo;entretien des parties priv\u00e9es<\/a><\/td>\n<td>10<\/td>\n<\/tr>\n<tr>\n<td>Article 12 :<\/td>\n<td><a href=\"https:\/\/pre-saint-nom.org\/Gestion\/CdC\/CdC2019.pdf#page=11\">Servitude de Cl\u00f4ture<\/a><\/td>\n<td>11<\/td>\n<\/tr>\n<tr>\n<td>Article 13 :<\/td>\n<td><a href=\"https:\/\/pre-saint-nom.org\/Gestion\/CdC\/CdC2019.pdf#page=12\">Sanctions<\/a><\/td>\n<td>12<\/td>\n<\/tr>\n<tr>\n<td>Article 14 :<\/td>\n<td><a href=\"https:\/\/pre-saint-nom.org\/Gestion\/CdC\/CdC2019.pdf#page=12\">Servitudes d&rsquo;affectation et d&rsquo;entretien des parties \u00e0 usage collectif<\/a><\/td>\n<td>12<\/td>\n<\/tr>\n<tr>\n<td>Article 15 :<\/td>\n<td><a href=\"https:\/\/pre-saint-nom.org\/Gestion\/CdC\/CdC2019.pdf#page=12\">Nom des voies &#8211; Num\u00e9rotation<\/a><\/td>\n<td>12<\/td>\n<\/tr>\n<tr>\n<td>Article 16 :<\/td>\n<td><a href=\"https:\/\/pre-saint-nom.org\/Gestion\/CdC\/CdC2019.pdf#page=12\">R\u00e9seaux divers<\/a><\/td>\n<td>12<\/td>\n<\/tr>\n<tr>\n<td>Article 17 :<\/td>\n<td><a href=\"https:\/\/pre-saint-nom.org\/Gestion\/CdC\/CdC2019.pdf#page=13\">Charges et conditions<\/a><\/td>\n<td>13<\/td>\n<\/tr>\n<tr>\n<td>Article 18 :<\/td>\n<td><a href=\"https:\/\/pre-saint-nom.org\/Gestion\/CdC\/CdC2019.pdf#page=13\">Comp\u00e9tences et \u00e9lection de domicile<\/a><\/td>\n<td>13<\/td>\n<\/tr>\n<tr>\n<td>Article 19 :<\/td>\n<td><a href=\"https:\/\/pre-saint-nom.org\/Gestion\/CdC\/CdC2019.pdf#page=13\">Dispositions diverses<\/a><\/td>\n<td>13<\/td>\n<\/tr>\n<tr>\n<td><strong>Annexes<\/strong><\/td>\n<td class=\"chapter-link\"><a href=\"https:\/\/pre-saint-nom.org\/Gestion\/CdC\/CdC2019.pdf#page=14\"><strong>Annexes<\/strong><\/a><\/td>\n<td>14<\/td>\n<\/tr>\n<\/tbody>\n<\/table>\n<\/figure>\n<\/div>\n\n\n\n<div class=\"wp-block-group info-section is-vertical is-layout-flex wp-container-core-group-is-layout-8cf370e7 wp-block-group-is-layout-flex\">\n<h2 class=\"wp-block-heading\" id=\"resume-cdc\">R\u00e9sum\u00e9<\/h2>\n\n\n\n<h3 class=\"wp-block-heading has-text-align-left\"><strong>Le Cahier des Charges et statuts de l&rsquo;Association dite : Association Syndicale Libre de Pr\u00e9 Saint-Nom<\/strong><\/h3>\n\n\n\n<p class=\"has-text-align-left\">La lecture des diff\u00e9rents chapitres du cahier des charges de la R\u00e9sidence de Pr\u00e9-Saint-Nom peut sembler fastidieuse \u00e0 toute personne ne souhaitant pas entrer dans les d\u00e9tails. Bien que tous les articles soient importants, nous avons pens\u00e9 qu&rsquo;un bref r\u00e9sum\u00e9 des points g\u00e9n\u00e9ralement les plus en vue pourrait permettre \u00e0 tout un chacun, de mieux comprendre la politique globale que ses r\u00e9dacteurs ont voulu appliquer, au moment du lancement de la R\u00e9sidence, en 1973. Le cahier des charges se compose de deux grands chapitres :<\/p>\n\n\n\n<ul class=\"wp-block-list\">\n<li>le cahier des charges proprement dit<\/li>\n\n\n\n<li>les statuts de l&rsquo;Association Syndicale Libre de Pr\u00e9 Saint-Nom. (tous les articles de la totalit\u00e9 du cahier des charges sont reproduits dans le site PSN : cliquer sur le bouton ci-dessous)<\/li>\n<\/ul>\n<\/div>\n\n\n\n<div class=\"wp-block-group info-section is-vertical is-layout-flex wp-container-core-group-is-layout-8cf370e7 wp-block-group-is-layout-flex\">\n<h3 class=\"wp-block-heading\"><strong>1 &#8211; LE CAHIER DES CHARGES.<\/strong><\/h3>\n\n\n\n<p class=\"has-text-align-left\">Le cahier des charges a \u00e9t\u00e9 \u00e9tabli par le promoteur Kaufman &amp; Broad, d\u00e8s l&rsquo;origine de la R\u00e9sidence de Pr\u00e9 Saint-Nom afin de pr\u00e9server un cadre agr\u00e9able pour tous les habitants. Rien n&rsquo;est contraignant \u00e0 toute personne qui souhaite vivre en harmonie avec les r\u00e8gles \u00e9l\u00e9mentaires de politesse et de savoir vivre. Ainsi, certains articles rappellent les points suivants :<\/p>\n\n\n\n<ul class=\"wp-block-list\">\n<li>pas de linge aux fen\u00eatres, sur les parkings, dans les jardins<\/li>\n\n\n\n<li>portes de garage ferm\u00e9es apr\u00e8s usage<\/li>\n\n\n\n<li>pas de divagation d&rsquo;animaux domestiques<\/li>\n\n\n\n<li>pas de bruit excessif g\u00e9n\u00e9r\u00e9 par les appareils reproducteurs de sons<\/li>\n\n\n\n<li>r\u00e9glementation de l&rsquo;utilisation des appareils \u00e0 moteur, comme les tondeuses (\u00e0 noter qu&rsquo;un arr\u00eat\u00e9 municipal est venu depuis supplanter celui de notre R\u00e9sidence, en interdisant par exemple l&rsquo;utilisation des tondeuses les dimanches et jours f\u00e9ri\u00e9s)<\/li>\n\n\n\n<li>p\u00e9riodicit\u00e9 du ravalement des villas, qui est \u00e0 faire r\u00e9guli\u00e8rement , en conservant la couleur d&rsquo;origine qui est cr\u00e8me clair<\/li>\n\n\n\n<li>ne pas d\u00e9passer certaines hauteurs de haies et d&rsquo;arbres afin de ne pas g\u00eaner les voisins, en les privant de soleil notamment<\/li>\n\n\n\n<li>entretenir le gazon r\u00e9guli\u00e8rement<\/li>\n\n\n\n<li>pas de d\u00e9charges, d&rsquo;ordures, de d\u00e9chets.<\/li>\n<\/ul>\n\n\n\n<p class=\"has-text-align-left\">De plus le cahier des charges stipule que les nombreux espaces verts qui appartiennent \u00e0 la communaut\u00e9 sont frapp\u00e9s de servitude \u00a0\u00bb non-aedificandi \u00a0\u00bb et que leur entretien doit \u00eatre assur\u00e9 par l&rsquo; Association Syndicale Libre.<\/p>\n\n\n\n<p class=\"has-text-align-left\">Le cahier des charges pr\u00e9voit que des sanctions peuvent \u00eatre appliqu\u00e9es \u00e0 l&rsquo;encontre de toute personne ne respectant pas les r\u00e8gles qui doivent donc \u00eatre appliqu\u00e9es par tous les r\u00e9sidants. L&rsquo;exp\u00e9rience que nous avons depuis la cr\u00e9ation de la R\u00e9sidence de Pr\u00e9 Saint-Nom, nous permet de dire que le cahier des charges est respect\u00e9 dans son ensemble, sans difficult\u00e9. Il a fallu parfois faire des rappels, sans qu&rsquo;il ait \u00e9t\u00e9 n\u00e9cessaire jusqu&rsquo;ici d&rsquo;aller jusqu&rsquo;au stade de la sanction.<\/p>\n<\/div>\n\n\n\n<div class=\"wp-block-group info-section is-vertical is-layout-flex wp-container-core-group-is-layout-8cf370e7 wp-block-group-is-layout-flex\">\n<h3 class=\"wp-block-heading\"><strong>2 &#8211; L&rsquo; ASSOCIATION SYNDICALE LIBRE DE PRE SAINT-NOM<\/strong><\/h3>\n\n\n\n<p class=\"has-text-align-left\">Une Association a \u00e9t\u00e9 cr\u00e9\u00e9e d\u00e8s l&rsquo;origine de la R\u00e9sidence, afin d&rsquo;assurer la gestion et l&rsquo;entretien de la R\u00e9sidence de Pr\u00e9 Saint-Nom. Les r\u00e8gles de fonctionnement de cette A.S.L. sont contenues dans 13 articles qui font suite au cahier des charges proprement dit.<\/p>\n\n\n\n<p class=\"has-text-align-left\">Un Comit\u00e9 Syndical, compos\u00e9 de dix membres \u00e9lus, assure la gestion quotidienne de la R\u00e9sidence. Les fonctions de ce Comit\u00e9 Syndical ainsi que des membres qui le composent comme : Pr\u00e9sident, Vice-Pr\u00e9sident, Tr\u00e9sorier, Secr\u00e9taire et Secr\u00e9taire-Adjoint sont pr\u00e9cis\u00e9es.<\/p>\n\n\n\n<p class=\"has-text-align-left\">Il y a en g\u00e9n\u00e9ral une Assembl\u00e9e G\u00e9n\u00e9rale Ordinaire chaque ann\u00e9e, au cours du premier trimestre de l&rsquo;ann\u00e9e civile : convocations, d\u00e9lib\u00e9rations, quorum, voix\u2026\u2026.. sont des notions classiques qui sont pr\u00e9cis\u00e9es au cours des diff\u00e9rents articles se r\u00e9f\u00e9rant \u00e0 notre Association.<\/p>\n\n\n\n<ul class=\"wp-block-list\">\n<li><strong>le respect de la vitesse limite<\/strong>&nbsp;qui est indiqu\u00e9e aux entr\u00e9es de la R\u00e9sidence et qui est de 30 km\/h.<\/li>\n\n\n\n<li><strong>les policiers municipaux<\/strong>&nbsp;qui font des visites impromptues au sein m\u00eame de la R\u00e9sidence.<\/li>\n\n\n\n<li><strong>les gendarmes de Noisy-le-Roi,<\/strong>&nbsp;localit\u00e9 voisine, qui contr\u00f4lent fr\u00e9quemment notre secteur en y effectuant des rondes, de jour comme de nuit.<\/li>\n\n\n\n<li><strong>la Gendarmerie \u00e0 cheval de Saint Nom la Bret\u00e8che<\/strong> qui fait r\u00e9guli\u00e8rement des rondes dans notre r\u00e9sidence.<\/li>\n\n\n\n<li><strong>le dispositif Voisins Vigilants,<\/strong>&nbsp;pilot\u00e9 par la municipalit\u00e9, dont la r\u00e9sidence est membre avec une centaine de r\u00e9sidants.<\/li>\n<\/ul>\n\n\n\n<p class=\"has-text-align-left\">L\u00e0 encore, nous pouvons dire qu&rsquo;apr\u00e8s une exp\u00e9rience acquise depuis le milieu des ann\u00e9es 70, le fonctionnement de cette A.S.L. a donn\u00e9 satisfaction que ce soit avec l&rsquo;aide de Syndics professionnels ou bien en gestion autonome, comme c&rsquo;est le cas depuis le d\u00e9but des ann\u00e9es 90.<\/p>\n<\/div>\n<\/div>\n<\/div><\/div>\n","protected":false},"excerpt":{"rendered":"<p>Cahier des charges A savoir La derni\u00e8re version du Cahier des Charges a \u00e9t\u00e9 publi\u00e9 au Bureau de la Publicit\u00e9 Fonci\u00e8re le 28 juin 2023, sous r\u00e9f\u00e9rence de publication 2023D num\u00e9ro 39586. La lecture des diff\u00e9rents chapitres du cahier des charges de la R\u00e9sidence de Pr\u00e9-Saint-Nom peut sembler fastidieuse \u00e0 toute personne ne souhaitant pas [&hellip;]<\/p>\n","protected":false},"author":3,"featured_media":0,"parent":0,"menu_order":0,"comment_status":"closed","ping_status":"closed","template":"","meta":{"footnotes":""},"class_list":["post-109","page","type-page","status-publish","hentry"],"_links":{"self":[{"href":"https:\/\/pre-saint-nom.org\/wordpress\/index.php\/wp-json\/wp\/v2\/pages\/109","targetHints":{"allow":["GET"]}}],"collection":[{"href":"https:\/\/pre-saint-nom.org\/wordpress\/index.php\/wp-json\/wp\/v2\/pages"}],"about":[{"href":"https:\/\/pre-saint-nom.org\/wordpress\/index.php\/wp-json\/wp\/v2\/types\/page"}],"author":[{"embeddable":true,"href":"https:\/\/pre-saint-nom.org\/wordpress\/index.php\/wp-json\/wp\/v2\/users\/3"}],"replies":[{"embeddable":true,"href":"https:\/\/pre-saint-nom.org\/wordpress\/index.php\/wp-json\/wp\/v2\/comments?post=109"}],"version-history":[{"count":21,"href":"https:\/\/pre-saint-nom.org\/wordpress\/index.php\/wp-json\/wp\/v2\/pages\/109\/revisions"}],"predecessor-version":[{"id":734,"href":"https:\/\/pre-saint-nom.org\/wordpress\/index.php\/wp-json\/wp\/v2\/pages\/109\/revisions\/734"}],"wp:attachment":[{"href":"https:\/\/pre-saint-nom.org\/wordpress\/index.php\/wp-json\/wp\/v2\/media?parent=109"}],"curies":[{"name":"wp","href":"https:\/\/api.w.org\/{rel}","templated":true}]}}