{"id":113,"date":"2024-01-24T16:59:28","date_gmt":"2024-01-24T15:59:28","guid":{"rendered":"https:\/\/pre-saint-nom.org\/wordpress\/?page_id=113"},"modified":"2025-04-05T15:04:17","modified_gmt":"2025-04-05T13:04:17","slug":"travaux","status":"publish","type":"page","link":"https:\/\/pre-saint-nom.org\/wordpress\/index.php\/travaux\/","title":{"rendered":"Travaux"},"content":{"rendered":"\n<div class=\"wp-block-group\"><div class=\"wp-block-group__inner-container is-layout-constrained wp-block-group-is-layout-constrained\">\n<div class=\"wp-block-group diaporama-container\"><div class=\"wp-block-group__inner-container is-layout-constrained wp-block-group-is-layout-constrained\"><div class=\"n2_clear\"><ss3-force-full-width data-overflow-x=\"body\" data-horizontal-selector=\"body\"><div class=\"n2-section-smartslider fitvidsignore  n2_clear\" data-ssid=\"1\" tabindex=\"0\" role=\"region\" aria-label=\"Slider\"><div id=\"n2-ss-1-align\" class=\"n2-ss-align\"><div class=\"n2-padding\"><div id=\"n2-ss-1\" data-creator=\"Smart Slider 3\" data-responsive=\"fullwidth\" class=\"n2-ss-slider n2-ow n2-has-hover n2notransition  \">\n\n\n\n\n\n\n\n\n\n\n\n\n\n\n\n\n\n<div class=\"n2-ss-slider-wrapper-inside\">\n        <div class=\"n2-ss-slider-1 n2_ss__touch_element n2-ow\">\n            <div class=\"n2-ss-slider-2 n2-ow\">\n                                                <div class=\"n2-ss-slider-3 n2-ow\">\n\n                    <div class=\"n2-ss-slide-backgrounds n2-ow-all\"><div class=\"n2-ss-slide-background\" data-public-id=\"1\" data-mode=\"fill\"><div class=\"n2-ss-slide-background-image\" data-blur=\"0\" data-opacity=\"100\" data-x=\"50\" data-y=\"50\" data-alt=\"\" data-title=\"\"><picture class=\"skip-lazy\" data-skip-lazy=\"1\"><img decoding=\"async\" src=\"\/\/pre-saint-nom.org\/wordpress\/wp-content\/uploads\/2024\/01\/pexels-miki-czetti-111963-scaled.jpg\" alt=\"\" title=\"\" loading=\"lazy\" class=\"skip-lazy\" data-skip-lazy=\"1\"><\/picture><\/div><div data-color=\"RGBA(255,255,255,0)\" style=\"background-color: RGBA(255,255,255,0);\" class=\"n2-ss-slide-background-color\"><\/div><\/div><div class=\"n2-ss-slide-background\" data-public-id=\"2\" data-mode=\"fill\"><div class=\"n2-ss-slide-background-image\" data-blur=\"0\" data-opacity=\"100\" data-x=\"50\" data-y=\"50\" data-alt=\"\" data-title=\"\"><picture class=\"skip-lazy\" data-skip-lazy=\"1\"><img decoding=\"async\" src=\"\/\/pre-saint-nom.org\/wordpress\/wp-content\/uploads\/2024\/09\/DSC_1018-1.jpeg\" alt=\"\" title=\"\" loading=\"lazy\" class=\"skip-lazy\" data-skip-lazy=\"1\"><\/picture><\/div><div data-color=\"RGBA(255,255,255,0)\" style=\"background-color: RGBA(255,255,255,0);\" class=\"n2-ss-slide-background-color\"><\/div><\/div><div class=\"n2-ss-slide-background\" data-public-id=\"3\" data-mode=\"fill\"><div class=\"n2-ss-slide-background-image\" data-blur=\"0\" data-opacity=\"100\" data-x=\"50\" data-y=\"50\" data-alt=\"\" data-title=\"\"><picture class=\"skip-lazy\" data-skip-lazy=\"1\"><img decoding=\"async\" src=\"\/\/pre-saint-nom.org\/wordpress\/wp-content\/uploads\/2024\/09\/DSC_1013-1.jpeg\" alt=\"\" title=\"\" loading=\"lazy\" class=\"skip-lazy\" data-skip-lazy=\"1\"><\/picture><\/div><div data-color=\"RGBA(255,255,255,0)\" style=\"background-color: RGBA(255,255,255,0);\" class=\"n2-ss-slide-background-color\"><\/div><\/div><div class=\"n2-ss-slide-background\" data-public-id=\"4\" data-mode=\"fill\"><div class=\"n2-ss-slide-background-image\" data-blur=\"0\" data-opacity=\"100\" data-x=\"50\" data-y=\"50\" data-alt=\"\" data-title=\"\"><picture class=\"skip-lazy\" data-skip-lazy=\"1\"><img decoding=\"async\" src=\"\/\/pre-saint-nom.org\/wordpress\/wp-content\/uploads\/2024\/09\/DSC_1010-1.jpeg\" alt=\"\" title=\"\" loading=\"lazy\" class=\"skip-lazy\" data-skip-lazy=\"1\"><\/picture><\/div><div data-color=\"RGBA(255,255,255,0)\" style=\"background-color: RGBA(255,255,255,0);\" class=\"n2-ss-slide-background-color\"><\/div><\/div><div class=\"n2-ss-slide-background\" data-public-id=\"5\" data-mode=\"fill\"><div class=\"n2-ss-slide-background-image\" data-blur=\"0\" data-opacity=\"100\" data-x=\"50\" data-y=\"50\" data-alt=\"\" data-title=\"\"><picture class=\"skip-lazy\" data-skip-lazy=\"1\"><img decoding=\"async\" src=\"\/\/pre-saint-nom.org\/wordpress\/wp-content\/uploads\/2024\/09\/DSC_1002.jpeg\" alt=\"\" title=\"\" loading=\"lazy\" class=\"skip-lazy\" data-skip-lazy=\"1\"><\/picture><\/div><div data-color=\"RGBA(255,255,255,0)\" style=\"background-color: RGBA(255,255,255,0);\" class=\"n2-ss-slide-background-color\"><\/div><\/div><div class=\"n2-ss-slide-background\" data-public-id=\"6\" data-mode=\"fill\"><div class=\"n2-ss-slide-background-image\" data-blur=\"0\" data-opacity=\"100\" data-x=\"50\" data-y=\"50\" data-alt=\"\" data-title=\"\"><picture class=\"skip-lazy\" data-skip-lazy=\"1\"><img decoding=\"async\" src=\"\/\/pre-saint-nom.org\/wordpress\/wp-content\/uploads\/2024\/11\/DSC_1027.jpeg\" alt=\"\" title=\"\" loading=\"lazy\" class=\"skip-lazy\" data-skip-lazy=\"1\"><\/picture><\/div><div data-color=\"RGBA(255,255,255,0)\" style=\"background-color: RGBA(255,255,255,0);\" class=\"n2-ss-slide-background-color\"><\/div><\/div><\/div>                    <div class=\"n2-ss-slider-4 n2-ow\">\n                        <svg xmlns=\"http:\/\/www.w3.org\/2000\/svg\" viewBox=\"0 0 1200 400\" data-related-device=\"desktopPortrait\" class=\"n2-ow n2-ss-preserve-size n2-ss-preserve-size--slider n2-ss-slide-limiter\"><\/svg><div data-first=\"1\" data-slide-duration=\"0\" data-id=\"4\" data-slide-public-id=\"1\" data-title=\"pexels-miki-czetti-111963\" class=\"n2-ss-slide n2-ow  n2-ss-slide-4\"><div role=\"note\" class=\"n2-ss-slide--focus\" tabindex=\"-1\">pexels-miki-czetti-111963<\/div><div class=\"n2-ss-layers-container n2-ss-slide-limiter n2-ow\"><div class=\"n2-ss-layer n2-ow n-uc-muqK3ghlhu3C\" data-sstype=\"slide\" data-pm=\"default\"><\/div><\/div><\/div><div data-slide-duration=\"0\" data-id=\"12\" data-slide-public-id=\"2\" data-title=\"DSC_1018 (1)\" class=\"n2-ss-slide n2-ow  n2-ss-slide-12\"><div role=\"note\" class=\"n2-ss-slide--focus\" tabindex=\"-1\">DSC_1018 (1)<\/div><div class=\"n2-ss-layers-container n2-ss-slide-limiter n2-ow\"><div class=\"n2-ss-layer n2-ow n-uc-jfIMnpdlbzmi\" data-sstype=\"slide\" data-pm=\"default\"><\/div><\/div><\/div><div data-slide-duration=\"0\" data-id=\"13\" data-slide-public-id=\"3\" data-title=\"DSC_1013 (1)\" class=\"n2-ss-slide n2-ow  n2-ss-slide-13\"><div role=\"note\" class=\"n2-ss-slide--focus\" tabindex=\"-1\">DSC_1013 (1)<\/div><div class=\"n2-ss-layers-container n2-ss-slide-limiter n2-ow\"><div class=\"n2-ss-layer n2-ow n-uc-ejACTXWYuOuV\" data-sstype=\"slide\" data-pm=\"default\"><\/div><\/div><\/div><div data-slide-duration=\"0\" data-id=\"14\" data-slide-public-id=\"4\" data-title=\"DSC_1010\" class=\"n2-ss-slide n2-ow  n2-ss-slide-14\"><div role=\"note\" class=\"n2-ss-slide--focus\" tabindex=\"-1\">DSC_1010<\/div><div class=\"n2-ss-layers-container n2-ss-slide-limiter n2-ow\"><div class=\"n2-ss-layer n2-ow n-uc-7SJ5w0Y8oU3o\" data-sstype=\"slide\" data-pm=\"default\"><\/div><\/div><\/div><div data-slide-duration=\"0\" data-id=\"15\" data-slide-public-id=\"5\" data-title=\"DSC_1002\" class=\"n2-ss-slide n2-ow  n2-ss-slide-15\"><div role=\"note\" class=\"n2-ss-slide--focus\" tabindex=\"-1\">DSC_1002<\/div><div class=\"n2-ss-layers-container n2-ss-slide-limiter n2-ow\"><div class=\"n2-ss-layer n2-ow n-uc-QCOKHsSWyZGY\" data-sstype=\"slide\" data-pm=\"default\"><\/div><\/div><\/div><div data-slide-duration=\"0\" data-id=\"17\" data-slide-public-id=\"6\" data-title=\"DSC_1027\" class=\"n2-ss-slide n2-ow  n2-ss-slide-17\"><div role=\"note\" class=\"n2-ss-slide--focus\" tabindex=\"-1\">DSC_1027<\/div><div class=\"n2-ss-layers-container n2-ss-slide-limiter n2-ow\"><div class=\"n2-ss-layer n2-ow n-uc-cwDbvnP3eWz4\" data-sstype=\"slide\" data-pm=\"default\"><\/div><\/div><\/div>                    <\/div>\n\n                                    <\/div>\n            <\/div>\n        <\/div>\n        <div class=\"n2-ss-slider-controls n2-ss-slider-controls-absolute-center-bottom\"><div style=\"--widget-offset:30px;text-align: center;width:100%;\" class=\"n2-ss-widget nextend-bar nextend-bar-horizontal n2-ss-widget-hidden n2-ow-all\"><div class=\"n2-style-3745c27e4cee514fb93ac00b0ec9858c-simple \" style=\"display: inline-block;\"><span class=\"n2-font-030314930993fbe6df1ea1b668bdcdad-simple \">&nbsp;<\/span><\/div><\/div><div style=\"--widget-offset:5px;\" class=\"n2-ss-widget n2-ss-widget-display-hover n2-ss-control-bullet n2-ow-all n2-ss-control-bullet-horizontal\"><div class=\" nextend-bullet-bar n2-bar-justify-content-center\"><div class=\"n2-bullet n2-style-37b83350d88fb82e7ea26e8ad7887167-dot \" style=\"visibility:hidden;\"><\/div><\/div><\/div><\/div><\/div><\/div><ss3-loader><\/ss3-loader><\/div><\/div><div class=\"n2_clear\"><\/div><\/div><\/ss3-force-full-width><\/div>\n\n\n<div class=\"wp-block-group left-container\"><div class=\"wp-block-group__inner-container is-layout-constrained wp-block-group-is-layout-constrained\">\n<h2 class=\"wp-block-heading welcome\">Les travaux r\u00e9alis\u00e9s \u00e0 Pr\u00e9 Saint Nom<\/h2>\n<\/div><\/div>\n<\/div><\/div>\n\n\n\n<div class=\"wp-block-group content-section-vertical is-vertical is-layout-flex wp-container-core-group-is-layout-8cf370e7 wp-block-group-is-layout-flex\">\n<figure class=\"wp-block-table is-style-regular\"><table><tbody><tr><td rowspan=\"5\"><strong>2024<\/strong><\/td><td>R\u00e9novation programmation site Internet<\/td><td>3.900 Euros<\/td><\/tr><tr><td>D\u00e9sherbage trottoirs et caniveaux<\/td><td>2.496 Euros<\/td><\/tr><tr><td>Elimination nids de chenilles processionnaires<\/td><td>1.000 Euros<\/td><\/tr><tr><td>Abattage arbres morts et \u00e9lagage<\/td><td>1.300 Euros<\/td><\/tr><tr><td>Enrob\u00e9s all\u00e9es Bouleaux et Saules + qq bordures trottoirs<\/td><td>84.160 Euros<\/td><\/tr><tr><td><strong>2023<\/strong><\/td><td>Pontage fissures sur 50 % de la voirie<\/td><td>3.438 Euros<\/td><\/tr><tr><td rowspan=\"3\"><strong>2022<\/strong><\/td><td>Espaces verts : abattage d&rsquo;arbres morts<\/td><td>2.526 Euros<\/td><\/tr><tr><td>Enrob\u00e9s squares Ch\u00e2taigneraie et Eglantines + qq bordures trottoirs<\/td><td>60.930 Euros<\/td><\/tr><tr><td>Pontage fissures sur 50 % de la voirie<\/td><td>3.167 Euros<\/td><\/tr><tr><td><strong>2021<\/strong><\/td><td>Espaces verts : \u00e9lagage d&rsquo;arbres et abattage d&rsquo;arbres morts<\/td><td>3.768 Euros<\/td><\/tr><tr><td rowspan=\"3\"><strong>2020<\/strong><\/td><td>Espaces verts : abattage d&rsquo;arbres morts<\/td><td>2.916 Euros<\/td><\/tr><tr><td>Eclairage public : fin de la remise \u00e0 neuf de f\u00fbts de lampadaires<\/td><td>16.314 Euros<\/td><\/tr><tr><td>Pontage fissures sur 50 % de la voirie + r\u00e9fection marquage au sol<\/td><td>3.993 Euros<\/td><\/tr><tr><td rowspan=\"4\"><strong>2019<\/strong><\/td><td>R\u00e9novation voirie<\/td><td>55.601 Euros<\/td><\/tr><tr><td>R\u00e9novation panneaux de signalisation<\/td><td>3.976 Euros<\/td><\/tr><tr><td>Eclairage public : remise \u00e0 neuf de f\u00fbts de lampadaires<\/td><td>15.981 Euros<\/td><\/tr><tr><td>Espaces verts : \u00e9lagage et replantations<\/td><td>5.951 Euros<\/td><\/tr><tr><td><strong>2018<\/strong><\/td><td>Eclairage public : suite lampadaires<\/td><td>27.000 Euros<\/td><\/tr><tr><td rowspan=\"2\"><strong>2017<\/strong><\/td><td>Installation de 3 cam\u00e9ras de vid\u00e9o-protection<\/td><td>29.000 Euros<\/td><\/tr><tr><td>Eclairage public : remise \u00e0 neuf de f\u00fbts de lampadaires<\/td><td>14.000 Euros<\/td><\/tr><tr><td rowspan=\"2\"><strong>2016<\/strong><\/td><td>Eclairage public : passage aux lampes LED<\/td><td>850 Euros<\/td><\/tr><tr><td>Pontage fissures sur 60 % de la voirie<\/td><td>4.000 Euros<\/td><\/tr><tr><td><strong>2015<\/strong><\/td><td>R\u00e9fection chauss\u00e9e : All\u00e9e For\u00eat de Marly (2 tron\u00e7ons) + All\u00e9e des Soleils<\/td><td>33.200 Euros<\/td><\/tr><tr><td><strong>2014<\/strong><\/td><td>Pontage fissures sur voirie<\/td><td>2849 Euros<\/td><\/tr><tr><td rowspan=\"2\"><strong>2012<\/strong><\/td><td>R\u00e9fection chauss\u00e9e : entr\u00e9e principale + Bouleaux\/&gt; All\u00e9e For\u00eat de Marly + entr\u00e9e Roseaux<\/td><td>22.000 Euros<\/td><\/tr><tr><td>Bacs \u00e0 sable pour les jours de verglas<\/td><td>500 Euros + b\u00e9n\u00e9voles<\/td><\/tr><tr><td rowspan=\"2\"><strong>2011<\/strong><\/td><td>Modification alimentation \u00e9lectrique 10 lampadaires<\/td><td>3.000 Euros<\/td><\/tr><tr><td>Bouchage de fissures sur voirie<\/td><td>2.500 Euros<\/td><\/tr><tr><td><strong>2010<\/strong><\/td><td>Peinture des 95 lampadaires<\/td><td>5.000 Euros<\/td><\/tr><tr><td><strong>2009<\/strong><\/td><td>Remplacement des lettres endommag\u00e9es entr\u00e9e principale PSN<\/td><td>500 Euros + b\u00e9n\u00e9voles<\/td><\/tr><tr><td rowspan=\"2\"><strong>2008<\/strong><\/td><td>Nettoyage et protection lanternes des lampadaires<\/td><td>1.800 Euros<\/td><\/tr><tr><td>Bouchage de fissures sur voirie<\/td><td>1.950 Euros<\/td><\/tr><tr><td><strong>2006<\/strong><\/td><td>Marquage au sol chauss\u00e9es<\/td><td>2.500 Euros<\/td><\/tr><tr><td rowspan=\"3\"><strong>2005<\/strong><\/td><td>Peinture chalet TV<\/td><td>500 Euros<\/td><\/tr><tr><td>Cha\u00eenes parking et all\u00e9e des Lilas<\/td><td>2.000 Euros<\/td><\/tr><tr><td>Bouchage de fissures sur voirie<\/td><td>1.600 Euros<\/td><\/tr><tr><td rowspan=\"4\"><strong>2004<\/strong><\/td><td>R\u00e9fection de certaines bordures de trottoir<\/td><td>2.500 Euros<\/td><\/tr><tr><td>Peinture barri\u00e8res b\u00e9ton entr\u00e9e principale PSN<\/td><td>500 Euros<\/td><\/tr><tr><td>Goudronnage sente Guitel Millepertuis<\/td><td>4.500 Euros<\/td><\/tr><tr><td>Pavage square de la Ch\u00e2taigneraie<\/td><td>6.000 Euros<\/td><\/tr><tr><td rowspan=\"2\"><strong>2003<\/strong><\/td><td>Peinture du portillon Millepertuis Platanes<\/td><td>400 Euros<\/td><\/tr><tr><td>Cr\u00e9ation du fichier Artisans<\/td><td>B\u00e9n\u00e9voles<\/td><\/tr><tr><td rowspan=\"2\"><strong>2002<\/strong><\/td><td>Avaloir square des Belles Feuilles<\/td><td>1.000 Euros<\/td><\/tr><tr><td>Cr\u00e9ation du site Internet PSN<\/td><td>B\u00e9n\u00e9voles<\/td><\/tr><tr><td rowspan=\"4\"><strong>2001<\/strong><\/td><td>S\u00e9paration alimentation \u00e9lectrique \u00e9clairage public et TV<\/td><td>1.200 Euros<\/td><\/tr><tr><td>Remplacement partiel grillage all\u00e9e des platanes<\/td><td>1.100 Euros<\/td><\/tr><tr><td>Entretien trappes compteurs d&rsquo;eau PSN (peinture + cadenas)<\/td><td>400 Euros<\/td><\/tr><tr><td>Peinture des 95 lampadaires<\/td><td>7.000 Euros<\/td><\/tr><tr><td><strong>2000<\/strong><\/td><td>D\u00e9g\u00e2ts suite temp\u00eate 26 d\u00e9cembre 1999<\/td><td>9.000 F<\/td><\/tr><tr><td rowspan=\"4\"><strong>1999<\/strong><\/td><td>Pavage square des Eglantines<\/td><td>36.000 F<\/td><\/tr><tr><td>Maintenance et modernisation r\u00e9seau TV<\/td><td>211.000 F<\/td><\/tr><tr><td>Construction chalet antenne TV + peinture<\/td><td>22.000 F<\/td><\/tr><tr><td>Arrachage haie espace vert square des Tilleuls<\/td><td>4.000 F<\/td><\/tr><tr><td rowspan=\"3\"><strong>1998<\/strong><\/td><td>Panneaux de signalisation \u00ab\u00a0r\u00e9sidence sous surveillance\u00a0\u00bb<\/td><td>11.200 F<\/td><\/tr><tr><td>Plantation haie de lauriers \u00e0 l&rsquo;entr\u00e9e principale et remplacement haie thuyas antennes TV<\/td><td>19.000 F<\/td><\/tr><tr><td>Installation portillon automatique entre Millepertuis et Platanes<\/td><td>16.000 F<\/td><\/tr><tr><td rowspan=\"2\"><strong>1997<\/strong><\/td><td>Haie sente entre all\u00e9e des Lilas et avenue des Platanes<\/td><td>18.500 F<\/td><\/tr><tr><td>Passage au num\u00e9rique des cha\u00eenes satellites<\/td><td>70.000 F<\/td><\/tr><tr><td rowspan=\"2\"><strong>1996<\/strong><\/td><td>Peinture des lampadaires et protection par bo\u00eetes plastiques des fusibles<\/td><td>50.000 F<\/td><\/tr><tr><td>Plantation nouveaux arbres sur espaces communs<\/td><td>75.000 F<\/td><\/tr><tr><td><strong>1995<\/strong><\/td><td>Barri\u00e8res b\u00e9ton blanches entr\u00e9e principale<\/td><td>20.000 F<\/td><\/tr><tr><td><strong>1994<\/strong><\/td><td>Am\u00e9nagement entr\u00e9e principale<\/td><td>40.000 F<\/td><\/tr><tr><td rowspan=\"2\"><strong>1992<\/strong><\/td><td>Panneaux de signalisation all\u00e9es et squares<\/td><td>150.000 F<\/td><\/tr><tr><td>Nouvel \u00e9clairage avec mise en place de 95 lampadaires en fonte, soit au total 108 ampoules<\/td><td>600.000 F<\/td><\/tr><tr><td rowspan=\"3\"><strong>1991<\/strong><\/td><td>Plantation nouveaux arbres sur espaces communs<\/td><td>80.000 F<\/td><\/tr><tr><td>R\u00e9fection signal\u00e9tique des voies<\/td><td>150.000 F<\/td><\/tr><tr><td>R\u00e9fection totale chauss\u00e9e et trottoirs avec \u00e9croutage voirie ancienne et nouveau bitume<\/td><td>1.450.000 F<\/td><\/tr><tr><td><strong>1990<\/strong><\/td><td>Fermeture 1 entr\u00e9e parking principal<\/td><td>3.000 F<\/td><\/tr><tr><td><strong>1986<\/strong><\/td><td>Cr\u00e9ation buttes anti-bruit entre PSN et CD98<\/td><td>pay\u00e9 par la DDE<\/td><\/tr><tr><td><strong>1982<\/strong><\/td><td>Sente gravier entre rue Guitel et All\u00e9e des Millepertuis<\/td><td>5.500 F<\/td><\/tr><\/tbody><\/table><\/figure>\n<\/div>\n<\/div><\/div>\n","protected":false},"excerpt":{"rendered":"<p>Les travaux r\u00e9alis\u00e9s \u00e0 Pr\u00e9 Saint Nom 2024 R\u00e9novation programmation site Internet 3.900 Euros D\u00e9sherbage trottoirs et caniveaux 2.496 Euros Elimination nids de chenilles processionnaires 1.000 Euros Abattage arbres morts et \u00e9lagage 1.300 Euros Enrob\u00e9s all\u00e9es Bouleaux et Saules + qq bordures trottoirs 84.160 Euros 2023 Pontage fissures sur 50 % de la voirie 3.438 [&hellip;]<\/p>\n","protected":false},"author":3,"featured_media":0,"parent":0,"menu_order":0,"comment_status":"closed","ping_status":"closed","template":"","meta":{"footnotes":""},"class_list":["post-113","page","type-page","status-publish","hentry"],"_links":{"self":[{"href":"https:\/\/pre-saint-nom.org\/wordpress\/index.php\/wp-json\/wp\/v2\/pages\/113","targetHints":{"allow":["GET"]}}],"collection":[{"href":"https:\/\/pre-saint-nom.org\/wordpress\/index.php\/wp-json\/wp\/v2\/pages"}],"about":[{"href":"https:\/\/pre-saint-nom.org\/wordpress\/index.php\/wp-json\/wp\/v2\/types\/page"}],"author":[{"embeddable":true,"href":"https:\/\/pre-saint-nom.org\/wordpress\/index.php\/wp-json\/wp\/v2\/users\/3"}],"replies":[{"embeddable":true,"href":"https:\/\/pre-saint-nom.org\/wordpress\/index.php\/wp-json\/wp\/v2\/comments?post=113"}],"version-history":[{"count":7,"href":"https:\/\/pre-saint-nom.org\/wordpress\/index.php\/wp-json\/wp\/v2\/pages\/113\/revisions"}],"predecessor-version":[{"id":871,"href":"https:\/\/pre-saint-nom.org\/wordpress\/index.php\/wp-json\/wp\/v2\/pages\/113\/revisions\/871"}],"wp:attachment":[{"href":"https:\/\/pre-saint-nom.org\/wordpress\/index.php\/wp-json\/wp\/v2\/media?parent=113"}],"curies":[{"name":"wp","href":"https:\/\/api.w.org\/{rel}","templated":true}]}}