{"id":14,"date":"2024-01-05T05:42:28","date_gmt":"2024-01-05T04:42:28","guid":{"rendered":"https:\/\/pre-saint-nom.org\/wordpress\/?page_id=14"},"modified":"2024-09-17T13:31:33","modified_gmt":"2024-09-17T11:31:33","slug":"residence","status":"publish","type":"page","link":"https:\/\/pre-saint-nom.org\/wordpress\/index.php\/residence\/","title":{"rendered":"R\u00e9sidence"},"content":{"rendered":"\n<div class=\"wp-block-group\"><div class=\"wp-block-group__inner-container is-layout-constrained wp-block-group-is-layout-constrained\">\n<div class=\"wp-block-group diaporama-container\"><div class=\"wp-block-group__inner-container is-layout-constrained wp-block-group-is-layout-constrained\"><div class=\"n2_clear\"><ss3-force-full-width data-overflow-x=\"body\" data-horizontal-selector=\"body\"><div class=\"n2-section-smartslider fitvidsignore  n2_clear\" data-ssid=\"1\" tabindex=\"0\" role=\"region\" aria-label=\"Slider\"><div id=\"n2-ss-1-align\" class=\"n2-ss-align\"><div class=\"n2-padding\"><div id=\"n2-ss-1\" data-creator=\"Smart Slider 3\" data-responsive=\"fullwidth\" class=\"n2-ss-slider n2-ow n2-has-hover n2notransition  \">\n\n\n\n\n\n\n\n\n\n\n\n\n\n\n\n\n\n<div class=\"n2-ss-slider-wrapper-inside\">\n        <div class=\"n2-ss-slider-1 n2_ss__touch_element n2-ow\">\n            <div class=\"n2-ss-slider-2 n2-ow\">\n                                                <div class=\"n2-ss-slider-3 n2-ow\">\n\n                    <div class=\"n2-ss-slide-backgrounds n2-ow-all\"><div class=\"n2-ss-slide-background\" data-public-id=\"1\" data-mode=\"fill\"><div class=\"n2-ss-slide-background-image\" data-blur=\"0\" data-opacity=\"100\" data-x=\"50\" data-y=\"50\" data-alt=\"\" data-title=\"\"><picture class=\"skip-lazy\" data-skip-lazy=\"1\"><img decoding=\"async\" src=\"\/\/pre-saint-nom.org\/wordpress\/wp-content\/uploads\/2024\/01\/pexels-miki-czetti-111963-scaled.jpg\" alt=\"\" title=\"\" loading=\"lazy\" class=\"skip-lazy\" data-skip-lazy=\"1\"><\/picture><\/div><div data-color=\"RGBA(255,255,255,0)\" style=\"background-color: RGBA(255,255,255,0);\" class=\"n2-ss-slide-background-color\"><\/div><\/div><div class=\"n2-ss-slide-background\" data-public-id=\"2\" data-mode=\"fill\"><div class=\"n2-ss-slide-background-image\" data-blur=\"0\" data-opacity=\"100\" data-x=\"50\" data-y=\"50\" data-alt=\"\" data-title=\"\"><picture class=\"skip-lazy\" data-skip-lazy=\"1\"><img decoding=\"async\" src=\"\/\/pre-saint-nom.org\/wordpress\/wp-content\/uploads\/2024\/09\/DSC_1018-1.jpeg\" alt=\"\" title=\"\" loading=\"lazy\" class=\"skip-lazy\" data-skip-lazy=\"1\"><\/picture><\/div><div data-color=\"RGBA(255,255,255,0)\" style=\"background-color: RGBA(255,255,255,0);\" class=\"n2-ss-slide-background-color\"><\/div><\/div><div class=\"n2-ss-slide-background\" data-public-id=\"3\" data-mode=\"fill\"><div class=\"n2-ss-slide-background-image\" data-blur=\"0\" data-opacity=\"100\" data-x=\"50\" data-y=\"50\" data-alt=\"\" data-title=\"\"><picture class=\"skip-lazy\" data-skip-lazy=\"1\"><img decoding=\"async\" src=\"\/\/pre-saint-nom.org\/wordpress\/wp-content\/uploads\/2024\/09\/DSC_1013-1.jpeg\" alt=\"\" title=\"\" loading=\"lazy\" class=\"skip-lazy\" data-skip-lazy=\"1\"><\/picture><\/div><div data-color=\"RGBA(255,255,255,0)\" style=\"background-color: RGBA(255,255,255,0);\" class=\"n2-ss-slide-background-color\"><\/div><\/div><div class=\"n2-ss-slide-background\" data-public-id=\"4\" data-mode=\"fill\"><div class=\"n2-ss-slide-background-image\" data-blur=\"0\" data-opacity=\"100\" data-x=\"50\" data-y=\"50\" data-alt=\"\" data-title=\"\"><picture class=\"skip-lazy\" data-skip-lazy=\"1\"><img decoding=\"async\" src=\"\/\/pre-saint-nom.org\/wordpress\/wp-content\/uploads\/2024\/09\/DSC_1010-1.jpeg\" alt=\"\" title=\"\" loading=\"lazy\" class=\"skip-lazy\" data-skip-lazy=\"1\"><\/picture><\/div><div data-color=\"RGBA(255,255,255,0)\" style=\"background-color: RGBA(255,255,255,0);\" class=\"n2-ss-slide-background-color\"><\/div><\/div><div class=\"n2-ss-slide-background\" data-public-id=\"5\" data-mode=\"fill\"><div class=\"n2-ss-slide-background-image\" data-blur=\"0\" data-opacity=\"100\" data-x=\"50\" data-y=\"50\" data-alt=\"\" data-title=\"\"><picture class=\"skip-lazy\" data-skip-lazy=\"1\"><img decoding=\"async\" src=\"\/\/pre-saint-nom.org\/wordpress\/wp-content\/uploads\/2024\/09\/DSC_1002.jpeg\" alt=\"\" title=\"\" loading=\"lazy\" class=\"skip-lazy\" data-skip-lazy=\"1\"><\/picture><\/div><div data-color=\"RGBA(255,255,255,0)\" style=\"background-color: RGBA(255,255,255,0);\" class=\"n2-ss-slide-background-color\"><\/div><\/div><div class=\"n2-ss-slide-background\" data-public-id=\"6\" data-mode=\"fill\"><div class=\"n2-ss-slide-background-image\" data-blur=\"0\" data-opacity=\"100\" data-x=\"50\" data-y=\"50\" data-alt=\"\" data-title=\"\"><picture class=\"skip-lazy\" data-skip-lazy=\"1\"><img decoding=\"async\" src=\"\/\/pre-saint-nom.org\/wordpress\/wp-content\/uploads\/2024\/11\/DSC_1027.jpeg\" alt=\"\" title=\"\" loading=\"lazy\" class=\"skip-lazy\" data-skip-lazy=\"1\"><\/picture><\/div><div data-color=\"RGBA(255,255,255,0)\" style=\"background-color: RGBA(255,255,255,0);\" class=\"n2-ss-slide-background-color\"><\/div><\/div><\/div>                    <div class=\"n2-ss-slider-4 n2-ow\">\n                        <svg xmlns=\"http:\/\/www.w3.org\/2000\/svg\" viewBox=\"0 0 1200 400\" data-related-device=\"desktopPortrait\" class=\"n2-ow n2-ss-preserve-size n2-ss-preserve-size--slider n2-ss-slide-limiter\"><\/svg><div data-first=\"1\" data-slide-duration=\"0\" data-id=\"4\" data-slide-public-id=\"1\" data-title=\"pexels-miki-czetti-111963\" class=\"n2-ss-slide n2-ow  n2-ss-slide-4\"><div role=\"note\" class=\"n2-ss-slide--focus\" tabindex=\"-1\">pexels-miki-czetti-111963<\/div><div class=\"n2-ss-layers-container n2-ss-slide-limiter n2-ow\"><div class=\"n2-ss-layer n2-ow n-uc-muqK3ghlhu3C\" data-sstype=\"slide\" data-pm=\"default\"><\/div><\/div><\/div><div data-slide-duration=\"0\" data-id=\"12\" data-slide-public-id=\"2\" data-title=\"DSC_1018 (1)\" class=\"n2-ss-slide n2-ow  n2-ss-slide-12\"><div role=\"note\" class=\"n2-ss-slide--focus\" tabindex=\"-1\">DSC_1018 (1)<\/div><div class=\"n2-ss-layers-container n2-ss-slide-limiter n2-ow\"><div class=\"n2-ss-layer n2-ow n-uc-jfIMnpdlbzmi\" data-sstype=\"slide\" data-pm=\"default\"><\/div><\/div><\/div><div data-slide-duration=\"0\" data-id=\"13\" data-slide-public-id=\"3\" data-title=\"DSC_1013 (1)\" class=\"n2-ss-slide n2-ow  n2-ss-slide-13\"><div role=\"note\" class=\"n2-ss-slide--focus\" tabindex=\"-1\">DSC_1013 (1)<\/div><div class=\"n2-ss-layers-container n2-ss-slide-limiter n2-ow\"><div class=\"n2-ss-layer n2-ow n-uc-ejACTXWYuOuV\" data-sstype=\"slide\" data-pm=\"default\"><\/div><\/div><\/div><div data-slide-duration=\"0\" data-id=\"14\" data-slide-public-id=\"4\" data-title=\"DSC_1010\" class=\"n2-ss-slide n2-ow  n2-ss-slide-14\"><div role=\"note\" class=\"n2-ss-slide--focus\" tabindex=\"-1\">DSC_1010<\/div><div class=\"n2-ss-layers-container n2-ss-slide-limiter n2-ow\"><div class=\"n2-ss-layer n2-ow n-uc-7SJ5w0Y8oU3o\" data-sstype=\"slide\" data-pm=\"default\"><\/div><\/div><\/div><div data-slide-duration=\"0\" data-id=\"15\" data-slide-public-id=\"5\" data-title=\"DSC_1002\" class=\"n2-ss-slide n2-ow  n2-ss-slide-15\"><div role=\"note\" class=\"n2-ss-slide--focus\" tabindex=\"-1\">DSC_1002<\/div><div class=\"n2-ss-layers-container n2-ss-slide-limiter n2-ow\"><div class=\"n2-ss-layer n2-ow n-uc-QCOKHsSWyZGY\" data-sstype=\"slide\" data-pm=\"default\"><\/div><\/div><\/div><div data-slide-duration=\"0\" data-id=\"17\" data-slide-public-id=\"6\" data-title=\"DSC_1027\" class=\"n2-ss-slide n2-ow  n2-ss-slide-17\"><div role=\"note\" class=\"n2-ss-slide--focus\" tabindex=\"-1\">DSC_1027<\/div><div class=\"n2-ss-layers-container n2-ss-slide-limiter n2-ow\"><div class=\"n2-ss-layer n2-ow n-uc-cwDbvnP3eWz4\" data-sstype=\"slide\" data-pm=\"default\"><\/div><\/div><\/div>                    <\/div>\n\n                                    <\/div>\n            <\/div>\n        <\/div>\n        <div class=\"n2-ss-slider-controls n2-ss-slider-controls-absolute-center-bottom\"><div style=\"--widget-offset:30px;text-align: center;width:100%;\" class=\"n2-ss-widget nextend-bar nextend-bar-horizontal n2-ss-widget-hidden n2-ow-all\"><div class=\"n2-style-3745c27e4cee514fb93ac00b0ec9858c-simple \" style=\"display: inline-block;\"><span class=\"n2-font-030314930993fbe6df1ea1b668bdcdad-simple \">&nbsp;<\/span><\/div><\/div><div style=\"--widget-offset:5px;\" class=\"n2-ss-widget n2-ss-widget-display-hover n2-ss-control-bullet n2-ow-all n2-ss-control-bullet-horizontal\"><div class=\" nextend-bullet-bar n2-bar-justify-content-center\"><div class=\"n2-bullet n2-style-37b83350d88fb82e7ea26e8ad7887167-dot \" style=\"visibility:hidden;\"><\/div><\/div><\/div><\/div><\/div><\/div><ss3-loader><\/ss3-loader><\/div><\/div><div class=\"n2_clear\"><\/div><\/div><\/ss3-force-full-width><\/div>\n\n\n<div class=\"wp-block-group left-container\"><div class=\"wp-block-group__inner-container is-layout-constrained wp-block-group-is-layout-constrained\">\n<h2 class=\"wp-block-heading welcome\">La r\u00e9sidence de Pr\u00e9&nbsp;Saint&nbsp;Nom<\/h2>\n<\/div><\/div>\n<\/div><\/div>\n\n\n\n<div class=\"wp-block-group content-section-vertical reveal is-vertical is-layout-flex wp-container-core-group-is-layout-8cf370e7 wp-block-group-is-layout-flex\">\n<h2 class=\"wp-block-heading\">1 &#8211; L&rsquo;histoire de la r\u00e9sidence<\/h2>\n\n\n\n<div class=\"wp-block-group section-text is-vertical is-layout-flex wp-container-core-group-is-layout-8cf370e7 wp-block-group-is-layout-flex\">\n<p>Cette R\u00e9sidence a \u00e9t\u00e9 construite par KAUFMAN&amp; BROAD dans les ann\u00e9es 1973 \u2013 1974 pour les 4 premi\u00e8res tranches et en 1977 \u2013 1978 pour la derni\u00e8re tranche.<\/p>\n\n\n\n<p>Elle a \u00e9t\u00e9 \u00e9quip\u00e9e d\u2019un r\u00e9seau c\u00e2bl\u00e9 de T\u00e9l\u00e9vision d\u00e8s l\u2019origine et au milieu des ann\u00e9es 80 , des paraboles ont \u00e9t\u00e9 install\u00e9es sur un terrain lui appartenant et lui permettant de recevoir des cha\u00eenes de t\u00e9l\u00e9vision suppl\u00e9mentaires.<\/p>\n<\/div>\n\n\n\n<div class=\"wp-block-group is-vertical is-layout-flex wp-container-core-group-is-layout-8cf370e7 wp-block-group-is-layout-flex\">\n<p>Une r\u00e9novation importante a \u00e9t\u00e9 faite au cours des ann\u00e9es 1992-1993 qui a consist\u00e9 essentiellement en :<\/p>\n\n\n\n<ul class=\"wp-block-list\">\n<li>changement de la couche de bitume des routes et trottoirs. (5 km en tout)<\/li>\n\n\n\n<li>remplacement des lampadaires et doublement de leur nombre (95 au total)<\/li>\n\n\n\n<li>mise en place d\u2019une signalisation avec des plaques de rues et des plans.<\/li>\n\n\n\n<li>remplacement du c\u00e2blage de la t\u00e9l\u00e9vision (80 bornes au total).<\/li>\n<\/ul>\n\n\n\n<p>Vous pouvez consulter l&rsquo;ensemble des travaux r\u00e9alis\u00e9s dans PSN sur&nbsp;<a href=\"https:\/\/pre-saint-nom.org\/Gestion\/Travaux%20PSN.htm\">\u00ab\u00a0Les travaux faits \u00e0 PSN\u00a0\u00bb<\/a><\/p>\n<\/div>\n<\/div>\n\n\n\n<div class=\"wp-block-group image-section is-nowrap is-layout-flex wp-container-core-group-is-layout-ad2f72ca wp-block-group-is-layout-flex\">\n<figure class=\"wp-block-image size-full is-style-default\"><img loading=\"lazy\" decoding=\"async\" width=\"1900\" height=\"1267\" src=\"https:\/\/pre-saint-nom.org\/wordpress\/wp-content\/uploads\/2024\/09\/DSC_1013-1.jpeg\" alt=\"\" class=\"wp-image-727\" srcset=\"https:\/\/pre-saint-nom.org\/wordpress\/wp-content\/uploads\/2024\/09\/DSC_1013-1.jpeg 1900w, https:\/\/pre-saint-nom.org\/wordpress\/wp-content\/uploads\/2024\/09\/DSC_1013-1-1200x800.jpeg 1200w, https:\/\/pre-saint-nom.org\/wordpress\/wp-content\/uploads\/2024\/09\/DSC_1013-1-768x512.jpeg 768w, https:\/\/pre-saint-nom.org\/wordpress\/wp-content\/uploads\/2024\/09\/DSC_1013-1-1536x1024.jpeg 1536w\" sizes=\"auto, (max-width: 1900px) 100vw, 1900px\" \/><\/figure>\n<\/div>\n\n\n\n<div class=\"wp-block-group text-image-section is-horizontal is-content-justification-left is-nowrap is-layout-flex wp-container-core-group-is-layout-af3ec496 wp-block-group-is-layout-flex\">\n<div class=\"wp-block-group text-section is-vertical is-layout-flex wp-container-core-group-is-layout-8cf370e7 wp-block-group-is-layout-flex\">\n<h2 class=\"wp-block-heading\">2 &#8211; Les mod\u00e8les de maisons<\/h2>\n\n\n\n<p class=\"has-text-align-left\">La R\u00e9sidence comprend 204 maisons de 7 mod\u00e8les diff\u00e9rents, qui se r\u00e9partissent de la fa\u00e7on suivante :<\/p>\n\n\n\n<ul class=\"wp-block-list intern-link\">\n<li>47 <a href=\"https:\/\/pre-saint-nom.org\/wordpress\/index.php\/modele-gentiane\/\">Mod\u00e8le GENTIANE<\/a><\/li>\n\n\n\n<li>36 <a href=\"https:\/\/pre-saint-nom.org\/wordpress\/index.php\/modele-forsythia\/\">Mod\u00e8le FORSYTHIA<\/a><\/li>\n\n\n\n<li>58 <a href=\"https:\/\/pre-saint-nom.org\/wordpress\/index.php\/modele-baccara\/\">Mod\u00e8le BACCARA<\/a><\/li>\n\n\n\n<li>39 <a href=\"https:\/\/pre-saint-nom.org\/wordpress\/index.php\/modele-uriella\/\">Mod\u00e8le URIELLA<\/a><\/li>\n\n\n\n<li>9   <a href=\"https:\/\/pre-saint-nom.org\/Residence\/Les_maisons\/Louviere.htm\">Mod\u00e8le <\/a><a href=\"https:\/\/pre-saint-nom.org\/wordpress\/index.php\/modele-louviere\/\">LOUVI\u00c8RE<\/a><\/li>\n\n\n\n<li>9   <a href=\"https:\/\/pre-saint-nom.org\/wordpress\/index.php\/modele-aurelia\/\">Mod\u00e8le AUR\u00c9LIA<\/a><\/li>\n\n\n\n<li>4   <a href=\"https:\/\/pre-saint-nom.org\/wordpress\/index.php\/modele-garlande\/\">Mod\u00e8le GARLANDE<\/a><\/li>\n<\/ul>\n\n\n\n<div class=\"wp-block-group section-text is-nowrap is-layout-flex wp-container-core-group-is-layout-ad2f72ca wp-block-group-is-layout-flex\"><\/div>\n<\/div>\n\n\n\n<figure class=\"wp-block-image size-full is-resized\"><img loading=\"lazy\" decoding=\"async\" width=\"1900\" height=\"1267\" src=\"https:\/\/pre-saint-nom.org\/wordpress\/wp-content\/uploads\/2024\/09\/DSC_1002.jpeg\" alt=\"\" class=\"wp-image-725\" style=\"object-fit:cover;width:600px;height:400px\" srcset=\"https:\/\/pre-saint-nom.org\/wordpress\/wp-content\/uploads\/2024\/09\/DSC_1002.jpeg 1900w, https:\/\/pre-saint-nom.org\/wordpress\/wp-content\/uploads\/2024\/09\/DSC_1002-1200x800.jpeg 1200w, https:\/\/pre-saint-nom.org\/wordpress\/wp-content\/uploads\/2024\/09\/DSC_1002-768x512.jpeg 768w, https:\/\/pre-saint-nom.org\/wordpress\/wp-content\/uploads\/2024\/09\/DSC_1002-1536x1024.jpeg 1536w\" sizes=\"auto, (max-width: 1900px) 100vw, 1900px\" \/><\/figure>\n<\/div>\n\n\n\n<div class=\"wp-block-group reveal\"><div class=\"wp-block-group__inner-container is-layout-constrained wp-block-group-is-layout-constrained\">\n<div class=\"wp-block-group text-image-section is-horizontal is-content-justification-left is-nowrap is-layout-flex wp-container-core-group-is-layout-af3ec496 wp-block-group-is-layout-flex\">\n<div class=\"wp-block-group text-section is-vertical is-layout-flex wp-container-core-group-is-layout-8cf370e7 wp-block-group-is-layout-flex\">\n<h2 class=\"wp-block-heading\">3 &#8211; Les espaces verts<\/h2>\n\n\n\n<div class=\"wp-block-group section-text is-nowrap is-layout-flex wp-container-core-group-is-layout-ad2f72ca wp-block-group-is-layout-flex\">\n<p>Toutes les villas sont entour\u00e9es de jardins privatifs qui doivent \u00eatre entretenus par leurs propri\u00e9taires. En plus de ces jardins privatifs, il y a des espaces verts sous forme de pelouses, bosquets, haies, squares qui appartiennent tous \u00e0 la R\u00e9sidence et qui sont entretenus par un prestataire de services, choisi par l\u2019 A.S.L. Pr\u00e9 Saint-Nom. Le budget \u00ab espaces verts \u00bb est d\u2019ailleurs le plus important de toutes les d\u00e9penses engag\u00e9es par la R\u00e9sidence. Le contrat avec ce fournisseur est n\u00e9goci\u00e9 p\u00e9riodiquement, en g\u00e9n\u00e9ral une fois tous les 3 ans.<br><br>La surface totale de ces espaces verts est de 1,7 hectares environ.<br><br>Si vous avez des suggestions ou des commentaires \u00e0 faire, envoyez votre message \u00e0 l&rsquo;adresse suivante :&nbsp;<a href=\"mailto:espacesverts@pre-saint-nom.org\">espacesverts@pre-saint-nom.org<\/a><br><br>Pour en <a href=\"https:\/\/pre-saint-nom.org\/wordpress\/index.php\/espaces-verts\/\" data-type=\"page\" data-id=\"313\">savoir plus<\/a><\/p>\n<\/div>\n<\/div>\n\n\n\n<figure class=\"wp-block-image size-full is-resized\"><img loading=\"lazy\" decoding=\"async\" width=\"1900\" height=\"1267\" src=\"https:\/\/pre-saint-nom.org\/wordpress\/wp-content\/uploads\/2024\/09\/DSC_1019.jpeg\" alt=\"\" class=\"wp-image-752\" style=\"object-fit:cover;width:600px;height:400px\" srcset=\"https:\/\/pre-saint-nom.org\/wordpress\/wp-content\/uploads\/2024\/09\/DSC_1019.jpeg 1900w, https:\/\/pre-saint-nom.org\/wordpress\/wp-content\/uploads\/2024\/09\/DSC_1019-1200x800.jpeg 1200w, https:\/\/pre-saint-nom.org\/wordpress\/wp-content\/uploads\/2024\/09\/DSC_1019-768x512.jpeg 768w, https:\/\/pre-saint-nom.org\/wordpress\/wp-content\/uploads\/2024\/09\/DSC_1019-1536x1024.jpeg 1536w\" sizes=\"auto, (max-width: 1900px) 100vw, 1900px\" \/><\/figure>\n<\/div>\n\n\n\n<div class=\"wp-block-group image-text-section is-horizontal is-content-justification-left is-nowrap is-layout-flex wp-container-core-group-is-layout-af3ec496 wp-block-group-is-layout-flex\">\n<figure class=\"wp-block-image size-medium is-resized\"><img loading=\"lazy\" decoding=\"async\" width=\"1200\" height=\"800\" src=\"https:\/\/pre-saint-nom.org\/wordpress\/wp-content\/uploads\/2024\/09\/DSC_1002-1200x800.jpg\" alt=\"\" class=\"wp-image-691\" style=\"object-fit:cover;width:512px;height:512px\" srcset=\"https:\/\/pre-saint-nom.org\/wordpress\/wp-content\/uploads\/2024\/09\/DSC_1002-1200x800.jpg 1200w, https:\/\/pre-saint-nom.org\/wordpress\/wp-content\/uploads\/2024\/09\/DSC_1002-1920x1280.jpg 1920w, https:\/\/pre-saint-nom.org\/wordpress\/wp-content\/uploads\/2024\/09\/DSC_1002-768x512.jpg 768w, https:\/\/pre-saint-nom.org\/wordpress\/wp-content\/uploads\/2024\/09\/DSC_1002-1536x1024.jpg 1536w, https:\/\/pre-saint-nom.org\/wordpress\/wp-content\/uploads\/2024\/09\/DSC_1002-2048x1365.jpg 2048w\" sizes=\"auto, (max-width: 1200px) 100vw, 1200px\" \/><\/figure>\n\n\n\n<div class=\"wp-block-group text-section is-vertical is-layout-flex wp-container-core-group-is-layout-8cf370e7 wp-block-group-is-layout-flex\">\n<h2 class=\"wp-block-heading\">4 &#8211; Les installations techniques<\/h2>\n\n\n\n<p class=\"has-text-align-left\">La R\u00e9sidence de Pr\u00e9 Saint Nom a diverses installations techniques qui sont essentiellement au nombre de 5 :<br><\/p>\n\n\n\n<ul class=\"wp-block-list\">\n<li><strong>les routes, trottoirs et parkings g\u00e9n\u00e9raux<\/strong>&nbsp;: ce r\u00e9seau est priv\u00e9 et sa longueur est d\u2019environ 5 kilom\u00e8tres.<\/li>\n\n\n\n<li><strong>l\u2019\u00e9clairage public<\/strong>&nbsp;: il a \u00e9t\u00e9 doubl\u00e9 au cours des ann\u00e9es 1992 \u2013 1993. Il comporte 95 lampadaires : 89 ont une seule lanterne et les 6 autres qui se trouvent au centre de chaque square, en ont 3. Au total il y a donc 107 ampoules.<\/li>\n\n\n\n<li><strong>le r\u00e9seau de t\u00e9l\u00e9vision<\/strong>&nbsp;: paraboles \u2013 c\u00e2blage et boites relais.<\/li>\n\n\n\n<li><strong>la signalisation routi\u00e8re<\/strong>&nbsp;: chaque all\u00e9e , chaque square est signal\u00e9 par des plaques et \u00e0 3 entr\u00e9es principales, il y a \u00e9galement des plans de la R\u00e9sidence qui sont \u00e9clair\u00e9s la nuit, chacun par une ampoule, portant le total g\u00e9n\u00e9ral des ampoules \u00e0 110.<\/li>\n\n\n\n<li>un local utilis\u00e9 pour le stockage d\u2019\u00e9l\u00e9ments techniques.<\/li>\n<\/ul>\n\n\n\n<div class=\"wp-block-group section-text is-nowrap is-layout-flex wp-container-core-group-is-layout-ad2f72ca wp-block-group-is-layout-flex\"><\/div>\n<\/div>\n<\/div>\n<\/div><\/div>\n<\/div><\/div>\n\n\n\n<p><\/p>\n","protected":false},"excerpt":{"rendered":"<p>La r\u00e9sidence de Pr\u00e9&nbsp;Saint&nbsp;Nom 1 &#8211; L&rsquo;histoire de la r\u00e9sidence Cette R\u00e9sidence a \u00e9t\u00e9 construite par KAUFMAN&amp; BROAD dans les ann\u00e9es 1973 \u2013 1974 pour les 4 premi\u00e8res tranches et en 1977 \u2013 1978 pour la derni\u00e8re tranche. Elle a \u00e9t\u00e9 \u00e9quip\u00e9e d\u2019un r\u00e9seau c\u00e2bl\u00e9 de T\u00e9l\u00e9vision d\u00e8s l\u2019origine et au milieu des ann\u00e9es 80 [&hellip;]<\/p>\n","protected":false},"author":3,"featured_media":0,"parent":0,"menu_order":0,"comment_status":"closed","ping_status":"closed","template":"","meta":{"footnotes":""},"class_list":["post-14","page","type-page","status-publish","hentry"],"_links":{"self":[{"href":"https:\/\/pre-saint-nom.org\/wordpress\/index.php\/wp-json\/wp\/v2\/pages\/14","targetHints":{"allow":["GET"]}}],"collection":[{"href":"https:\/\/pre-saint-nom.org\/wordpress\/index.php\/wp-json\/wp\/v2\/pages"}],"about":[{"href":"https:\/\/pre-saint-nom.org\/wordpress\/index.php\/wp-json\/wp\/v2\/types\/page"}],"author":[{"embeddable":true,"href":"https:\/\/pre-saint-nom.org\/wordpress\/index.php\/wp-json\/wp\/v2\/users\/3"}],"replies":[{"embeddable":true,"href":"https:\/\/pre-saint-nom.org\/wordpress\/index.php\/wp-json\/wp\/v2\/comments?post=14"}],"version-history":[{"count":80,"href":"https:\/\/pre-saint-nom.org\/wordpress\/index.php\/wp-json\/wp\/v2\/pages\/14\/revisions"}],"predecessor-version":[{"id":753,"href":"https:\/\/pre-saint-nom.org\/wordpress\/index.php\/wp-json\/wp\/v2\/pages\/14\/revisions\/753"}],"wp:attachment":[{"href":"https:\/\/pre-saint-nom.org\/wordpress\/index.php\/wp-json\/wp\/v2\/media?parent=14"}],"curies":[{"name":"wp","href":"https:\/\/api.w.org\/{rel}","templated":true}]}}