{"id":16,"date":"2024-01-05T05:42:43","date_gmt":"2024-01-05T04:42:43","guid":{"rendered":"https:\/\/pre-saint-nom.org\/wordpress\/?page_id=16"},"modified":"2026-04-16T10:38:37","modified_gmt":"2026-04-16T08:38:37","slug":"gestion","status":"publish","type":"page","link":"https:\/\/pre-saint-nom.org\/wordpress\/index.php\/gestion\/","title":{"rendered":"Gestion"},"content":{"rendered":"\n<div class=\"wp-block-group\"><div class=\"wp-block-group__inner-container is-layout-constrained wp-block-group-is-layout-constrained\">\n<div class=\"wp-block-group diaporama-container\"><div class=\"wp-block-group__inner-container is-layout-constrained wp-block-group-is-layout-constrained\"><div class=\"n2_clear\"><ss3-force-full-width data-overflow-x=\"body\" data-horizontal-selector=\"body\"><div class=\"n2-section-smartslider fitvidsignore  n2_clear\" data-ssid=\"1\" tabindex=\"0\" role=\"region\" aria-label=\"Slider\"><div id=\"n2-ss-1-align\" class=\"n2-ss-align\"><div class=\"n2-padding\"><div id=\"n2-ss-1\" data-creator=\"Smart Slider 3\" data-responsive=\"fullwidth\" class=\"n2-ss-slider n2-ow n2-has-hover n2notransition  \">\n\n\n\n\n\n\n\n\n\n\n\n\n\n\n\n\n\n<div class=\"n2-ss-slider-wrapper-inside\">\n        <div class=\"n2-ss-slider-1 n2_ss__touch_element n2-ow\">\n            <div class=\"n2-ss-slider-2 n2-ow\">\n                                                <div class=\"n2-ss-slider-3 n2-ow\">\n\n                    <div class=\"n2-ss-slide-backgrounds n2-ow-all\"><div class=\"n2-ss-slide-background\" data-public-id=\"1\" data-mode=\"fill\"><div class=\"n2-ss-slide-background-image\" data-blur=\"0\" data-opacity=\"100\" data-x=\"50\" data-y=\"50\" data-alt=\"\" data-title=\"\"><picture class=\"skip-lazy\" data-skip-lazy=\"1\"><img decoding=\"async\" src=\"\/\/pre-saint-nom.org\/wordpress\/wp-content\/uploads\/2024\/01\/pexels-miki-czetti-111963-scaled.jpg\" alt=\"\" title=\"\" loading=\"lazy\" class=\"skip-lazy\" data-skip-lazy=\"1\"><\/picture><\/div><div data-color=\"RGBA(255,255,255,0)\" style=\"background-color: RGBA(255,255,255,0);\" class=\"n2-ss-slide-background-color\"><\/div><\/div><div class=\"n2-ss-slide-background\" data-public-id=\"2\" data-mode=\"fill\"><div class=\"n2-ss-slide-background-image\" data-blur=\"0\" data-opacity=\"100\" data-x=\"50\" data-y=\"50\" data-alt=\"\" data-title=\"\"><picture class=\"skip-lazy\" data-skip-lazy=\"1\"><img decoding=\"async\" src=\"\/\/pre-saint-nom.org\/wordpress\/wp-content\/uploads\/2024\/09\/DSC_1018-1.jpeg\" alt=\"\" title=\"\" loading=\"lazy\" class=\"skip-lazy\" data-skip-lazy=\"1\"><\/picture><\/div><div data-color=\"RGBA(255,255,255,0)\" style=\"background-color: RGBA(255,255,255,0);\" class=\"n2-ss-slide-background-color\"><\/div><\/div><div class=\"n2-ss-slide-background\" data-public-id=\"3\" data-mode=\"fill\"><div class=\"n2-ss-slide-background-image\" data-blur=\"0\" data-opacity=\"100\" data-x=\"50\" data-y=\"50\" data-alt=\"\" data-title=\"\"><picture class=\"skip-lazy\" data-skip-lazy=\"1\"><img decoding=\"async\" src=\"\/\/pre-saint-nom.org\/wordpress\/wp-content\/uploads\/2024\/09\/DSC_1013-1.jpeg\" alt=\"\" title=\"\" loading=\"lazy\" class=\"skip-lazy\" data-skip-lazy=\"1\"><\/picture><\/div><div data-color=\"RGBA(255,255,255,0)\" style=\"background-color: RGBA(255,255,255,0);\" class=\"n2-ss-slide-background-color\"><\/div><\/div><div class=\"n2-ss-slide-background\" data-public-id=\"4\" data-mode=\"fill\"><div class=\"n2-ss-slide-background-image\" data-blur=\"0\" data-opacity=\"100\" data-x=\"50\" data-y=\"50\" data-alt=\"\" data-title=\"\"><picture class=\"skip-lazy\" data-skip-lazy=\"1\"><img decoding=\"async\" src=\"\/\/pre-saint-nom.org\/wordpress\/wp-content\/uploads\/2024\/09\/DSC_1010-1.jpeg\" alt=\"\" title=\"\" loading=\"lazy\" class=\"skip-lazy\" data-skip-lazy=\"1\"><\/picture><\/div><div data-color=\"RGBA(255,255,255,0)\" style=\"background-color: RGBA(255,255,255,0);\" class=\"n2-ss-slide-background-color\"><\/div><\/div><div class=\"n2-ss-slide-background\" data-public-id=\"5\" data-mode=\"fill\"><div class=\"n2-ss-slide-background-image\" data-blur=\"0\" data-opacity=\"100\" data-x=\"50\" data-y=\"50\" data-alt=\"\" data-title=\"\"><picture class=\"skip-lazy\" data-skip-lazy=\"1\"><img decoding=\"async\" src=\"\/\/pre-saint-nom.org\/wordpress\/wp-content\/uploads\/2024\/09\/DSC_1002.jpeg\" alt=\"\" title=\"\" loading=\"lazy\" class=\"skip-lazy\" data-skip-lazy=\"1\"><\/picture><\/div><div data-color=\"RGBA(255,255,255,0)\" style=\"background-color: RGBA(255,255,255,0);\" class=\"n2-ss-slide-background-color\"><\/div><\/div><div class=\"n2-ss-slide-background\" data-public-id=\"6\" data-mode=\"fill\"><div class=\"n2-ss-slide-background-image\" data-blur=\"0\" data-opacity=\"100\" data-x=\"50\" data-y=\"50\" data-alt=\"\" data-title=\"\"><picture class=\"skip-lazy\" data-skip-lazy=\"1\"><img decoding=\"async\" src=\"\/\/pre-saint-nom.org\/wordpress\/wp-content\/uploads\/2024\/11\/DSC_1027.jpeg\" alt=\"\" title=\"\" loading=\"lazy\" class=\"skip-lazy\" data-skip-lazy=\"1\"><\/picture><\/div><div data-color=\"RGBA(255,255,255,0)\" style=\"background-color: RGBA(255,255,255,0);\" class=\"n2-ss-slide-background-color\"><\/div><\/div><\/div>                    <div class=\"n2-ss-slider-4 n2-ow\">\n                        <svg xmlns=\"http:\/\/www.w3.org\/2000\/svg\" viewBox=\"0 0 1200 400\" data-related-device=\"desktopPortrait\" class=\"n2-ow n2-ss-preserve-size n2-ss-preserve-size--slider n2-ss-slide-limiter\"><\/svg><div data-first=\"1\" data-slide-duration=\"0\" data-id=\"4\" data-slide-public-id=\"1\" data-title=\"pexels-miki-czetti-111963\" class=\"n2-ss-slide n2-ow  n2-ss-slide-4\"><div role=\"note\" class=\"n2-ss-slide--focus\" tabindex=\"-1\">pexels-miki-czetti-111963<\/div><div class=\"n2-ss-layers-container n2-ss-slide-limiter n2-ow\"><div class=\"n2-ss-layer n2-ow n-uc-u0jI8vnqMZfJ\" data-sstype=\"slide\" data-pm=\"default\"><\/div><\/div><\/div><div data-slide-duration=\"0\" data-id=\"12\" data-slide-public-id=\"2\" data-title=\"DSC_1018 (1)\" class=\"n2-ss-slide n2-ow  n2-ss-slide-12\"><div role=\"note\" class=\"n2-ss-slide--focus\" tabindex=\"-1\">DSC_1018 (1)<\/div><div class=\"n2-ss-layers-container n2-ss-slide-limiter n2-ow\"><div class=\"n2-ss-layer n2-ow n-uc-C0FjTcIYVjXe\" data-sstype=\"slide\" data-pm=\"default\"><\/div><\/div><\/div><div data-slide-duration=\"0\" data-id=\"13\" data-slide-public-id=\"3\" data-title=\"DSC_1013 (1)\" class=\"n2-ss-slide n2-ow  n2-ss-slide-13\"><div role=\"note\" class=\"n2-ss-slide--focus\" tabindex=\"-1\">DSC_1013 (1)<\/div><div class=\"n2-ss-layers-container n2-ss-slide-limiter n2-ow\"><div class=\"n2-ss-layer n2-ow n-uc-GLkO1QRnrkTL\" data-sstype=\"slide\" data-pm=\"default\"><\/div><\/div><\/div><div data-slide-duration=\"0\" data-id=\"14\" data-slide-public-id=\"4\" data-title=\"DSC_1010\" class=\"n2-ss-slide n2-ow  n2-ss-slide-14\"><div role=\"note\" class=\"n2-ss-slide--focus\" tabindex=\"-1\">DSC_1010<\/div><div class=\"n2-ss-layers-container n2-ss-slide-limiter n2-ow\"><div class=\"n2-ss-layer n2-ow n-uc-hSBuDBG4frqI\" data-sstype=\"slide\" data-pm=\"default\"><\/div><\/div><\/div><div data-slide-duration=\"0\" data-id=\"15\" data-slide-public-id=\"5\" data-title=\"DSC_1002\" class=\"n2-ss-slide n2-ow  n2-ss-slide-15\"><div role=\"note\" class=\"n2-ss-slide--focus\" tabindex=\"-1\">DSC_1002<\/div><div class=\"n2-ss-layers-container n2-ss-slide-limiter n2-ow\"><div class=\"n2-ss-layer n2-ow n-uc-pVicyEdtu7ec\" data-sstype=\"slide\" data-pm=\"default\"><\/div><\/div><\/div><div data-slide-duration=\"0\" data-id=\"17\" data-slide-public-id=\"6\" data-title=\"DSC_1027\" class=\"n2-ss-slide n2-ow  n2-ss-slide-17\"><div role=\"note\" class=\"n2-ss-slide--focus\" tabindex=\"-1\">DSC_1027<\/div><div class=\"n2-ss-layers-container n2-ss-slide-limiter n2-ow\"><div class=\"n2-ss-layer n2-ow n-uc-Gy60rSzSJFal\" data-sstype=\"slide\" data-pm=\"default\"><\/div><\/div><\/div>                    <\/div>\n\n                                    <\/div>\n            <\/div>\n        <\/div>\n        <div class=\"n2-ss-slider-controls n2-ss-slider-controls-absolute-center-bottom\"><div style=\"--widget-offset:30px;text-align: center;width:100%;\" class=\"n2-ss-widget nextend-bar nextend-bar-horizontal n2-ss-widget-hidden n2-ow-all\"><div class=\"n2-style-3745c27e4cee514fb93ac00b0ec9858c-simple \" style=\"display: inline-block;\"><span class=\"n2-font-030314930993fbe6df1ea1b668bdcdad-simple \">&nbsp;<\/span><\/div><\/div><div style=\"--widget-offset:5px;\" class=\"n2-ss-widget n2-ss-widget-display-hover n2-ss-control-bullet n2-ow-all n2-ss-control-bullet-horizontal\"><div class=\" nextend-bullet-bar n2-bar-justify-content-center\"><div class=\"n2-bullet n2-style-37b83350d88fb82e7ea26e8ad7887167-dot \" style=\"visibility:hidden;\"><\/div><\/div><\/div><\/div><\/div><\/div><ss3-loader><\/ss3-loader><\/div><\/div><div class=\"n2_clear\"><\/div><\/div><\/ss3-force-full-width><\/div>\n\n\n<div class=\"wp-block-group left-container\"><div class=\"wp-block-group__inner-container is-layout-constrained wp-block-group-is-layout-constrained\">\n<h2 class=\"wp-block-heading welcome\">La gestion de Pr\u00e9&nbsp;Saint&nbsp;Nom<\/h2>\n<\/div><\/div>\n<\/div><\/div>\n\n\n\n<div class=\"wp-block-group content-section-vertical reveal is-vertical is-layout-flex wp-container-core-group-is-layout-8cf370e7 wp-block-group-is-layout-flex\">\n<div class=\"wp-block-group info-section is-vertical is-layout-flex wp-container-core-group-is-layout-8cf370e7 wp-block-group-is-layout-flex\">\n<h2 class=\"wp-block-heading\"><strong>A savoir<\/strong><\/h2>\n\n\n\n<p class=\"has-text-align-left\"><em><strong>La R\u00e9sidence de Pr\u00e9 Saint-Nom est g\u00e9r\u00e9e par une douzaine de b\u00e9n\u00e9voles qui sont regroup\u00e9s au sein d&rsquo;un Comit\u00e9 Syndical. Depuis le d\u00e9but des ann\u00e9es 90, il a \u00e9t\u00e9 mis fin aux fonctions des Syndics professionnels.<\/strong><\/em><\/p>\n\n\n\n<p class=\"has-text-align-left intern-link\"><strong>Le Comit\u00e9 Syndical est structur\u00e9 sur la base du cahier des charges (voir rubriques&nbsp;<a href=\"https:\/\/pre-saint-nom.org\/wordpress\/index.php\/cahier-des-charges\/\" data-type=\"page\" data-id=\"109\">\u00ab\u00a0Cahier des charges<\/a>&nbsp;&#8211;&nbsp;<a href=\"https:\/\/pre-saint-nom.org\/Gestion\/CdC\/Statuts2019.pdf\">Statuts de l&rsquo; Association Syndicale Libre Pr\u00e9 Saint-Nom\u00a0\u00bb<\/a>&nbsp;pour obtenir les d\u00e9tails), \u00e9tabli d\u00e8s l&rsquo;origine par le promoteur Kaufmann &amp; Broad, mis \u00e0 jour en 2012 apr\u00e8s une approbation des nouveaux textes en Assembl\u00e9e G\u00e9n\u00e9rale Extraordinaire le 11 d\u00e9cembre 2012, leur enregistrement \u00e0 la Sous-Pr\u00e9fecture de Saint-Germain-en-Laye le 26 f\u00e9vrier 2013, et leur publication au Journal Officiel le 9 mars 2013. Une nouvelle mise \u00e0 jour a \u00e9t\u00e9 approuv\u00e9e \u00e0 l&rsquo;unanimit\u00e9 en AGO le 2 avril 2019, et publi\u00e9e au JO le 25 mai 2019.<\/strong><\/p>\n<\/div>\n\n\n\n<div class=\"wp-block-group info-section is-vertical is-layout-flex wp-container-core-group-is-layout-8cf370e7 wp-block-group-is-layout-flex\">\n<h2 class=\"wp-block-heading\">Les \u00e9l\u00e9ments comptables de PSN<\/h2>\n\n\n\n<div class=\"wp-block-group intern-link is-content-justification-center is-nowrap is-layout-flex wp-container-core-group-is-layout-079bfc22 wp-block-group-is-layout-flex\">\n<figure class=\"wp-block-table\"><table><tbody><tr><td><strong>202<\/strong>6<\/td><td><a href=\"https:\/\/pre-saint-nom.org\/Gestion\/Budget\/PSN-Budget26.pdf\">Le budget pr\u00e9visionnel<\/a><\/td><\/tr><tr><td rowspan=\"2\"><strong>202<\/strong>5<\/td><td><a href=\"https:\/\/pre-saint-nom.org\/Gestion\/Comptes\/Comptes2025.pdf\">Les comptes<\/a><\/td><\/tr><tr><td><a href=\"https:\/\/pre-saint-nom.org\/Gestion\/Budget\/PSN-Budget24.pdf\"><\/a><a href=\"https:\/\/pre-saint-nom.org\/Gestion\/Bilans\/Bilan2025.pdf\">Le bilan<\/a><\/td><\/tr><tr><td rowspan=\"2\"><strong>2024<\/strong><\/td><td><a href=\"https:\/\/pre-saint-nom.org\/Gestion\/Comptes\/Comptes2024.pdf\">Les comptes<\/a><\/td><\/tr><tr><td><a href=\"https:\/\/pre-saint-nom.org\/Gestion\/Budget\/PSN-Budget24.pdf\"><\/a><a href=\"https:\/\/pre-saint-nom.org\/Gestion\/Bilans\/Bilan2024.pdf\">Le bilan<\/a><\/td><\/tr><tr><td rowspan=\"2\"><strong>2023<\/strong><\/td><td><a href=\"https:\/\/pre-saint-nom.org\/Gestion\/Comptes\/Comptes2023.pdf\">Les comptes<\/a><\/td><\/tr><tr><td><a href=\"https:\/\/pre-saint-nom.org\/Gestion\/Bilans\/Bilan2023.pdf\">Le bilan<\/a><\/td><\/tr><tr><td rowspan=\"2\"><strong>2022<\/strong><\/td><td><a href=\"https:\/\/pre-saint-nom.org\/Gestion\/Comptes\/Comptes2022.pdf\">Les comptes<\/a><\/td><\/tr><tr><td><a href=\"https:\/\/pre-saint-nom.org\/Gestion\/Bilans\/Bilan2022.pdf\">Le bilan<\/a><\/td><\/tr><tr><td rowspan=\"2\"><strong>2021<\/strong><\/td><td><a href=\"https:\/\/pre-saint-nom.org\/Gestion\/Comptes\/Comptes2021.pdf\">Les comptes<\/a><\/td><\/tr><tr><td><a href=\"https:\/\/pre-saint-nom.org\/Gestion\/Bilans\/Bilan2021.pdf\">Le bilan<\/a><\/td><\/tr><tr><td rowspan=\"2\"><strong>2020<\/strong><\/td><td><a href=\"https:\/\/pre-saint-nom.org\/Gestion\/Comptes\/Comptes2020.pdf\">Les comptes<\/a><\/td><\/tr><tr><td><a href=\"https:\/\/pre-saint-nom.org\/Gestion\/Bilans\/Bilan2020.pdf\">Le bilan<\/a><\/td><\/tr><\/tbody><\/table><\/figure>\n\n\n\n<figure class=\"wp-block-table\"><table><tbody><tr><td rowspan=\"2\"><strong>2019<\/strong><\/td><td><a href=\"https:\/\/pre-saint-nom.org\/Gestion\/Comptes\/Comptes2019.pdf\">Les comptes<\/a><\/td><\/tr><tr><td><a href=\"https:\/\/pre-saint-nom.org\/Gestion\/Bilans\/Bilan2019.pdf\">Le bilan<\/a><\/td><\/tr><tr><td rowspan=\"2\"><strong>2018<\/strong><\/td><td><a href=\"https:\/\/pre-saint-nom.org\/Gestion\/Comptes\/Comptes2018.pdf\">Les comptes<\/a><\/td><\/tr><tr><td><a href=\"https:\/\/pre-saint-nom.org\/Gestion\/Bilans\/Bilan2018.pdf\">Le bilan<\/a><\/td><\/tr><tr><td rowspan=\"2\"><strong>2017<\/strong><\/td><td><a href=\"https:\/\/pre-saint-nom.org\/Gestion\/Comptes\/Comptes2017.pdf\">Les comptes<\/a><\/td><\/tr><tr><td><a href=\"https:\/\/pre-saint-nom.org\/Gestion\/Bilans\/Bilan2017.pdf\">Le bilan<\/a><\/td><\/tr><tr><td rowspan=\"2\"><strong>2016<\/strong><\/td><td><a href=\"https:\/\/pre-saint-nom.org\/Gestion\/Comptes\/Comptes2016.pdf\">Les comptes<\/a><\/td><\/tr><tr><td><a href=\"https:\/\/pre-saint-nom.org\/Gestion\/Bilans\/Bilan2016.pdf\">Le bilan<\/a><\/td><\/tr><tr><td rowspan=\"2\"><strong>2015<\/strong><\/td><td><a href=\"https:\/\/pre-saint-nom.org\/Gestion\/Comptes\/Comptes2015.pdf\">Les comptes<\/a><\/td><\/tr><tr><td><a href=\"https:\/\/pre-saint-nom.org\/Gestion\/Bilans\/Bilan2015.pdf\">Le bilan<\/a><\/td><\/tr><\/tbody><\/table><\/figure>\n\n\n\n<figure class=\"wp-block-table\"><table><tbody><tr><td rowspan=\"2\"><strong>2014<\/strong><\/td><td><a href=\"https:\/\/pre-saint-nom.org\/Gestion\/Comptes\/Comptes2014.pdf\">Les comptes<\/a><\/td><\/tr><tr><td><a href=\"https:\/\/pre-saint-nom.org\/Gestion\/Bilans\/Bilan2014.pdf\">Le bilan<\/a><\/td><\/tr><tr><td rowspan=\"2\"><strong>2013<\/strong><\/td><td><a href=\"https:\/\/pre-saint-nom.org\/Gestion\/Comptes\/Comptes2013.pdf\">Les comptes<\/a><\/td><\/tr><tr><td><a href=\"https:\/\/pre-saint-nom.org\/Gestion\/Bilans\/Bilan2013.pdf\">Le bilan<\/a><\/td><\/tr><tr><td rowspan=\"2\"><strong>2012<\/strong><\/td><td><a href=\"https:\/\/pre-saint-nom.org\/Gestion\/Comptes\/Comptes2012.pdf\">Les comptes<\/a><\/td><\/tr><tr><td><a href=\"https:\/\/pre-saint-nom.org\/Gestion\/Bilans\/Bilan2012.pdf\">Le bilan<\/a><\/td><\/tr><tr><td rowspan=\"2\"><strong>2011<\/strong><\/td><td><a href=\"https:\/\/pre-saint-nom.org\/Gestion\/Comptes\/Comptes2011.pdf\">Les comptes<\/a><\/td><\/tr><tr><td><a href=\"https:\/\/pre-saint-nom.org\/Gestion\/Bilans\/Bilan2011.pdf\">Le bilan<\/a><\/td><\/tr><tr><td rowspan=\"2\"><strong>2010<\/strong><\/td><td><a href=\"https:\/\/pre-saint-nom.org\/Gestion\/Comptes\/Comptes2010.pdf\">Les comptes<\/a><\/td><\/tr><tr><td><a href=\"https:\/\/pre-saint-nom.org\/Gestion\/Bilans\/Bilan2010.pdf\">Le bilan<\/a><\/td><\/tr><\/tbody><\/table><\/figure>\n<\/div>\n<\/div>\n\n\n\n<div class=\"wp-block-group info-section is-vertical is-layout-flex wp-container-core-group-is-layout-8cf370e7 wp-block-group-is-layout-flex\">\n<h2 class=\"wp-block-heading\" id=\"resume-cdc\">Gestion et organisation de l&rsquo;ASL de Pr\u00e9 Saint-Nom<\/h2>\n\n\n\n<p class=\"has-text-align-left\">Les t\u00e2ches de gestion habituelles d&rsquo;un ensemble immobilier, tel que celui de Pr\u00e9 Saint-Nom, sont remplies par ceux qui en ont la charge, \u00e0 savoir&nbsp;: tout ce qui est comptabilit\u00e9 par le Tr\u00e9sorier, tout ce qui est li\u00e9 aux installations techniques par le Responsable Technique, aux r\u00e9seaux T\u00e9l\u00e9vision et Internet par un d\u00e9l\u00e9gu\u00e9 \u00e0 la T\u00e9l\u00e9vision, aux espaces verts par un d\u00e9l\u00e9gu\u00e9 charg\u00e9 de d\u00e9finir et contr\u00f4ler les prestations de notre fournisseur et ainsi de suite.<\/p>\n\n\n\n<p class=\"has-text-align-left\">S\u2019agissant plus particuli\u00e8rement de la gestion financi\u00e8re de l\u2019ASL, un logiciel maintenu conforme aux normes comptables r\u00e9glementaires est utilis\u00e9, avec l\u2019appui technique en tant que de besoin d\u2019un cabinet comptable agr\u00e9\u00e9 (Cabinet BECOM \u00e0 Versailles) qui proc\u00e8de annuellement \u00e0 une revue des op\u00e9rations comptables r\u00e9alis\u00e9es. <\/p>\n\n\n\n<p class=\"has-text-align-left\">En outre une Commission des finances, compos\u00e9e de trois membres du Bureau, proc\u00e8de annuellement, en pr\u00e9sence du tr\u00e9sorier, \u00e0 une v\u00e9rification des op\u00e9rations et des comptes, avant pr\u00e9sentation \u00e0 l\u2019Assembl\u00e9e G\u00e9n\u00e9rale qui vote le quitus pour la gestion de l\u2019exercice pr\u00e9c\u00e9dent.<\/p>\n<\/div>\n\n\n\n<div class=\"wp-block-group info-section is-vertical is-layout-flex wp-container-core-group-is-layout-8cf370e7 wp-block-group-is-layout-flex\">\n<p class=\"has-text-align-left\">Le Pr\u00e9sident du Comit\u00e9, \u00e9lu par tous les membres du Comit\u00e9 Syndical, veille \u00e0 la bonne application du cahier des charges et au bon fonctionnement de la R\u00e9sidence d&rsquo;une mani\u00e8re g\u00e9n\u00e9rale. (<a href=\"https:\/\/pre-saint-nom.org\/Gestion\/CdC\/Statuts2019.pdf\">voir \u00e9galement dans la rubrique \u00ab\u00a0Cahier des Charges &#8211; Statuts de l&rsquo;A.S.L.\u00a0\u00bb le r\u00f4le et les responsabilit\u00e9s du Pr\u00e9sident<\/a>)<\/p>\n\n\n\n<p class=\"has-text-align-left\">Le Comit\u00e9 Syndical organise l&rsquo; Assembl\u00e9e G\u00e9n\u00e9rale de l&rsquo; Association Syndicale Libre de Pr\u00e9 Saint-Nom, qui a lieu en principe une fois par an, au cours du premier trimestre de l&rsquo;&nbsp;ann\u00e9e, dans une salle de la Mairie de la Commune. Les r\u00e9unions du Comit\u00e9 Syndical se font apr\u00e8s convocation de tous les membres par le Pr\u00e9sident.<\/p>\n\n\n\n<p class=\"has-text-align-left\">Compte tenu du fait que tous les syndics b\u00e9n\u00e9voles habitent sur place, il y a une concertation quasi-permanente entre eux sur les sujets d&rsquo;actualit\u00e9 au fur et \u00e0 mesure o\u00f9 ils se pr\u00e9sentent&nbsp;. L&rsquo;objectif du Comit\u00e9 Syndical&nbsp; est double&nbsp;:<\/p>\n\n\n\n<ul class=\"wp-block-list\">\n<li><strong>Maintenir la R\u00e9sidence en bon \u00e9tat<\/strong>, au moindre co\u00fbt.<\/li>\n\n\n\n<li><strong>Entretenir et d\u00e9velopper la meilleure convivialit\u00e9 possible<\/strong>&nbsp;entre tous les R\u00e9sidants.<\/li>\n<\/ul>\n\n\n\n<p class=\"has-text-align-left\">Le Comit\u00e9 Syndical organise des \u00ab\u00a0Initiatives\u00a0\u00bb qui sont des op\u00e9rations d&rsquo;am\u00e9lioration ou d&rsquo;entretien des villas en regroupant les demandes et en n\u00e9gociant avec les fournisseurs (voir la rubrique \u00ab\u00a0Initiatives\u00a0\u00bb).<\/p>\n\n\n\n<p class=\"has-text-align-left\">Le budget de l&rsquo;Association Syndicale est aliment\u00e9 par une cotisation annuelle dont le montant est adopt\u00e9 au cours de l&rsquo;assembl\u00e9e G\u00e9n\u00e9rale.<\/p>\n<\/div>\n<\/div>\n<\/div><\/div>\n","protected":false},"excerpt":{"rendered":"<p>La gestion de Pr\u00e9&nbsp;Saint&nbsp;Nom A savoir La R\u00e9sidence de Pr\u00e9 Saint-Nom est g\u00e9r\u00e9e par une douzaine de b\u00e9n\u00e9voles qui sont regroup\u00e9s au sein d&rsquo;un Comit\u00e9 Syndical. Depuis le d\u00e9but des ann\u00e9es 90, il a \u00e9t\u00e9 mis fin aux fonctions des Syndics professionnels. Le Comit\u00e9 Syndical est structur\u00e9 sur la base du cahier des charges (voir [&hellip;]<\/p>\n","protected":false},"author":3,"featured_media":0,"parent":0,"menu_order":0,"comment_status":"closed","ping_status":"closed","template":"","meta":{"footnotes":""},"class_list":["post-16","page","type-page","status-publish","hentry"],"_links":{"self":[{"href":"https:\/\/pre-saint-nom.org\/wordpress\/index.php\/wp-json\/wp\/v2\/pages\/16","targetHints":{"allow":["GET"]}}],"collection":[{"href":"https:\/\/pre-saint-nom.org\/wordpress\/index.php\/wp-json\/wp\/v2\/pages"}],"about":[{"href":"https:\/\/pre-saint-nom.org\/wordpress\/index.php\/wp-json\/wp\/v2\/types\/page"}],"author":[{"embeddable":true,"href":"https:\/\/pre-saint-nom.org\/wordpress\/index.php\/wp-json\/wp\/v2\/users\/3"}],"replies":[{"embeddable":true,"href":"https:\/\/pre-saint-nom.org\/wordpress\/index.php\/wp-json\/wp\/v2\/comments?post=16"}],"version-history":[{"count":28,"href":"https:\/\/pre-saint-nom.org\/wordpress\/index.php\/wp-json\/wp\/v2\/pages\/16\/revisions"}],"predecessor-version":[{"id":975,"href":"https:\/\/pre-saint-nom.org\/wordpress\/index.php\/wp-json\/wp\/v2\/pages\/16\/revisions\/975"}],"wp:attachment":[{"href":"https:\/\/pre-saint-nom.org\/wordpress\/index.php\/wp-json\/wp\/v2\/media?parent=16"}],"curies":[{"name":"wp","href":"https:\/\/api.w.org\/{rel}","templated":true}]}}