{"id":30,"date":"2024-01-05T07:38:17","date_gmt":"2024-01-05T06:38:17","guid":{"rendered":"https:\/\/pre-saint-nom.org\/wordpress\/?page_id=30"},"modified":"2024-09-08T18:13:28","modified_gmt":"2024-09-08T16:13:28","slug":"plan","status":"publish","type":"page","link":"https:\/\/pre-saint-nom.org\/wordpress\/index.php\/plan\/","title":{"rendered":"Plan"},"content":{"rendered":"\n<div class=\"wp-block-media-text alignwide has-media-on-the-right is-stacked-on-mobile is-vertically-aligned-center is-image-fill\" style=\"grid-template-columns:auto 41%\"><div class=\"wp-block-media-text__content\">\n<h2 class=\"wp-block-heading has-text-color\" style=\"color:#000000;font-size:32px\"><strong>Le Pr\u00e9 Saint Nom \u00e0 Saint Nom la Bret\u00e8che<\/strong><\/h2>\n\n\n\n<p class=\"has-text-color\" style=\"color:#000000;font-size:17px\">Vous pouvez cliquer sur les ic\u00f4nes + et &#8211; en bas \u00e0 droite de l&rsquo;image pour zoomer.<\/p>\n\n\n\n<p>Vous pouvez aussi, en maintenant appuyer sur le curseur de la souris, d\u00e9placer l&rsquo;image vers la direction que vous souhaitez.<\/p>\n<\/div><figure class=\"wp-block-media-text__media\" style=\"background-image:url(https:\/\/pre-saint-nom.org\/wordpress\/wp-content\/uploads\/2024\/08\/Type-maisons.jpg);background-position:50% 50%\"><img decoding=\"async\" src=\"https:\/\/pre-saint-nom.org\/wordpress\/wp-content\/uploads\/2024\/08\/Type-maisons.jpg\" alt=\"\" class=\"wp-image-658 size-full\"\/><\/figure><\/div>\n\n\n\n<p><\/p>\n\n\n\n<div class=\"wp-block-group is-vertical is-content-justification-center is-layout-flex wp-container-core-group-is-layout-4b2eccd6 wp-block-group-is-layout-flex\">\n<p>PSN comprend 202 maisons, et 4 km de voies priv\u00e9es, \u00e0 proximit\u00e9 du centre de Saint Nom la Bret\u00e8che.<\/p>\n\n\n\n<iframe src=\"https:\/\/www.google.com\/maps\/embed?pb=!1m10!1m8!1m3!1d4935.422626201388!2d2.0294698!3d48.8594705!3m2!1i1024!2i768!4f13.1!5e1!3m2!1sfr!2sfr!4v1724675996079!5m2!1sfr!2sfr\" width=\"900\" height=\"675\" style=\"border:0;\" allowfullscreen=\"\" loading=\"lazy\" referrerpolicy=\"no-referrer-when-downgrade\"><\/iframe>\n\n\n\n<div class=\"wp-block-columns is-layout-flex wp-container-core-columns-is-layout-9d6595d7 wp-block-columns-is-layout-flex\">\n<div class=\"wp-block-column is-layout-flow wp-block-column-is-layout-flow\"><\/div>\n\n\n\n<div class=\"wp-block-column is-layout-flow wp-block-column-is-layout-flow\"><\/div>\n<\/div>\n<\/div>\n","protected":false},"excerpt":{"rendered":"<p>Le Pr\u00e9 Saint Nom \u00e0 Saint Nom la Bret\u00e8che Vous pouvez cliquer sur les ic\u00f4nes + et &#8211; en bas \u00e0 droite de l&rsquo;image pour zoomer. Vous pouvez aussi, en maintenant appuyer sur le curseur de la souris, d\u00e9placer l&rsquo;image vers la direction que vous souhaitez. PSN comprend 202 maisons, et 4 km de voies [&hellip;]<\/p>\n","protected":false},"author":3,"featured_media":0,"parent":0,"menu_order":0,"comment_status":"closed","ping_status":"closed","template":"","meta":{"footnotes":""},"class_list":["post-30","page","type-page","status-publish","hentry"],"_links":{"self":[{"href":"https:\/\/pre-saint-nom.org\/wordpress\/index.php\/wp-json\/wp\/v2\/pages\/30","targetHints":{"allow":["GET"]}}],"collection":[{"href":"https:\/\/pre-saint-nom.org\/wordpress\/index.php\/wp-json\/wp\/v2\/pages"}],"about":[{"href":"https:\/\/pre-saint-nom.org\/wordpress\/index.php\/wp-json\/wp\/v2\/types\/page"}],"author":[{"embeddable":true,"href":"https:\/\/pre-saint-nom.org\/wordpress\/index.php\/wp-json\/wp\/v2\/users\/3"}],"replies":[{"embeddable":true,"href":"https:\/\/pre-saint-nom.org\/wordpress\/index.php\/wp-json\/wp\/v2\/comments?post=30"}],"version-history":[{"count":28,"href":"https:\/\/pre-saint-nom.org\/wordpress\/index.php\/wp-json\/wp\/v2\/pages\/30\/revisions"}],"predecessor-version":[{"id":688,"href":"https:\/\/pre-saint-nom.org\/wordpress\/index.php\/wp-json\/wp\/v2\/pages\/30\/revisions\/688"}],"wp:attachment":[{"href":"https:\/\/pre-saint-nom.org\/wordpress\/index.php\/wp-json\/wp\/v2\/media?parent=30"}],"curies":[{"name":"wp","href":"https:\/\/api.w.org\/{rel}","templated":true}]}}