{"id":303,"date":"2024-06-28T16:28:02","date_gmt":"2024-06-28T14:28:02","guid":{"rendered":"https:\/\/pre-saint-nom.org\/wordpress\/?page_id=303"},"modified":"2024-09-21T22:05:39","modified_gmt":"2024-09-21T20:05:39","slug":"modele-gentiane","status":"publish","type":"page","link":"https:\/\/pre-saint-nom.org\/wordpress\/index.php\/modele-gentiane\/","title":{"rendered":"Mod\u00e8le Gentiane"},"content":{"rendered":"\n<div class=\"wp-block-group text-image-section is-horizontal is-content-justification-left is-nowrap is-layout-flex wp-container-core-group-is-layout-af3ec496 wp-block-group-is-layout-flex\">\n<div class=\"wp-block-group text-section is-vertical is-layout-flex wp-container-core-group-is-layout-8cf370e7 wp-block-group-is-layout-flex\">\n<h2 class=\"wp-block-heading\">Mod\u00e8le Gentiane (47 maisons)<\/h2>\n\n\n\n<div class=\"wp-block-group section-text is-nowrap is-layout-flex wp-container-core-group-is-layout-ad2f72ca wp-block-group-is-layout-flex\">\n<p><strong>Maison individuelle de plain-pied, comprenant :<\/strong><br>Hall d&rsquo;entr\u00e9e, s\u00e9jour, coin-repas, cuisine, trois chambres \u00e0 coucher, deux salles de bains, placards, penderies, d\u00e9gagement, cellier, double garage avec coin atelier. Un patio.<\/p>\n<\/div>\n<\/div>\n\n\n\n<figure class=\"wp-block-image size-full is-resized\"><img loading=\"lazy\" decoding=\"async\" width=\"450\" height=\"338\" src=\"https:\/\/pre-saint-nom.org\/wordpress\/wp-content\/uploads\/2024\/06\/Gentiane.png\" alt=\"\" class=\"wp-image-318\" style=\"aspect-ratio:1.5;object-fit:cover;width:600px;height:auto\"\/><\/figure>\n<\/div>\n","protected":false},"excerpt":{"rendered":"<p>Mod\u00e8le Gentiane (47 maisons) Maison individuelle de plain-pied, comprenant :Hall d&rsquo;entr\u00e9e, s\u00e9jour, coin-repas, cuisine, trois chambres \u00e0 coucher, deux salles de bains, placards, penderies, d\u00e9gagement, cellier, double garage avec coin atelier. Un patio.<\/p>\n","protected":false},"author":3,"featured_media":0,"parent":0,"menu_order":0,"comment_status":"closed","ping_status":"closed","template":"","meta":{"footnotes":""},"class_list":["post-303","page","type-page","status-publish","hentry"],"_links":{"self":[{"href":"https:\/\/pre-saint-nom.org\/wordpress\/index.php\/wp-json\/wp\/v2\/pages\/303","targetHints":{"allow":["GET"]}}],"collection":[{"href":"https:\/\/pre-saint-nom.org\/wordpress\/index.php\/wp-json\/wp\/v2\/pages"}],"about":[{"href":"https:\/\/pre-saint-nom.org\/wordpress\/index.php\/wp-json\/wp\/v2\/types\/page"}],"author":[{"embeddable":true,"href":"https:\/\/pre-saint-nom.org\/wordpress\/index.php\/wp-json\/wp\/v2\/users\/3"}],"replies":[{"embeddable":true,"href":"https:\/\/pre-saint-nom.org\/wordpress\/index.php\/wp-json\/wp\/v2\/comments?post=303"}],"version-history":[{"count":4,"href":"https:\/\/pre-saint-nom.org\/wordpress\/index.php\/wp-json\/wp\/v2\/pages\/303\/revisions"}],"predecessor-version":[{"id":786,"href":"https:\/\/pre-saint-nom.org\/wordpress\/index.php\/wp-json\/wp\/v2\/pages\/303\/revisions\/786"}],"wp:attachment":[{"href":"https:\/\/pre-saint-nom.org\/wordpress\/index.php\/wp-json\/wp\/v2\/media?parent=303"}],"curies":[{"name":"wp","href":"https:\/\/api.w.org\/{rel}","templated":true}]}}