{"id":321,"date":"2024-06-28T16:58:35","date_gmt":"2024-06-28T14:58:35","guid":{"rendered":"https:\/\/pre-saint-nom.org\/wordpress\/?page_id=321"},"modified":"2024-09-21T22:06:14","modified_gmt":"2024-09-21T20:06:14","slug":"modele-forsythia","status":"publish","type":"page","link":"https:\/\/pre-saint-nom.org\/wordpress\/index.php\/modele-forsythia\/","title":{"rendered":"Mod\u00e8le Forsythia"},"content":{"rendered":"\n<div class=\"wp-block-group text-image-section is-horizontal is-content-justification-left is-nowrap is-layout-flex wp-container-core-group-is-layout-af3ec496 wp-block-group-is-layout-flex\">\n<div class=\"wp-block-group text-section is-vertical is-layout-flex wp-container-core-group-is-layout-8cf370e7 wp-block-group-is-layout-flex\">\n<h2 class=\"wp-block-heading\">Mod\u00e8le Forsythia (36 maisons)<\/h2>\n\n\n\n<div class=\"wp-block-group section-text is-nowrap is-layout-flex wp-container-core-group-is-layout-ad2f72ca wp-block-group-is-layout-flex\">\n<p><strong>Maison individuelle comprenant :<\/strong><br>Au rez-de-chauss\u00e9e : hall d&rsquo;entr\u00e9e, biblioth\u00e8que, s\u00e9jour, salle \u00e0 manger, cuisine, cabinet de toilette, cellier, double garage.<br>A l&rsquo;\u00e9tage : d\u00e9gagement, quatre chambres \u00e0 coucher, dont une avec une garde-robe et un balcon, deux salles de bains, placards, vide du s\u00e9jour<\/p>\n<\/div>\n<\/div>\n\n\n\n<figure class=\"wp-block-image size-full is-resized\"><img loading=\"lazy\" decoding=\"async\" width=\"450\" height=\"338\" src=\"https:\/\/pre-saint-nom.org\/wordpress\/wp-content\/uploads\/2024\/06\/Forsythia.png\" alt=\"\" class=\"wp-image-324\" style=\"aspect-ratio:1.5;object-fit:cover;width:600px;height:auto\"\/><\/figure>\n<\/div>\n","protected":false},"excerpt":{"rendered":"<p>Mod\u00e8le Forsythia (36 maisons) Maison individuelle comprenant :Au rez-de-chauss\u00e9e : hall d&rsquo;entr\u00e9e, biblioth\u00e8que, s\u00e9jour, salle \u00e0 manger, cuisine, cabinet de toilette, cellier, double garage.A l&rsquo;\u00e9tage : d\u00e9gagement, quatre chambres \u00e0 coucher, dont une avec une garde-robe et un balcon, deux salles de bains, placards, vide du s\u00e9jour<\/p>\n","protected":false},"author":3,"featured_media":0,"parent":0,"menu_order":0,"comment_status":"closed","ping_status":"closed","template":"","meta":{"footnotes":""},"class_list":["post-321","page","type-page","status-publish","hentry"],"_links":{"self":[{"href":"https:\/\/pre-saint-nom.org\/wordpress\/index.php\/wp-json\/wp\/v2\/pages\/321","targetHints":{"allow":["GET"]}}],"collection":[{"href":"https:\/\/pre-saint-nom.org\/wordpress\/index.php\/wp-json\/wp\/v2\/pages"}],"about":[{"href":"https:\/\/pre-saint-nom.org\/wordpress\/index.php\/wp-json\/wp\/v2\/types\/page"}],"author":[{"embeddable":true,"href":"https:\/\/pre-saint-nom.org\/wordpress\/index.php\/wp-json\/wp\/v2\/users\/3"}],"replies":[{"embeddable":true,"href":"https:\/\/pre-saint-nom.org\/wordpress\/index.php\/wp-json\/wp\/v2\/comments?post=321"}],"version-history":[{"count":4,"href":"https:\/\/pre-saint-nom.org\/wordpress\/index.php\/wp-json\/wp\/v2\/pages\/321\/revisions"}],"predecessor-version":[{"id":787,"href":"https:\/\/pre-saint-nom.org\/wordpress\/index.php\/wp-json\/wp\/v2\/pages\/321\/revisions\/787"}],"wp:attachment":[{"href":"https:\/\/pre-saint-nom.org\/wordpress\/index.php\/wp-json\/wp\/v2\/media?parent=321"}],"curies":[{"name":"wp","href":"https:\/\/api.w.org\/{rel}","templated":true}]}}