{"id":346,"date":"2024-06-28T18:36:35","date_gmt":"2024-06-28T16:36:35","guid":{"rendered":"https:\/\/pre-saint-nom.org\/wordpress\/?page_id=346"},"modified":"2024-06-28T18:42:46","modified_gmt":"2024-06-28T16:42:46","slug":"conseils-proprietaires","status":"publish","type":"page","link":"https:\/\/pre-saint-nom.org\/wordpress\/index.php\/conseils-proprietaires\/","title":{"rendered":"Conseils propri\u00e9taires"},"content":{"rendered":"\n<div class=\"wp-block-group\"><div class=\"wp-block-group__inner-container is-layout-constrained wp-block-group-is-layout-constrained\">\n<div class=\"wp-block-group diaporama-container\"><div class=\"wp-block-group__inner-container is-layout-constrained wp-block-group-is-layout-constrained\"><div class=\"n2_clear\"><ss3-force-full-width data-overflow-x=\"body\" data-horizontal-selector=\"body\"><div class=\"n2-section-smartslider fitvidsignore  n2_clear\" data-ssid=\"1\" tabindex=\"0\" role=\"region\" aria-label=\"Slider\"><div id=\"n2-ss-1-align\" class=\"n2-ss-align\"><div class=\"n2-padding\"><div id=\"n2-ss-1\" data-creator=\"Smart Slider 3\" data-responsive=\"fullwidth\" class=\"n2-ss-slider n2-ow n2-has-hover n2notransition  \">\n\n\n\n\n\n\n\n\n\n\n\n\n\n\n\n\n\n<div class=\"n2-ss-slider-wrapper-inside\">\n        <div class=\"n2-ss-slider-1 n2_ss__touch_element n2-ow\">\n            <div class=\"n2-ss-slider-2 n2-ow\">\n                                                <div class=\"n2-ss-slider-3 n2-ow\">\n\n                    <div class=\"n2-ss-slide-backgrounds n2-ow-all\"><div class=\"n2-ss-slide-background\" data-public-id=\"1\" data-mode=\"fill\"><div class=\"n2-ss-slide-background-image\" data-blur=\"0\" data-opacity=\"100\" data-x=\"50\" data-y=\"50\" data-alt=\"\" data-title=\"\"><picture class=\"skip-lazy\" data-skip-lazy=\"1\"><img decoding=\"async\" src=\"\/\/pre-saint-nom.org\/wordpress\/wp-content\/uploads\/2024\/01\/pexels-miki-czetti-111963-scaled.jpg\" alt=\"\" title=\"\" loading=\"lazy\" class=\"skip-lazy\" data-skip-lazy=\"1\"><\/picture><\/div><div data-color=\"RGBA(255,255,255,0)\" style=\"background-color: RGBA(255,255,255,0);\" class=\"n2-ss-slide-background-color\"><\/div><\/div><div class=\"n2-ss-slide-background\" data-public-id=\"2\" data-mode=\"fill\"><div class=\"n2-ss-slide-background-image\" data-blur=\"0\" data-opacity=\"100\" data-x=\"50\" data-y=\"50\" data-alt=\"\" data-title=\"\"><picture class=\"skip-lazy\" data-skip-lazy=\"1\"><img decoding=\"async\" src=\"\/\/pre-saint-nom.org\/wordpress\/wp-content\/uploads\/2024\/09\/DSC_1018-1.jpeg\" alt=\"\" title=\"\" loading=\"lazy\" class=\"skip-lazy\" data-skip-lazy=\"1\"><\/picture><\/div><div data-color=\"RGBA(255,255,255,0)\" style=\"background-color: RGBA(255,255,255,0);\" class=\"n2-ss-slide-background-color\"><\/div><\/div><div class=\"n2-ss-slide-background\" data-public-id=\"3\" data-mode=\"fill\"><div class=\"n2-ss-slide-background-image\" data-blur=\"0\" data-opacity=\"100\" data-x=\"50\" data-y=\"50\" data-alt=\"\" data-title=\"\"><picture class=\"skip-lazy\" data-skip-lazy=\"1\"><img decoding=\"async\" src=\"\/\/pre-saint-nom.org\/wordpress\/wp-content\/uploads\/2024\/09\/DSC_1013-1.jpeg\" alt=\"\" title=\"\" loading=\"lazy\" class=\"skip-lazy\" data-skip-lazy=\"1\"><\/picture><\/div><div data-color=\"RGBA(255,255,255,0)\" style=\"background-color: RGBA(255,255,255,0);\" class=\"n2-ss-slide-background-color\"><\/div><\/div><div class=\"n2-ss-slide-background\" data-public-id=\"4\" data-mode=\"fill\"><div class=\"n2-ss-slide-background-image\" data-blur=\"0\" data-opacity=\"100\" data-x=\"50\" data-y=\"50\" data-alt=\"\" data-title=\"\"><picture class=\"skip-lazy\" data-skip-lazy=\"1\"><img decoding=\"async\" src=\"\/\/pre-saint-nom.org\/wordpress\/wp-content\/uploads\/2024\/09\/DSC_1010-1.jpeg\" alt=\"\" title=\"\" loading=\"lazy\" class=\"skip-lazy\" data-skip-lazy=\"1\"><\/picture><\/div><div data-color=\"RGBA(255,255,255,0)\" style=\"background-color: RGBA(255,255,255,0);\" class=\"n2-ss-slide-background-color\"><\/div><\/div><div class=\"n2-ss-slide-background\" data-public-id=\"5\" data-mode=\"fill\"><div class=\"n2-ss-slide-background-image\" data-blur=\"0\" data-opacity=\"100\" data-x=\"50\" data-y=\"50\" data-alt=\"\" data-title=\"\"><picture class=\"skip-lazy\" data-skip-lazy=\"1\"><img decoding=\"async\" src=\"\/\/pre-saint-nom.org\/wordpress\/wp-content\/uploads\/2024\/09\/DSC_1002.jpeg\" alt=\"\" title=\"\" loading=\"lazy\" class=\"skip-lazy\" data-skip-lazy=\"1\"><\/picture><\/div><div data-color=\"RGBA(255,255,255,0)\" style=\"background-color: RGBA(255,255,255,0);\" class=\"n2-ss-slide-background-color\"><\/div><\/div><div class=\"n2-ss-slide-background\" data-public-id=\"6\" data-mode=\"fill\"><div class=\"n2-ss-slide-background-image\" data-blur=\"0\" data-opacity=\"100\" data-x=\"50\" data-y=\"50\" data-alt=\"\" data-title=\"\"><picture class=\"skip-lazy\" data-skip-lazy=\"1\"><img decoding=\"async\" src=\"\/\/pre-saint-nom.org\/wordpress\/wp-content\/uploads\/2024\/11\/DSC_1027.jpeg\" alt=\"\" title=\"\" loading=\"lazy\" class=\"skip-lazy\" data-skip-lazy=\"1\"><\/picture><\/div><div data-color=\"RGBA(255,255,255,0)\" style=\"background-color: RGBA(255,255,255,0);\" class=\"n2-ss-slide-background-color\"><\/div><\/div><\/div>                    <div class=\"n2-ss-slider-4 n2-ow\">\n                        <svg xmlns=\"http:\/\/www.w3.org\/2000\/svg\" viewBox=\"0 0 1200 400\" data-related-device=\"desktopPortrait\" class=\"n2-ow n2-ss-preserve-size n2-ss-preserve-size--slider n2-ss-slide-limiter\"><\/svg><div data-first=\"1\" data-slide-duration=\"0\" data-id=\"4\" data-slide-public-id=\"1\" data-title=\"pexels-miki-czetti-111963\" class=\"n2-ss-slide n2-ow  n2-ss-slide-4\"><div role=\"note\" class=\"n2-ss-slide--focus\" tabindex=\"-1\">pexels-miki-czetti-111963<\/div><div class=\"n2-ss-layers-container n2-ss-slide-limiter n2-ow\"><div class=\"n2-ss-layer n2-ow n-uc-av0uchgSW8u2\" data-sstype=\"slide\" data-pm=\"default\"><\/div><\/div><\/div><div data-slide-duration=\"0\" data-id=\"12\" data-slide-public-id=\"2\" data-title=\"DSC_1018 (1)\" class=\"n2-ss-slide n2-ow  n2-ss-slide-12\"><div role=\"note\" class=\"n2-ss-slide--focus\" tabindex=\"-1\">DSC_1018 (1)<\/div><div class=\"n2-ss-layers-container n2-ss-slide-limiter n2-ow\"><div class=\"n2-ss-layer n2-ow n-uc-eomPjetLDaMz\" data-sstype=\"slide\" data-pm=\"default\"><\/div><\/div><\/div><div data-slide-duration=\"0\" data-id=\"13\" data-slide-public-id=\"3\" data-title=\"DSC_1013 (1)\" class=\"n2-ss-slide n2-ow  n2-ss-slide-13\"><div role=\"note\" class=\"n2-ss-slide--focus\" tabindex=\"-1\">DSC_1013 (1)<\/div><div class=\"n2-ss-layers-container n2-ss-slide-limiter n2-ow\"><div class=\"n2-ss-layer n2-ow n-uc-0mQ5CBvtgN5A\" data-sstype=\"slide\" data-pm=\"default\"><\/div><\/div><\/div><div data-slide-duration=\"0\" data-id=\"14\" data-slide-public-id=\"4\" data-title=\"DSC_1010\" class=\"n2-ss-slide n2-ow  n2-ss-slide-14\"><div role=\"note\" class=\"n2-ss-slide--focus\" tabindex=\"-1\">DSC_1010<\/div><div class=\"n2-ss-layers-container n2-ss-slide-limiter n2-ow\"><div class=\"n2-ss-layer n2-ow n-uc-mq9erKWZQeQ8\" data-sstype=\"slide\" data-pm=\"default\"><\/div><\/div><\/div><div data-slide-duration=\"0\" data-id=\"15\" data-slide-public-id=\"5\" data-title=\"DSC_1002\" class=\"n2-ss-slide n2-ow  n2-ss-slide-15\"><div role=\"note\" class=\"n2-ss-slide--focus\" tabindex=\"-1\">DSC_1002<\/div><div class=\"n2-ss-layers-container n2-ss-slide-limiter n2-ow\"><div class=\"n2-ss-layer n2-ow n-uc-i6WgIvkmohi6\" data-sstype=\"slide\" data-pm=\"default\"><\/div><\/div><\/div><div data-slide-duration=\"0\" data-id=\"17\" data-slide-public-id=\"6\" data-title=\"DSC_1027\" class=\"n2-ss-slide n2-ow  n2-ss-slide-17\"><div role=\"note\" class=\"n2-ss-slide--focus\" tabindex=\"-1\">DSC_1027<\/div><div class=\"n2-ss-layers-container n2-ss-slide-limiter n2-ow\"><div class=\"n2-ss-layer n2-ow n-uc-sEe1uXWtIt75\" data-sstype=\"slide\" data-pm=\"default\"><\/div><\/div><\/div>                    <\/div>\n\n                                    <\/div>\n            <\/div>\n        <\/div>\n        <div class=\"n2-ss-slider-controls n2-ss-slider-controls-absolute-center-bottom\"><div style=\"--widget-offset:30px;text-align: center;width:100%;\" class=\"n2-ss-widget nextend-bar nextend-bar-horizontal n2-ss-widget-hidden n2-ow-all\"><div class=\"n2-style-3745c27e4cee514fb93ac00b0ec9858c-simple \" style=\"display: inline-block;\"><span class=\"n2-font-030314930993fbe6df1ea1b668bdcdad-simple \">&nbsp;<\/span><\/div><\/div><div style=\"--widget-offset:5px;\" class=\"n2-ss-widget n2-ss-widget-display-hover n2-ss-control-bullet n2-ow-all n2-ss-control-bullet-horizontal\"><div class=\" nextend-bullet-bar n2-bar-justify-content-center\"><div class=\"n2-bullet n2-style-37b83350d88fb82e7ea26e8ad7887167-dot \" style=\"visibility:hidden;\"><\/div><\/div><\/div><\/div><\/div><\/div><ss3-loader><\/ss3-loader><\/div><\/div><div class=\"n2_clear\"><\/div><\/div><\/ss3-force-full-width><\/div>\n\n\n<div class=\"wp-block-group left-container\"><div class=\"wp-block-group__inner-container is-layout-constrained wp-block-group-is-layout-constrained\">\n<h2 class=\"wp-block-heading welcome\">Conseils aux propri\u00e9taires<\/h2>\n<\/div><\/div>\n<\/div><\/div>\n\n\n\n<div class=\"wp-block-group content-section-vertical reveal is-vertical is-layout-flex wp-container-core-group-is-layout-8cf370e7 wp-block-group-is-layout-flex\">\n<div class=\"wp-block-group is-vertical is-layout-flex wp-container-core-group-is-layout-8cf370e7 wp-block-group-is-layout-flex\">\n<h2 class=\"wp-block-heading\">A savoir<\/h2>\n\n\n\n<p class=\"has-text-align-left\">Le pourcentage de villas lou\u00e9es tourne autour de 10 % depuis de nombreuses ann\u00e9es avec parfois un pourcentage un peu sup\u00e9rieur, ayant pu aller dans le pass\u00e9 jusqu\u2019\u00e0 un maximum de 15 % . En g\u00e9n\u00e9ral, le d\u00e9roulement de ces locations se d\u00e9roule au mieux, \u00e0 la satisfaction des locataires aussi bien que des propri\u00e9taires des villas.<\/p>\n\n\n\n<p class=\"has-text-align-left\">Le processus classique de location d\u2019une villa implique la signature d\u2019un bail de location avec constats d\u2019huissier au d\u00e9but et \u00e0 la fin de la p\u00e9riode de location. Il se trouve que certaines exp\u00e9riences malheureuses, comme par exemple le non-paiement pendant 4 ans des loyers, la d\u00e9gradation quasi-totale d\u2019une villa par des locataires ind\u00e9licats, nous conduisent \u00e0 donner ci-dessous quelques recommandations \u00e0 tout propri\u00e9taire souhaitant louer sa villa, dans le but \u00e9vident de prot\u00e9ger toutes les parties en cause, \u00e0 savoir&nbsp;:<\/p>\n\n\n\n<ul class=\"wp-block-list\">\n<li>le propri\u00e9taire-loueur<\/li>\n\n\n\n<li>le locataire<\/li>\n\n\n\n<li>les voisins et donc l\u2019 A.S.L. Pr\u00e9 Saint Nom.<\/li>\n<\/ul>\n<\/div>\n\n\n\n<div class=\"wp-block-group is-vertical is-layout-flex wp-container-core-group-is-layout-8cf370e7 wp-block-group-is-layout-flex\">\n<h2 class=\"wp-block-heading\">PREMI\u00c8RE RECOMMANDATION\u00a0:<\/h2>\n\n\n\n<h5 class=\"wp-block-heading\">GARDER UN \u0152IL SUR SA VILLA\u2026\u2026<\/h5>\n\n\n\n<p class=\"has-text-align-left\">Soit le propri\u00e9taire habite dans la r\u00e9gion et peut de lui-m\u00eame se rendre de temps en temps \u00e0 Saint-Nom-la-Bret\u00eache, soit quelqu\u2019un de sa famille peut le faire \u00e0 sa place ( exemple&nbsp;: temp\u00eate du 26 d\u00e9cembre 1999\u2026.) soit alors un gestionnaire de la place a les pouvoirs pour agir au nom du propri\u00e9taire.&nbsp;<em><strong><u>Il n\u2019est jamais bon<\/u><\/strong><\/em>&nbsp;de laisser sa villa&nbsp;<em><strong><u>sans \u00ab&nbsp;gestionnaire&nbsp;\u00bb<\/u><\/strong><\/em>, sans responsable local et d\u2019\u00eatre soi-m\u00eame tr\u00e8s loin de Saint-Nom, voire \u00e0 des milliers de kilom\u00e8tres de la France.<\/p>\n<\/div>\n\n\n\n<div class=\"wp-block-group is-vertical is-layout-flex wp-container-core-group-is-layout-8cf370e7 wp-block-group-is-layout-flex\">\n<h2 class=\"wp-block-heading\">DEUXI\u00c8ME RECOMMANDATION\u00a0:<\/h2>\n\n\n\n<h5 class=\"wp-block-heading\">MANDAT DE GESTION<\/h5>\n\n\n\n<p class=\"has-text-align-left\">e mandat de gestion donn\u00e9 \u00e0 une agence immobili\u00e8re (ou \u00e0 un agent immobilier habilit\u00e9) doit \u00eatre complet et pr\u00e9cis. Un point particulier de ce mandat de gestion nous semble n\u00e9glig\u00e9 dans la plupart des cas, quand il n\u2019est pas purement et simplement oubli\u00e9&nbsp;: il s\u2019agit du&nbsp;<strong><em><u>contr\u00f4le<\/u><\/em><\/strong>&nbsp;que devrait effectuer tout bon gestionnaire quant \u00e0 l\u2019\u00e9tat de la villa. Les constats d\u2019huissier sont n\u00e9cessaires mais ne sont pas suffisants quand des locataires restent longtemps, avec une caution limit\u00e9e qui ne permet pas de faire de lourdes r\u00e9parations une fois le locataire parti, comme nous avons eu malheureusement l\u2019occasion de le constater.<\/p>\n\n\n\n<p class=\"has-text-align-left\"><em><strong><u>Ce&nbsp;contr\u00f4le&nbsp;doit&nbsp;se&nbsp;faire&nbsp;r\u00e9guli\u00e8rement<\/u><\/strong><\/em>&nbsp;(la fr\u00e9quence de 6 mois nous semble raisonnable), et doit porter sur l\u2019ensemble de la villa&nbsp;: fonctionnement des appareils, des circuits, \u00e9tat int\u00e9rieur, jardin, \u00e9tat ext\u00e9rieur de la villa y compris les portes et fen\u00eatres sans oublier la toiture et la porte de garage. Ce contr\u00f4le doit \u00eatre r\u00e9alis\u00e9 par le gestionnaire avec&nbsp;<strong><em><u>r\u00e9daction&nbsp;d\u2019un&nbsp;rapport&nbsp;\u00e9crit<\/u><\/em><\/strong>, sign\u00e9 conjointement par le locataire et le gestionnaire, \u00e9tabli en 3 exemplaires&nbsp;avec la r\u00e9partition suivante&nbsp;:<\/p>\n\n\n\n<ul class=\"wp-block-list\">\n<li>une copie pour le locataire + une pour le propri\u00e9taire + une pour les dossiers du gestionnaire.<\/li>\n<\/ul>\n<\/div>\n\n\n\n<div class=\"wp-block-group is-vertical is-layout-flex wp-container-core-group-is-layout-8cf370e7 wp-block-group-is-layout-flex\">\n<h2 class=\"wp-block-heading\">TROISI\u00c8ME RECOMMANDATION\u00a0:<\/h2>\n\n\n\n<h5 class=\"wp-block-heading\">SIGNER UN BAIL DE LOCATION COMPLET<\/h5>\n\n\n\n<p class=\"has-text-align-left\">Un bail de location destin\u00e9 \u00e0 une villa de Pr\u00e9 Saint Nom est classique. Nous attirons toutefois l\u2019attention des propri\u00e9taires sur le fait qu\u2019une villa \u00e0 Pr\u00e9 Saint Nom fait partie d\u2019une R\u00e9sidence avec un&nbsp;<a href=\"https:\/\/pre-saint-nom.org\/Gestion\/CdC\/Chapitre1CdC.pdf\">cahier&nbsp;des&nbsp;charges<\/a>&nbsp;et que ce cahier des charges doit \u00eatre respect\u00e9 par tous les r\u00e9sidants, y compris les locataires. Le cahier des charges peut \u00eatre consult\u00e9 sur ce site Internet.<\/p>\n\n\n\n<p class=\"has-text-align-left\">Nous recommandons en cons\u00e9quence que&nbsp;:<br><em><strong><u>ce&nbsp;cahier&nbsp;des&nbsp;charges&nbsp;soit&nbsp;mentionn\u00e9&nbsp;dans&nbsp;le&nbsp;bail&nbsp;de&nbsp;location&nbsp;et&nbsp;qu\u2019il&nbsp;y&nbsp;soit&nbsp;joint<\/u><\/strong><\/em>.<\/p>\n\n\n\n<p class=\"has-text-align-left\">Par s\u00e9curit\u00e9, le bail peut aussi mentionner&nbsp;<strong><em><u>les&nbsp;contraintes&nbsp;de&nbsp;visites<\/u><\/em><\/strong>&nbsp;li\u00e9es \u00e0 la r\u00e9alisation du&nbsp;<strong><em><u>contr\u00f4le<\/u><\/em><\/strong>&nbsp;que nous mentionnons dans le paragraphe ci-dessus.<\/p>\n\n\n\n<p class=\"has-text-align-left\">De plus, il appara\u00eet souhaitable&nbsp;<strong><em><u>d\u2019inclure&nbsp;les&nbsp;frais&nbsp;d\u2019entretien&nbsp;du&nbsp;jardin<\/u><\/em><\/strong>, qui peuvent \u00eatre r\u00e9alis\u00e9s par des entreprises du village,&nbsp;<strong><em><u>dans&nbsp;les&nbsp;frais&nbsp;de&nbsp;location<\/u><\/em><\/strong>. C\u2019est une garantie quant au respect du cahier des charges de la R\u00e9sidence.<\/p>\n<\/div>\n<\/div>\n<\/div><\/div>\n\n\n\n<p><\/p>\n","protected":false},"excerpt":{"rendered":"<p>Conseils aux propri\u00e9taires A savoir Le pourcentage de villas lou\u00e9es tourne autour de 10 % depuis de nombreuses ann\u00e9es avec parfois un pourcentage un peu sup\u00e9rieur, ayant pu aller dans le pass\u00e9 jusqu\u2019\u00e0 un maximum de 15 % . En g\u00e9n\u00e9ral, le d\u00e9roulement de ces locations se d\u00e9roule au mieux, \u00e0 la satisfaction des locataires [&hellip;]<\/p>\n","protected":false},"author":3,"featured_media":0,"parent":0,"menu_order":0,"comment_status":"closed","ping_status":"closed","template":"","meta":{"footnotes":""},"class_list":["post-346","page","type-page","status-publish","hentry"],"_links":{"self":[{"href":"https:\/\/pre-saint-nom.org\/wordpress\/index.php\/wp-json\/wp\/v2\/pages\/346","targetHints":{"allow":["GET"]}}],"collection":[{"href":"https:\/\/pre-saint-nom.org\/wordpress\/index.php\/wp-json\/wp\/v2\/pages"}],"about":[{"href":"https:\/\/pre-saint-nom.org\/wordpress\/index.php\/wp-json\/wp\/v2\/types\/page"}],"author":[{"embeddable":true,"href":"https:\/\/pre-saint-nom.org\/wordpress\/index.php\/wp-json\/wp\/v2\/users\/3"}],"replies":[{"embeddable":true,"href":"https:\/\/pre-saint-nom.org\/wordpress\/index.php\/wp-json\/wp\/v2\/comments?post=346"}],"version-history":[{"count":10,"href":"https:\/\/pre-saint-nom.org\/wordpress\/index.php\/wp-json\/wp\/v2\/pages\/346\/revisions"}],"predecessor-version":[{"id":359,"href":"https:\/\/pre-saint-nom.org\/wordpress\/index.php\/wp-json\/wp\/v2\/pages\/346\/revisions\/359"}],"wp:attachment":[{"href":"https:\/\/pre-saint-nom.org\/wordpress\/index.php\/wp-json\/wp\/v2\/media?parent=346"}],"curies":[{"name":"wp","href":"https:\/\/api.w.org\/{rel}","templated":true}]}}