{"id":367,"date":"2024-06-28T18:50:43","date_gmt":"2024-06-28T16:50:43","guid":{"rendered":"https:\/\/pre-saint-nom.org\/wordpress\/?page_id=367"},"modified":"2024-07-05T18:40:19","modified_gmt":"2024-07-05T16:40:19","slug":"nouveaux-arrivants","status":"publish","type":"page","link":"https:\/\/pre-saint-nom.org\/wordpress\/index.php\/nouveaux-arrivants\/","title":{"rendered":"Nouveaux arrivants"},"content":{"rendered":"\n<div class=\"wp-block-group intern-link\"><div class=\"wp-block-group__inner-container is-layout-constrained wp-block-group-is-layout-constrained\">\n<div class=\"wp-block-group diaporama-container\"><div class=\"wp-block-group__inner-container is-layout-constrained wp-block-group-is-layout-constrained\"><div class=\"n2_clear\"><ss3-force-full-width data-overflow-x=\"body\" data-horizontal-selector=\"body\"><div class=\"n2-section-smartslider fitvidsignore  n2_clear\" data-ssid=\"1\" tabindex=\"0\" role=\"region\" aria-label=\"Slider\"><div id=\"n2-ss-1-align\" class=\"n2-ss-align\"><div class=\"n2-padding\"><div id=\"n2-ss-1\" data-creator=\"Smart Slider 3\" data-responsive=\"fullwidth\" class=\"n2-ss-slider n2-ow n2-has-hover n2notransition  \">\n\n\n\n\n\n\n\n\n\n\n\n\n\n\n\n\n\n<div class=\"n2-ss-slider-wrapper-inside\">\n        <div class=\"n2-ss-slider-1 n2_ss__touch_element n2-ow\">\n            <div class=\"n2-ss-slider-2 n2-ow\">\n                                                <div class=\"n2-ss-slider-3 n2-ow\">\n\n                    <div class=\"n2-ss-slide-backgrounds n2-ow-all\"><div class=\"n2-ss-slide-background\" data-public-id=\"1\" data-mode=\"fill\"><div class=\"n2-ss-slide-background-image\" data-blur=\"0\" data-opacity=\"100\" data-x=\"50\" data-y=\"50\" data-alt=\"\" data-title=\"\"><picture class=\"skip-lazy\" data-skip-lazy=\"1\"><img decoding=\"async\" src=\"\/\/pre-saint-nom.org\/wordpress\/wp-content\/uploads\/2024\/01\/pexels-miki-czetti-111963-scaled.jpg\" alt=\"\" title=\"\" loading=\"lazy\" class=\"skip-lazy\" data-skip-lazy=\"1\"><\/picture><\/div><div data-color=\"RGBA(255,255,255,0)\" style=\"background-color: RGBA(255,255,255,0);\" class=\"n2-ss-slide-background-color\"><\/div><\/div><div class=\"n2-ss-slide-background\" data-public-id=\"2\" data-mode=\"fill\"><div class=\"n2-ss-slide-background-image\" data-blur=\"0\" data-opacity=\"100\" data-x=\"50\" data-y=\"50\" data-alt=\"\" data-title=\"\"><picture class=\"skip-lazy\" data-skip-lazy=\"1\"><img decoding=\"async\" src=\"\/\/pre-saint-nom.org\/wordpress\/wp-content\/uploads\/2024\/09\/DSC_1018-1.jpeg\" alt=\"\" title=\"\" loading=\"lazy\" class=\"skip-lazy\" data-skip-lazy=\"1\"><\/picture><\/div><div data-color=\"RGBA(255,255,255,0)\" style=\"background-color: RGBA(255,255,255,0);\" class=\"n2-ss-slide-background-color\"><\/div><\/div><div class=\"n2-ss-slide-background\" data-public-id=\"3\" data-mode=\"fill\"><div class=\"n2-ss-slide-background-image\" data-blur=\"0\" data-opacity=\"100\" data-x=\"50\" data-y=\"50\" data-alt=\"\" data-title=\"\"><picture class=\"skip-lazy\" data-skip-lazy=\"1\"><img decoding=\"async\" src=\"\/\/pre-saint-nom.org\/wordpress\/wp-content\/uploads\/2024\/09\/DSC_1013-1.jpeg\" alt=\"\" title=\"\" loading=\"lazy\" class=\"skip-lazy\" data-skip-lazy=\"1\"><\/picture><\/div><div data-color=\"RGBA(255,255,255,0)\" style=\"background-color: RGBA(255,255,255,0);\" class=\"n2-ss-slide-background-color\"><\/div><\/div><div class=\"n2-ss-slide-background\" data-public-id=\"4\" data-mode=\"fill\"><div class=\"n2-ss-slide-background-image\" data-blur=\"0\" data-opacity=\"100\" data-x=\"50\" data-y=\"50\" data-alt=\"\" data-title=\"\"><picture class=\"skip-lazy\" data-skip-lazy=\"1\"><img decoding=\"async\" src=\"\/\/pre-saint-nom.org\/wordpress\/wp-content\/uploads\/2024\/09\/DSC_1010-1.jpeg\" alt=\"\" title=\"\" loading=\"lazy\" class=\"skip-lazy\" data-skip-lazy=\"1\"><\/picture><\/div><div data-color=\"RGBA(255,255,255,0)\" style=\"background-color: RGBA(255,255,255,0);\" class=\"n2-ss-slide-background-color\"><\/div><\/div><div class=\"n2-ss-slide-background\" data-public-id=\"5\" data-mode=\"fill\"><div class=\"n2-ss-slide-background-image\" data-blur=\"0\" data-opacity=\"100\" data-x=\"50\" data-y=\"50\" data-alt=\"\" data-title=\"\"><picture class=\"skip-lazy\" data-skip-lazy=\"1\"><img decoding=\"async\" src=\"\/\/pre-saint-nom.org\/wordpress\/wp-content\/uploads\/2024\/09\/DSC_1002.jpeg\" alt=\"\" title=\"\" loading=\"lazy\" class=\"skip-lazy\" data-skip-lazy=\"1\"><\/picture><\/div><div data-color=\"RGBA(255,255,255,0)\" style=\"background-color: RGBA(255,255,255,0);\" class=\"n2-ss-slide-background-color\"><\/div><\/div><div class=\"n2-ss-slide-background\" data-public-id=\"6\" data-mode=\"fill\"><div class=\"n2-ss-slide-background-image\" data-blur=\"0\" data-opacity=\"100\" data-x=\"50\" data-y=\"50\" data-alt=\"\" data-title=\"\"><picture class=\"skip-lazy\" data-skip-lazy=\"1\"><img decoding=\"async\" src=\"\/\/pre-saint-nom.org\/wordpress\/wp-content\/uploads\/2024\/11\/DSC_1027.jpeg\" alt=\"\" title=\"\" loading=\"lazy\" class=\"skip-lazy\" data-skip-lazy=\"1\"><\/picture><\/div><div data-color=\"RGBA(255,255,255,0)\" style=\"background-color: RGBA(255,255,255,0);\" class=\"n2-ss-slide-background-color\"><\/div><\/div><\/div>                    <div class=\"n2-ss-slider-4 n2-ow\">\n                        <svg xmlns=\"http:\/\/www.w3.org\/2000\/svg\" viewBox=\"0 0 1200 400\" data-related-device=\"desktopPortrait\" class=\"n2-ow n2-ss-preserve-size n2-ss-preserve-size--slider n2-ss-slide-limiter\"><\/svg><div data-first=\"1\" data-slide-duration=\"0\" data-id=\"4\" data-slide-public-id=\"1\" data-title=\"pexels-miki-czetti-111963\" class=\"n2-ss-slide n2-ow  n2-ss-slide-4\"><div role=\"note\" class=\"n2-ss-slide--focus\" tabindex=\"-1\">pexels-miki-czetti-111963<\/div><div class=\"n2-ss-layers-container n2-ss-slide-limiter n2-ow\"><div class=\"n2-ss-layer n2-ow n-uc-av0uchgSW8u2\" data-sstype=\"slide\" data-pm=\"default\"><\/div><\/div><\/div><div data-slide-duration=\"0\" data-id=\"12\" data-slide-public-id=\"2\" data-title=\"DSC_1018 (1)\" class=\"n2-ss-slide n2-ow  n2-ss-slide-12\"><div role=\"note\" class=\"n2-ss-slide--focus\" tabindex=\"-1\">DSC_1018 (1)<\/div><div class=\"n2-ss-layers-container n2-ss-slide-limiter n2-ow\"><div class=\"n2-ss-layer n2-ow n-uc-eomPjetLDaMz\" data-sstype=\"slide\" data-pm=\"default\"><\/div><\/div><\/div><div data-slide-duration=\"0\" data-id=\"13\" data-slide-public-id=\"3\" data-title=\"DSC_1013 (1)\" class=\"n2-ss-slide n2-ow  n2-ss-slide-13\"><div role=\"note\" class=\"n2-ss-slide--focus\" tabindex=\"-1\">DSC_1013 (1)<\/div><div class=\"n2-ss-layers-container n2-ss-slide-limiter n2-ow\"><div class=\"n2-ss-layer n2-ow n-uc-0mQ5CBvtgN5A\" data-sstype=\"slide\" data-pm=\"default\"><\/div><\/div><\/div><div data-slide-duration=\"0\" data-id=\"14\" data-slide-public-id=\"4\" data-title=\"DSC_1010\" class=\"n2-ss-slide n2-ow  n2-ss-slide-14\"><div role=\"note\" class=\"n2-ss-slide--focus\" tabindex=\"-1\">DSC_1010<\/div><div class=\"n2-ss-layers-container n2-ss-slide-limiter n2-ow\"><div class=\"n2-ss-layer n2-ow n-uc-mq9erKWZQeQ8\" data-sstype=\"slide\" data-pm=\"default\"><\/div><\/div><\/div><div data-slide-duration=\"0\" data-id=\"15\" data-slide-public-id=\"5\" data-title=\"DSC_1002\" class=\"n2-ss-slide n2-ow  n2-ss-slide-15\"><div role=\"note\" class=\"n2-ss-slide--focus\" tabindex=\"-1\">DSC_1002<\/div><div class=\"n2-ss-layers-container n2-ss-slide-limiter n2-ow\"><div class=\"n2-ss-layer n2-ow n-uc-i6WgIvkmohi6\" data-sstype=\"slide\" data-pm=\"default\"><\/div><\/div><\/div><div data-slide-duration=\"0\" data-id=\"17\" data-slide-public-id=\"6\" data-title=\"DSC_1027\" class=\"n2-ss-slide n2-ow  n2-ss-slide-17\"><div role=\"note\" class=\"n2-ss-slide--focus\" tabindex=\"-1\">DSC_1027<\/div><div class=\"n2-ss-layers-container n2-ss-slide-limiter n2-ow\"><div class=\"n2-ss-layer n2-ow n-uc-sEe1uXWtIt75\" data-sstype=\"slide\" data-pm=\"default\"><\/div><\/div><\/div>                    <\/div>\n\n                                    <\/div>\n            <\/div>\n        <\/div>\n        <div class=\"n2-ss-slider-controls n2-ss-slider-controls-absolute-center-bottom\"><div style=\"--widget-offset:30px;text-align: center;width:100%;\" class=\"n2-ss-widget nextend-bar nextend-bar-horizontal n2-ss-widget-hidden n2-ow-all\"><div class=\"n2-style-3745c27e4cee514fb93ac00b0ec9858c-simple \" style=\"display: inline-block;\"><span class=\"n2-font-030314930993fbe6df1ea1b668bdcdad-simple \">&nbsp;<\/span><\/div><\/div><div style=\"--widget-offset:5px;\" class=\"n2-ss-widget n2-ss-widget-display-hover n2-ss-control-bullet n2-ow-all n2-ss-control-bullet-horizontal\"><div class=\" nextend-bullet-bar n2-bar-justify-content-center\"><div class=\"n2-bullet n2-style-37b83350d88fb82e7ea26e8ad7887167-dot \" style=\"visibility:hidden;\"><\/div><\/div><\/div><\/div><\/div><\/div><ss3-loader><\/ss3-loader><\/div><\/div><div class=\"n2_clear\"><\/div><\/div><\/ss3-force-full-width><\/div>\n\n\n<div class=\"wp-block-group left-container\"><div class=\"wp-block-group__inner-container is-layout-constrained wp-block-group-is-layout-constrained\">\n<h2 class=\"wp-block-heading welcome\">Conseils aux nouveaux arrivants<\/h2>\n<\/div><\/div>\n<\/div><\/div>\n\n\n\n<div class=\"wp-block-group content-section-vertical reveal is-vertical is-layout-flex wp-container-core-group-is-layout-8cf370e7 wp-block-group-is-layout-flex\">\n<div class=\"wp-block-group info-section is-vertical is-layout-flex wp-container-core-group-is-layout-8cf370e7 wp-block-group-is-layout-flex\">\n<h2 class=\"wp-block-heading\"><strong>A savoir<\/strong><\/h2>\n\n\n\n<p class=\"has-text-align-left\">Vous venez d&rsquo;acqu\u00e9rir une maison \u00e0 Pr\u00e9 Saint Nom : nous vous en f\u00e9licitons et vous souhaitons la bienvenue parmi nous.<\/p>\n\n\n\n<p class=\"has-text-align-left\">Votre habitation fait partie d&rsquo;un ensemble de 202 maisons dont les propri\u00e9taires sont regroup\u00e9s au sein d&rsquo;une structure juridique : l&rsquo;<em>Association Syndicale Libre de Pr\u00e9 Saint Nom<\/em>.<\/p>\n\n\n\n<p class=\"has-text-align-left\">Vous \u00eates devenus de plein droit, du seul fait de votre acquisition, membres de cette Association dont les Statuts et le Cahier des Charges ont d\u00fb vous \u00eatre remis par votre notaire. Si non, vous pouvez acc\u00e9der \u00e0 ces textes en cliquant sur leur nom.<\/p>\n\n\n\n<p class=\"has-text-align-left\">La lecture de ces documents peut para\u00eetre fastidieuse: il importe cependant que vous en connaissiez les grandes lignes .<\/p>\n<\/div>\n\n\n\n<div class=\"wp-block-group info-section is-vertical is-layout-flex wp-container-core-group-is-layout-8cf370e7 wp-block-group-is-layout-flex\">\n<h2 class=\"wp-block-heading\"><strong>Le cahier des charges<\/strong><\/h2>\n\n\n\n<p class=\"has-text-align-left\">Il \u00e9nonce les r\u00e8gles que doivent observer les r\u00e9sidants en ce qui concerne l&rsquo;affectation et l&rsquo;entretien des maisons et des jardins ; il contient aussi des prescriptions en mati\u00e8re d&rsquo;urbanisme en vue de maintenir le caract\u00e8re de la R\u00e9sidence. Le respect de ces r\u00e8gles et de ces prescriptions contribue \u00e0 l&rsquo;harmonie des relations entre les r\u00e9sidants et \u00e0 la qualit\u00e9 de vie \u00e0 Pr\u00e9 Saint\u2011Nom; il permet en outre de maintenir le standing de notre R\u00e9sidence, donc de valoriser votre patrimoine.<\/p>\n<\/div>\n\n\n\n<div class=\"wp-block-group info-section is-vertical is-layout-flex wp-container-core-group-is-layout-8cf370e7 wp-block-group-is-layout-flex\">\n<h2 class=\"wp-block-heading\"><strong>Les statuts<\/strong><\/h2>\n\n\n\n<p class=\"has-text-align-left\">Ils d\u00e9finissent le mode de fonctionnement de notre Association. L&rsquo;objet de cette derni\u00e8re est double :<\/p>\n\n\n\n<ul class=\"wp-block-list\">\n<li>g\u00e9rer et entretenir les ouvrages collectifs (voirie, signalisation, espaces verts, r\u00e9seaux d&rsquo;\u00e9clairage, de t\u00e9l\u00e9vision, etc&#8230; )<\/li>\n\n\n\n<li>assurer le respect du Cahier des Charges.<\/li>\n<\/ul>\n\n\n\n<p class=\"has-text-align-left\">Un Comit\u00e9 Syndical de 10 personnes choisies parmi les membres de l&rsquo;Association et nomm\u00e9es par l&rsquo;Assembl\u00e9e G\u00e9n\u00e9rale des propri\u00e9taires assure b\u00e9n\u00e9volement la totalit\u00e9 de la gestion sans faire appel \u00e0 un syndic professionnel, ce qui permet de maintenir les charges \u00e0 un niveau tr\u00e8s raisonnable, tout en assurant une meilleure qualit\u00e9 de service.<\/p>\n\n\n\n<p class=\"has-text-align-left\">Le dossier que nous vous remettons contient un extrait \u00e0 jour du&nbsp;<a href=\"https:\/\/pre-saint-nom.org\/Gestion\/CdC\/Chapitre1CdC.pdf\">Cahier&nbsp;des&nbsp;Charges<\/a>&nbsp;et des&nbsp;<a href=\"https:\/\/pre-saint-nom.org\/Gestion\/CdC\/Statuts2019.pdf\">Statuts<\/a>, ainsi qu&rsquo;un certain nombre de fiches sur lesquelles vous trouverez des indications qui vous seront n\u00e9cessaires ou utiles.<\/p>\n\n\n\n<p class=\"has-text-align-left\">Pour votre installation, vous trouverez sur ce site les informations dont vous avez besoin. Vous pouvez aussi acc\u00e9der au&nbsp;<a href=\"http:\/\/www.saint-nom-la-breteche.org\/\" target=\"_blank\" rel=\"noreferrer noopener\">site de la municipalit\u00e9 de Saint Nom<\/a>.<\/p>\n<\/div>\n<\/div>\n<\/div><\/div>\n","protected":false},"excerpt":{"rendered":"<p>Conseils aux nouveaux arrivants A savoir Vous venez d&rsquo;acqu\u00e9rir une maison \u00e0 Pr\u00e9 Saint Nom : nous vous en f\u00e9licitons et vous souhaitons la bienvenue parmi nous. Votre habitation fait partie d&rsquo;un ensemble de 202 maisons dont les propri\u00e9taires sont regroup\u00e9s au sein d&rsquo;une structure juridique : l&rsquo;Association Syndicale Libre de Pr\u00e9 Saint Nom. Vous [&hellip;]<\/p>\n","protected":false},"author":3,"featured_media":0,"parent":0,"menu_order":0,"comment_status":"closed","ping_status":"closed","template":"","meta":{"footnotes":""},"class_list":["post-367","page","type-page","status-publish","hentry"],"_links":{"self":[{"href":"https:\/\/pre-saint-nom.org\/wordpress\/index.php\/wp-json\/wp\/v2\/pages\/367","targetHints":{"allow":["GET"]}}],"collection":[{"href":"https:\/\/pre-saint-nom.org\/wordpress\/index.php\/wp-json\/wp\/v2\/pages"}],"about":[{"href":"https:\/\/pre-saint-nom.org\/wordpress\/index.php\/wp-json\/wp\/v2\/types\/page"}],"author":[{"embeddable":true,"href":"https:\/\/pre-saint-nom.org\/wordpress\/index.php\/wp-json\/wp\/v2\/users\/3"}],"replies":[{"embeddable":true,"href":"https:\/\/pre-saint-nom.org\/wordpress\/index.php\/wp-json\/wp\/v2\/comments?post=367"}],"version-history":[{"count":4,"href":"https:\/\/pre-saint-nom.org\/wordpress\/index.php\/wp-json\/wp\/v2\/pages\/367\/revisions"}],"predecessor-version":[{"id":444,"href":"https:\/\/pre-saint-nom.org\/wordpress\/index.php\/wp-json\/wp\/v2\/pages\/367\/revisions\/444"}],"wp:attachment":[{"href":"https:\/\/pre-saint-nom.org\/wordpress\/index.php\/wp-json\/wp\/v2\/media?parent=367"}],"curies":[{"name":"wp","href":"https:\/\/api.w.org\/{rel}","templated":true}]}}