{"id":475,"date":"2024-07-12T16:28:34","date_gmt":"2024-07-12T14:28:34","guid":{"rendered":"https:\/\/pre-saint-nom.org\/wordpress\/?page_id=475"},"modified":"2024-07-19T19:03:38","modified_gmt":"2024-07-19T17:03:38","slug":"communication","status":"publish","type":"page","link":"https:\/\/pre-saint-nom.org\/wordpress\/index.php\/communication\/","title":{"rendered":"Communication"},"content":{"rendered":"\n<div class=\"wp-block-group intern-link\"><div class=\"wp-block-group__inner-container is-layout-constrained wp-block-group-is-layout-constrained\">\n<div class=\"wp-block-group diaporama-container\"><div class=\"wp-block-group__inner-container is-layout-constrained wp-block-group-is-layout-constrained\"><div class=\"n2_clear\"><ss3-force-full-width data-overflow-x=\"body\" data-horizontal-selector=\"body\"><div class=\"n2-section-smartslider fitvidsignore  n2_clear\" data-ssid=\"1\" tabindex=\"0\" role=\"region\" aria-label=\"Slider\"><div id=\"n2-ss-1-align\" class=\"n2-ss-align\"><div class=\"n2-padding\"><div id=\"n2-ss-1\" data-creator=\"Smart Slider 3\" data-responsive=\"fullwidth\" class=\"n2-ss-slider n2-ow n2-has-hover n2notransition  \">\n\n\n\n\n\n\n\n\n\n\n\n\n\n\n\n\n\n<div class=\"n2-ss-slider-wrapper-inside\">\n        <div class=\"n2-ss-slider-1 n2_ss__touch_element n2-ow\">\n            <div class=\"n2-ss-slider-2 n2-ow\">\n                                                <div class=\"n2-ss-slider-3 n2-ow\">\n\n                    <div class=\"n2-ss-slide-backgrounds n2-ow-all\"><div class=\"n2-ss-slide-background\" data-public-id=\"1\" data-mode=\"fill\"><div class=\"n2-ss-slide-background-image\" data-blur=\"0\" data-opacity=\"100\" data-x=\"50\" data-y=\"50\" data-alt=\"\" data-title=\"\"><picture class=\"skip-lazy\" data-skip-lazy=\"1\"><img decoding=\"async\" src=\"\/\/pre-saint-nom.org\/wordpress\/wp-content\/uploads\/2024\/01\/pexels-miki-czetti-111963-scaled.jpg\" alt=\"\" title=\"\" loading=\"lazy\" class=\"skip-lazy\" data-skip-lazy=\"1\"><\/picture><\/div><div data-color=\"RGBA(255,255,255,0)\" style=\"background-color: RGBA(255,255,255,0);\" class=\"n2-ss-slide-background-color\"><\/div><\/div><div class=\"n2-ss-slide-background\" data-public-id=\"2\" data-mode=\"fill\"><div class=\"n2-ss-slide-background-image\" data-blur=\"0\" data-opacity=\"100\" data-x=\"50\" data-y=\"50\" data-alt=\"\" data-title=\"\"><picture class=\"skip-lazy\" data-skip-lazy=\"1\"><img decoding=\"async\" src=\"\/\/pre-saint-nom.org\/wordpress\/wp-content\/uploads\/2024\/09\/DSC_1018-1.jpeg\" alt=\"\" title=\"\" loading=\"lazy\" class=\"skip-lazy\" data-skip-lazy=\"1\"><\/picture><\/div><div data-color=\"RGBA(255,255,255,0)\" style=\"background-color: RGBA(255,255,255,0);\" class=\"n2-ss-slide-background-color\"><\/div><\/div><div class=\"n2-ss-slide-background\" data-public-id=\"3\" data-mode=\"fill\"><div class=\"n2-ss-slide-background-image\" data-blur=\"0\" data-opacity=\"100\" data-x=\"50\" data-y=\"50\" data-alt=\"\" data-title=\"\"><picture class=\"skip-lazy\" data-skip-lazy=\"1\"><img decoding=\"async\" src=\"\/\/pre-saint-nom.org\/wordpress\/wp-content\/uploads\/2024\/09\/DSC_1013-1.jpeg\" alt=\"\" title=\"\" loading=\"lazy\" class=\"skip-lazy\" data-skip-lazy=\"1\"><\/picture><\/div><div data-color=\"RGBA(255,255,255,0)\" style=\"background-color: RGBA(255,255,255,0);\" class=\"n2-ss-slide-background-color\"><\/div><\/div><div class=\"n2-ss-slide-background\" data-public-id=\"4\" data-mode=\"fill\"><div class=\"n2-ss-slide-background-image\" data-blur=\"0\" data-opacity=\"100\" data-x=\"50\" data-y=\"50\" data-alt=\"\" data-title=\"\"><picture class=\"skip-lazy\" data-skip-lazy=\"1\"><img decoding=\"async\" src=\"\/\/pre-saint-nom.org\/wordpress\/wp-content\/uploads\/2024\/09\/DSC_1010-1.jpeg\" alt=\"\" title=\"\" loading=\"lazy\" class=\"skip-lazy\" data-skip-lazy=\"1\"><\/picture><\/div><div data-color=\"RGBA(255,255,255,0)\" style=\"background-color: RGBA(255,255,255,0);\" class=\"n2-ss-slide-background-color\"><\/div><\/div><div class=\"n2-ss-slide-background\" data-public-id=\"5\" data-mode=\"fill\"><div class=\"n2-ss-slide-background-image\" data-blur=\"0\" data-opacity=\"100\" data-x=\"50\" data-y=\"50\" data-alt=\"\" data-title=\"\"><picture class=\"skip-lazy\" data-skip-lazy=\"1\"><img decoding=\"async\" src=\"\/\/pre-saint-nom.org\/wordpress\/wp-content\/uploads\/2024\/09\/DSC_1002.jpeg\" alt=\"\" title=\"\" loading=\"lazy\" class=\"skip-lazy\" data-skip-lazy=\"1\"><\/picture><\/div><div data-color=\"RGBA(255,255,255,0)\" style=\"background-color: RGBA(255,255,255,0);\" class=\"n2-ss-slide-background-color\"><\/div><\/div><div class=\"n2-ss-slide-background\" data-public-id=\"6\" data-mode=\"fill\"><div class=\"n2-ss-slide-background-image\" data-blur=\"0\" data-opacity=\"100\" data-x=\"50\" data-y=\"50\" data-alt=\"\" data-title=\"\"><picture class=\"skip-lazy\" data-skip-lazy=\"1\"><img decoding=\"async\" src=\"\/\/pre-saint-nom.org\/wordpress\/wp-content\/uploads\/2024\/11\/DSC_1027.jpeg\" alt=\"\" title=\"\" loading=\"lazy\" class=\"skip-lazy\" data-skip-lazy=\"1\"><\/picture><\/div><div data-color=\"RGBA(255,255,255,0)\" style=\"background-color: RGBA(255,255,255,0);\" class=\"n2-ss-slide-background-color\"><\/div><\/div><\/div>                    <div class=\"n2-ss-slider-4 n2-ow\">\n                        <svg xmlns=\"http:\/\/www.w3.org\/2000\/svg\" viewBox=\"0 0 1200 400\" data-related-device=\"desktopPortrait\" class=\"n2-ow n2-ss-preserve-size n2-ss-preserve-size--slider n2-ss-slide-limiter\"><\/svg><div data-first=\"1\" data-slide-duration=\"0\" data-id=\"4\" data-slide-public-id=\"1\" data-title=\"pexels-miki-czetti-111963\" class=\"n2-ss-slide n2-ow  n2-ss-slide-4\"><div role=\"note\" class=\"n2-ss-slide--focus\" tabindex=\"-1\">pexels-miki-czetti-111963<\/div><div class=\"n2-ss-layers-container n2-ss-slide-limiter n2-ow\"><div class=\"n2-ss-layer n2-ow n-uc-u0jI8vnqMZfJ\" data-sstype=\"slide\" data-pm=\"default\"><\/div><\/div><\/div><div data-slide-duration=\"0\" data-id=\"12\" data-slide-public-id=\"2\" data-title=\"DSC_1018 (1)\" class=\"n2-ss-slide n2-ow  n2-ss-slide-12\"><div role=\"note\" class=\"n2-ss-slide--focus\" tabindex=\"-1\">DSC_1018 (1)<\/div><div class=\"n2-ss-layers-container n2-ss-slide-limiter n2-ow\"><div class=\"n2-ss-layer n2-ow n-uc-C0FjTcIYVjXe\" data-sstype=\"slide\" data-pm=\"default\"><\/div><\/div><\/div><div data-slide-duration=\"0\" data-id=\"13\" data-slide-public-id=\"3\" data-title=\"DSC_1013 (1)\" class=\"n2-ss-slide n2-ow  n2-ss-slide-13\"><div role=\"note\" class=\"n2-ss-slide--focus\" tabindex=\"-1\">DSC_1013 (1)<\/div><div class=\"n2-ss-layers-container n2-ss-slide-limiter n2-ow\"><div class=\"n2-ss-layer n2-ow n-uc-GLkO1QRnrkTL\" data-sstype=\"slide\" data-pm=\"default\"><\/div><\/div><\/div><div data-slide-duration=\"0\" data-id=\"14\" data-slide-public-id=\"4\" data-title=\"DSC_1010\" class=\"n2-ss-slide n2-ow  n2-ss-slide-14\"><div role=\"note\" class=\"n2-ss-slide--focus\" tabindex=\"-1\">DSC_1010<\/div><div class=\"n2-ss-layers-container n2-ss-slide-limiter n2-ow\"><div class=\"n2-ss-layer n2-ow n-uc-hSBuDBG4frqI\" data-sstype=\"slide\" data-pm=\"default\"><\/div><\/div><\/div><div data-slide-duration=\"0\" data-id=\"15\" data-slide-public-id=\"5\" data-title=\"DSC_1002\" class=\"n2-ss-slide n2-ow  n2-ss-slide-15\"><div role=\"note\" class=\"n2-ss-slide--focus\" tabindex=\"-1\">DSC_1002<\/div><div class=\"n2-ss-layers-container n2-ss-slide-limiter n2-ow\"><div class=\"n2-ss-layer n2-ow n-uc-pVicyEdtu7ec\" data-sstype=\"slide\" data-pm=\"default\"><\/div><\/div><\/div><div data-slide-duration=\"0\" data-id=\"17\" data-slide-public-id=\"6\" data-title=\"DSC_1027\" class=\"n2-ss-slide n2-ow  n2-ss-slide-17\"><div role=\"note\" class=\"n2-ss-slide--focus\" tabindex=\"-1\">DSC_1027<\/div><div class=\"n2-ss-layers-container n2-ss-slide-limiter n2-ow\"><div class=\"n2-ss-layer n2-ow n-uc-Gy60rSzSJFal\" data-sstype=\"slide\" data-pm=\"default\"><\/div><\/div><\/div>                    <\/div>\n\n                                    <\/div>\n            <\/div>\n        <\/div>\n        <div class=\"n2-ss-slider-controls n2-ss-slider-controls-absolute-center-bottom\"><div style=\"--widget-offset:30px;text-align: center;width:100%;\" class=\"n2-ss-widget nextend-bar nextend-bar-horizontal n2-ss-widget-hidden n2-ow-all\"><div class=\"n2-style-3745c27e4cee514fb93ac00b0ec9858c-simple \" style=\"display: inline-block;\"><span class=\"n2-font-030314930993fbe6df1ea1b668bdcdad-simple \">&nbsp;<\/span><\/div><\/div><div style=\"--widget-offset:5px;\" class=\"n2-ss-widget n2-ss-widget-display-hover n2-ss-control-bullet n2-ow-all n2-ss-control-bullet-horizontal\"><div class=\" nextend-bullet-bar n2-bar-justify-content-center\"><div class=\"n2-bullet n2-style-37b83350d88fb82e7ea26e8ad7887167-dot \" style=\"visibility:hidden;\"><\/div><\/div><\/div><\/div><\/div><\/div><ss3-loader><\/ss3-loader><\/div><\/div><div class=\"n2_clear\"><\/div><\/div><\/ss3-force-full-width><\/div>\n\n\n<div class=\"wp-block-group left-container\"><div class=\"wp-block-group__inner-container is-layout-constrained wp-block-group-is-layout-constrained\">\n<h2 class=\"wp-block-heading welcome\">La communication \u00e0 Pr\u00e9&nbsp;Saint&nbsp;Nom<\/h2>\n<\/div><\/div>\n<\/div><\/div>\n\n\n\n<div class=\"wp-block-group content-section-vertical reveal is-vertical is-layout-flex wp-container-core-group-is-layout-8cf370e7 wp-block-group-is-layout-flex\">\n<div class=\"wp-block-group info-section is-vertical is-layout-flex wp-container-core-group-is-layout-8cf370e7 wp-block-group-is-layout-flex\">\n<h4 class=\"wp-block-heading\"><strong>La Communication au sein de la R\u00e9sidence s\u2019effectue de plusieurs mani\u00e8res.<\/strong><\/h4>\n<\/div>\n\n\n\n<div class=\"wp-block-group info-section is-vertical is-layout-flex wp-container-core-group-is-layout-8cf370e7 wp-block-group-is-layout-flex\">\n<h3 class=\"wp-block-heading has-text-align-left\">A \u2013 Les \u00ab&nbsp;points de contacts&nbsp;\u00bb.<\/h3>\n\n\n\n<p class=\"has-text-align-left\">Ce sont des personnes habitant la R\u00e9sidence bien entendu et qui sont charg\u00e9es d\u2019\u00eatre \u00e0 l\u2019\u00e9coute des r\u00e9sidants et de faire circuler l\u2019information et suggestions diverses entre tous les propri\u00e9taires et le Comit\u00e9 Syndical.<\/p>\n<\/div>\n\n\n\n<div class=\"wp-block-group info-section is-vertical is-layout-flex wp-container-core-group-is-layout-8cf370e7 wp-block-group-is-layout-flex\">\n<h3 class=\"wp-block-heading has-text-align-left\">B \u2013 La Lettre d&rsquo;Information<\/h3>\n\n\n\n<p>Distribution p\u00e9riodique d\u2019une lettre d\u2019information dans toutes les villas reprise sur ce site.<\/p>\n\n\n\n<p><a href=\"https:\/\/pre-saint-nom.org\/wordpress\/index.php\/actualites\/\">(Les FlashInfos sont consultables sur la page Actualit\u00e9s)<\/a><\/p>\n<\/div>\n\n\n\n<div class=\"wp-block-group info-section is-vertical is-layout-flex wp-container-core-group-is-layout-8cf370e7 wp-block-group-is-layout-flex\">\n<h3 class=\"wp-block-heading has-text-align-left\">C \u2013 La galette des Rois<\/h3>\n\n\n\n<p>Organisation de la galette des Rois (en principe \u00e0 la Mairie de St-Nom) chaque d\u00e9but janvier.<\/p>\n<\/div>\n\n\n\n<h3 class=\"wp-block-heading has-text-align-left\"><\/h3>\n\n\n\n<div class=\"wp-block-group info-section is-vertical is-layout-flex wp-container-core-group-is-layout-8cf370e7 wp-block-group-is-layout-flex\">\n<h3 class=\"wp-block-heading has-text-align-left\">D &#8211; Le site Internet<\/h3>\n\n\n\n<p>Il donne des informations g\u00e9n\u00e9rales sur la r\u00e9sidence.<\/p>\n\n\n\n<div class=\"wp-block-group info-section is-vertical is-layout-flex wp-container-core-group-is-layout-8cf370e7 wp-block-group-is-layout-flex\">\n<h3 class=\"wp-block-heading has-text-align-left\">E \u2013 Le courrier \u00e9lectronique.<\/h3>\n\n\n\n<p class=\"has-text-align-left\">Les membres du Comit\u00e9 Syndical sont reli\u00e9s entre eux par Internet. Ils communiquent le cas \u00e9ch\u00e9ant avec les autres propri\u00e9taires \u00e9quip\u00e9s de cet outil.<\/p>\n<\/div>\n<\/div>\n<\/div>\n<\/div><\/div>\n","protected":false},"excerpt":{"rendered":"<p>La communication \u00e0 Pr\u00e9&nbsp;Saint&nbsp;Nom La Communication au sein de la R\u00e9sidence s\u2019effectue de plusieurs mani\u00e8res. A \u2013 Les \u00ab&nbsp;points de contacts&nbsp;\u00bb. Ce sont des personnes habitant la R\u00e9sidence bien entendu et qui sont charg\u00e9es d\u2019\u00eatre \u00e0 l\u2019\u00e9coute des r\u00e9sidants et de faire circuler l\u2019information et suggestions diverses entre tous les propri\u00e9taires et le Comit\u00e9 Syndical. [&hellip;]<\/p>\n","protected":false},"author":3,"featured_media":0,"parent":0,"menu_order":0,"comment_status":"closed","ping_status":"closed","template":"","meta":{"footnotes":""},"class_list":["post-475","page","type-page","status-publish","hentry"],"_links":{"self":[{"href":"https:\/\/pre-saint-nom.org\/wordpress\/index.php\/wp-json\/wp\/v2\/pages\/475","targetHints":{"allow":["GET"]}}],"collection":[{"href":"https:\/\/pre-saint-nom.org\/wordpress\/index.php\/wp-json\/wp\/v2\/pages"}],"about":[{"href":"https:\/\/pre-saint-nom.org\/wordpress\/index.php\/wp-json\/wp\/v2\/types\/page"}],"author":[{"embeddable":true,"href":"https:\/\/pre-saint-nom.org\/wordpress\/index.php\/wp-json\/wp\/v2\/users\/3"}],"replies":[{"embeddable":true,"href":"https:\/\/pre-saint-nom.org\/wordpress\/index.php\/wp-json\/wp\/v2\/comments?post=475"}],"version-history":[{"count":9,"href":"https:\/\/pre-saint-nom.org\/wordpress\/index.php\/wp-json\/wp\/v2\/pages\/475\/revisions"}],"predecessor-version":[{"id":623,"href":"https:\/\/pre-saint-nom.org\/wordpress\/index.php\/wp-json\/wp\/v2\/pages\/475\/revisions\/623"}],"wp:attachment":[{"href":"https:\/\/pre-saint-nom.org\/wordpress\/index.php\/wp-json\/wp\/v2\/media?parent=475"}],"curies":[{"name":"wp","href":"https:\/\/api.w.org\/{rel}","templated":true}]}}