{"id":479,"date":"2024-07-12T16:28:53","date_gmt":"2024-07-12T14:28:53","guid":{"rendered":"https:\/\/pre-saint-nom.org\/wordpress\/?page_id=479"},"modified":"2024-07-19T16:34:41","modified_gmt":"2024-07-19T14:34:41","slug":"fichier-des-artisans","status":"publish","type":"page","link":"https:\/\/pre-saint-nom.org\/wordpress\/index.php\/fichier-des-artisans\/","title":{"rendered":"Fichier des artisans"},"content":{"rendered":"\n<div class=\"wp-block-group intern-link\"><div class=\"wp-block-group__inner-container is-layout-constrained wp-block-group-is-layout-constrained\">\n<div class=\"wp-block-group diaporama-container\"><div class=\"wp-block-group__inner-container is-layout-constrained wp-block-group-is-layout-constrained\"><div class=\"n2_clear\"><ss3-force-full-width data-overflow-x=\"body\" data-horizontal-selector=\"body\"><div class=\"n2-section-smartslider fitvidsignore  n2_clear\" data-ssid=\"1\" tabindex=\"0\" role=\"region\" aria-label=\"Slider\"><div id=\"n2-ss-1-align\" class=\"n2-ss-align\"><div class=\"n2-padding\"><div id=\"n2-ss-1\" data-creator=\"Smart Slider 3\" data-responsive=\"fullwidth\" class=\"n2-ss-slider n2-ow n2-has-hover n2notransition  \">\n\n\n\n\n\n\n\n\n\n\n\n\n\n\n\n\n\n<div class=\"n2-ss-slider-wrapper-inside\">\n        <div class=\"n2-ss-slider-1 n2_ss__touch_element n2-ow\">\n            <div class=\"n2-ss-slider-2 n2-ow\">\n                                                <div class=\"n2-ss-slider-3 n2-ow\">\n\n                    <div class=\"n2-ss-slide-backgrounds n2-ow-all\"><div class=\"n2-ss-slide-background\" data-public-id=\"1\" data-mode=\"fill\"><div class=\"n2-ss-slide-background-image\" data-blur=\"0\" data-opacity=\"100\" data-x=\"50\" data-y=\"50\" data-alt=\"\" data-title=\"\"><picture class=\"skip-lazy\" data-skip-lazy=\"1\"><img decoding=\"async\" src=\"\/\/pre-saint-nom.org\/wordpress\/wp-content\/uploads\/2024\/01\/pexels-miki-czetti-111963-scaled.jpg\" alt=\"\" title=\"\" loading=\"lazy\" class=\"skip-lazy\" data-skip-lazy=\"1\"><\/picture><\/div><div data-color=\"RGBA(255,255,255,0)\" style=\"background-color: RGBA(255,255,255,0);\" class=\"n2-ss-slide-background-color\"><\/div><\/div><div class=\"n2-ss-slide-background\" data-public-id=\"2\" data-mode=\"fill\"><div class=\"n2-ss-slide-background-image\" data-blur=\"0\" data-opacity=\"100\" data-x=\"50\" data-y=\"50\" data-alt=\"\" data-title=\"\"><picture class=\"skip-lazy\" data-skip-lazy=\"1\"><img decoding=\"async\" src=\"\/\/pre-saint-nom.org\/wordpress\/wp-content\/uploads\/2024\/09\/DSC_1018-1.jpeg\" alt=\"\" title=\"\" loading=\"lazy\" class=\"skip-lazy\" data-skip-lazy=\"1\"><\/picture><\/div><div data-color=\"RGBA(255,255,255,0)\" style=\"background-color: RGBA(255,255,255,0);\" class=\"n2-ss-slide-background-color\"><\/div><\/div><div class=\"n2-ss-slide-background\" data-public-id=\"3\" data-mode=\"fill\"><div class=\"n2-ss-slide-background-image\" data-blur=\"0\" data-opacity=\"100\" data-x=\"50\" data-y=\"50\" data-alt=\"\" data-title=\"\"><picture class=\"skip-lazy\" data-skip-lazy=\"1\"><img decoding=\"async\" src=\"\/\/pre-saint-nom.org\/wordpress\/wp-content\/uploads\/2024\/09\/DSC_1013-1.jpeg\" alt=\"\" title=\"\" loading=\"lazy\" class=\"skip-lazy\" data-skip-lazy=\"1\"><\/picture><\/div><div data-color=\"RGBA(255,255,255,0)\" style=\"background-color: RGBA(255,255,255,0);\" class=\"n2-ss-slide-background-color\"><\/div><\/div><div class=\"n2-ss-slide-background\" data-public-id=\"4\" data-mode=\"fill\"><div class=\"n2-ss-slide-background-image\" data-blur=\"0\" data-opacity=\"100\" data-x=\"50\" data-y=\"50\" data-alt=\"\" data-title=\"\"><picture class=\"skip-lazy\" data-skip-lazy=\"1\"><img decoding=\"async\" src=\"\/\/pre-saint-nom.org\/wordpress\/wp-content\/uploads\/2024\/09\/DSC_1010-1.jpeg\" alt=\"\" title=\"\" loading=\"lazy\" class=\"skip-lazy\" data-skip-lazy=\"1\"><\/picture><\/div><div data-color=\"RGBA(255,255,255,0)\" style=\"background-color: RGBA(255,255,255,0);\" class=\"n2-ss-slide-background-color\"><\/div><\/div><div class=\"n2-ss-slide-background\" data-public-id=\"5\" data-mode=\"fill\"><div class=\"n2-ss-slide-background-image\" data-blur=\"0\" data-opacity=\"100\" data-x=\"50\" data-y=\"50\" data-alt=\"\" data-title=\"\"><picture class=\"skip-lazy\" data-skip-lazy=\"1\"><img decoding=\"async\" src=\"\/\/pre-saint-nom.org\/wordpress\/wp-content\/uploads\/2024\/09\/DSC_1002.jpeg\" alt=\"\" title=\"\" loading=\"lazy\" class=\"skip-lazy\" data-skip-lazy=\"1\"><\/picture><\/div><div data-color=\"RGBA(255,255,255,0)\" style=\"background-color: RGBA(255,255,255,0);\" class=\"n2-ss-slide-background-color\"><\/div><\/div><div class=\"n2-ss-slide-background\" data-public-id=\"6\" data-mode=\"fill\"><div class=\"n2-ss-slide-background-image\" data-blur=\"0\" data-opacity=\"100\" data-x=\"50\" data-y=\"50\" data-alt=\"\" data-title=\"\"><picture class=\"skip-lazy\" data-skip-lazy=\"1\"><img decoding=\"async\" src=\"\/\/pre-saint-nom.org\/wordpress\/wp-content\/uploads\/2024\/11\/DSC_1027.jpeg\" alt=\"\" title=\"\" loading=\"lazy\" class=\"skip-lazy\" data-skip-lazy=\"1\"><\/picture><\/div><div data-color=\"RGBA(255,255,255,0)\" style=\"background-color: RGBA(255,255,255,0);\" class=\"n2-ss-slide-background-color\"><\/div><\/div><\/div>                    <div class=\"n2-ss-slider-4 n2-ow\">\n                        <svg xmlns=\"http:\/\/www.w3.org\/2000\/svg\" viewBox=\"0 0 1200 400\" data-related-device=\"desktopPortrait\" class=\"n2-ow n2-ss-preserve-size n2-ss-preserve-size--slider n2-ss-slide-limiter\"><\/svg><div data-first=\"1\" data-slide-duration=\"0\" data-id=\"4\" data-slide-public-id=\"1\" data-title=\"pexels-miki-czetti-111963\" class=\"n2-ss-slide n2-ow  n2-ss-slide-4\"><div role=\"note\" class=\"n2-ss-slide--focus\" tabindex=\"-1\">pexels-miki-czetti-111963<\/div><div class=\"n2-ss-layers-container n2-ss-slide-limiter n2-ow\"><div class=\"n2-ss-layer n2-ow n-uc-u0jI8vnqMZfJ\" data-sstype=\"slide\" data-pm=\"default\"><\/div><\/div><\/div><div data-slide-duration=\"0\" data-id=\"12\" data-slide-public-id=\"2\" data-title=\"DSC_1018 (1)\" class=\"n2-ss-slide n2-ow  n2-ss-slide-12\"><div role=\"note\" class=\"n2-ss-slide--focus\" tabindex=\"-1\">DSC_1018 (1)<\/div><div class=\"n2-ss-layers-container n2-ss-slide-limiter n2-ow\"><div class=\"n2-ss-layer n2-ow n-uc-C0FjTcIYVjXe\" data-sstype=\"slide\" data-pm=\"default\"><\/div><\/div><\/div><div data-slide-duration=\"0\" data-id=\"13\" data-slide-public-id=\"3\" data-title=\"DSC_1013 (1)\" class=\"n2-ss-slide n2-ow  n2-ss-slide-13\"><div role=\"note\" class=\"n2-ss-slide--focus\" tabindex=\"-1\">DSC_1013 (1)<\/div><div class=\"n2-ss-layers-container n2-ss-slide-limiter n2-ow\"><div class=\"n2-ss-layer n2-ow n-uc-GLkO1QRnrkTL\" data-sstype=\"slide\" data-pm=\"default\"><\/div><\/div><\/div><div data-slide-duration=\"0\" data-id=\"14\" data-slide-public-id=\"4\" data-title=\"DSC_1010\" class=\"n2-ss-slide n2-ow  n2-ss-slide-14\"><div role=\"note\" class=\"n2-ss-slide--focus\" tabindex=\"-1\">DSC_1010<\/div><div class=\"n2-ss-layers-container n2-ss-slide-limiter n2-ow\"><div class=\"n2-ss-layer n2-ow n-uc-hSBuDBG4frqI\" data-sstype=\"slide\" data-pm=\"default\"><\/div><\/div><\/div><div data-slide-duration=\"0\" data-id=\"15\" data-slide-public-id=\"5\" data-title=\"DSC_1002\" class=\"n2-ss-slide n2-ow  n2-ss-slide-15\"><div role=\"note\" class=\"n2-ss-slide--focus\" tabindex=\"-1\">DSC_1002<\/div><div class=\"n2-ss-layers-container n2-ss-slide-limiter n2-ow\"><div class=\"n2-ss-layer n2-ow n-uc-pVicyEdtu7ec\" data-sstype=\"slide\" data-pm=\"default\"><\/div><\/div><\/div><div data-slide-duration=\"0\" data-id=\"17\" data-slide-public-id=\"6\" data-title=\"DSC_1027\" class=\"n2-ss-slide n2-ow  n2-ss-slide-17\"><div role=\"note\" class=\"n2-ss-slide--focus\" tabindex=\"-1\">DSC_1027<\/div><div class=\"n2-ss-layers-container n2-ss-slide-limiter n2-ow\"><div class=\"n2-ss-layer n2-ow n-uc-Gy60rSzSJFal\" data-sstype=\"slide\" data-pm=\"default\"><\/div><\/div><\/div>                    <\/div>\n\n                                    <\/div>\n            <\/div>\n        <\/div>\n        <div class=\"n2-ss-slider-controls n2-ss-slider-controls-absolute-center-bottom\"><div style=\"--widget-offset:30px;text-align: center;width:100%;\" class=\"n2-ss-widget nextend-bar nextend-bar-horizontal n2-ss-widget-hidden n2-ow-all\"><div class=\"n2-style-3745c27e4cee514fb93ac00b0ec9858c-simple \" style=\"display: inline-block;\"><span class=\"n2-font-030314930993fbe6df1ea1b668bdcdad-simple \">&nbsp;<\/span><\/div><\/div><div style=\"--widget-offset:5px;\" class=\"n2-ss-widget n2-ss-widget-display-hover n2-ss-control-bullet n2-ow-all n2-ss-control-bullet-horizontal\"><div class=\" nextend-bullet-bar n2-bar-justify-content-center\"><div class=\"n2-bullet n2-style-37b83350d88fb82e7ea26e8ad7887167-dot \" style=\"visibility:hidden;\"><\/div><\/div><\/div><\/div><\/div><\/div><ss3-loader><\/ss3-loader><\/div><\/div><div class=\"n2_clear\"><\/div><\/div><\/ss3-force-full-width><\/div>\n\n\n<div class=\"wp-block-group left-container\"><div class=\"wp-block-group__inner-container is-layout-constrained wp-block-group-is-layout-constrained\">\n<h2 class=\"wp-block-heading welcome\">Le fichier des artisans<\/h2>\n<\/div><\/div>\n<\/div><\/div>\n\n\n\n<div class=\"wp-block-group content-section-vertical reveal is-vertical is-layout-flex wp-container-core-group-is-layout-8cf370e7 wp-block-group-is-layout-flex\">\n<div class=\"wp-block-group info-section is-vertical is-layout-flex wp-container-core-group-is-layout-8cf370e7 wp-block-group-is-layout-flex\">\n<h2 class=\"wp-block-heading\"><strong>A savoir<\/strong><\/h2>\n\n\n\n<p class=\"has-text-align-left\">Les r\u00e9sidants du Pr\u00e9 Saint Nom qui veulent r\u00e9aliser des travaux dans leurs maisons ont maintenant la possibilit\u00e9 de consulter les informations recueillies dans le cadre de l\u2019enqu\u00eate sur les artisans lanc\u00e9e lors de l\u2019Assembl\u00e9e G\u00e9n\u00e9rale de F\u00e9vrier 2002. Toutes ces informations, exploit\u00e9es et class\u00e9es par types de travaux, sont regroup\u00e9es dans le Fichier des Artisans.<\/p>\n\n\n\n<p class=\"has-text-align-left\">Ce fichier ne sera pas introduit sur le site Internet, en raison de probl\u00e8mes techniques, juridiques et d\u2019emploi. Pour les m\u00eames raisons, il ne sera pas d\u00e9livr\u00e9 de copie du Fichier ou de parties du Fichier. Les informations seront accessibles aux r\u00e9sidants par l\u2019interm\u00e9diaire de correspondants que vous pourrez contacter. Ainsi vous pourrez b\u00e9n\u00e9ficier de l&rsquo;exp\u00e9rience acquise par les r\u00e9sidants du Pr\u00e9 Saint Nom sur les artisans auxquels ils ont eu recours.<\/p>\n\n\n\n<p class=\"has-text-align-left\"><a href=\"https:\/\/pre-saint-nom.org\/wordpress\/index.php\/formulaire-artisan\/\">Appeler le formulaire<\/a><\/p>\n\n\n\n<div class=\"wp-block-group info-section is-vertical is-layout-flex wp-container-core-group-is-layout-8cf370e7 wp-block-group-is-layout-flex\">\n<p class=\"has-text-align-left\">A ce jour, les correspondants que vous pouvez contacter, de 9h \u00e0 20h, sauf les dimanches et les jours f\u00e9ri\u00e9s, sont les suivants :<\/p>\n\n\n\n<figure class=\"wp-block-table has-medium-font-size\"><table><tbody><tr><td><strong>Jean-Jacques LEFORT<br><\/strong>9 square des Belles-Feuilles<br>T\u00e9l : 01 30 51 27 58<\/td><td><strong>Alain SALOMON<br><\/strong>6 square des Belles-Feuilles<br>T\u00e9l. : 01 34 62 16 69<\/td><\/tr><\/tbody><\/table><\/figure>\n<\/div>\n<\/div>\n\n\n\n<div class=\"wp-block-group info-section is-vertical is-layout-flex wp-container-core-group-is-layout-8cf370e7 wp-block-group-is-layout-flex\">\n<h2 class=\"wp-block-heading\">Avertissement :<\/h2>\n\n\n\n<p class=\"has-text-align-left\">Il faut pr\u00e9ciser que les r\u00e9sidants qui feront appel \u00e0 ce service resteront responsables de leurs choix en ce qui concerne en particulier les travaux et les entreprises et ne pourront en aucun cas se retourner contre le Comit\u00e9 Syndical ou les correspondants en cas de difficult\u00e9s.<\/p>\n\n\n\n<p class=\"has-text-align-left\">Le Fichier constitu\u00e9 ne saurait pr\u00e9tendre \u00eatre exhaustif et, le cas \u00e9ch\u00e9ant, le choix d&rsquo;autres artisans peut conserver toute sa pertinence.<\/p>\n\n\n\n<p class=\"has-text-align-left\">Dans tous les cas, il est conseill\u00e9 de demander plusieurs devis avant de proc\u00e9der au choix d\u00e9finitif. Enfin, il est rappel\u00e9 que les sources des informations restent confidentielles.<\/p>\n\n\n\n<p class=\"has-text-align-left\">Il est n\u00e9cessaire d\u2019augmenter le nombre des correspondants et nous demandons des volontaires pour compl\u00e9ter l\u2019effectif. Faire acte de candidature en envoyant un email au site manager. Par ailleurs le Fichier des Artisans doit vivre et \u00eatre mis \u00e0 jour en permanence.<\/p>\n\n\n\n<p class=\"has-text-align-left\"><strong>N\u2019oubliez pas, lorsque vous aurez r\u00e9alis\u00e9 des travaux, de remplir le formulaire ci-joint, et de l\u2019envoyer sur la base de donn\u00e9es en cliquant sur le bouton correspondant.<\/strong><\/p>\n\n\n\n<p class=\"has-text-align-left\"><strong><u>Merci d\u2019avance<\/u>&nbsp;!<\/strong><\/p>\n<\/div>\n<\/div>\n<\/div><\/div>\n","protected":false},"excerpt":{"rendered":"<p>Le fichier des artisans A savoir Les r\u00e9sidants du Pr\u00e9 Saint Nom qui veulent r\u00e9aliser des travaux dans leurs maisons ont maintenant la possibilit\u00e9 de consulter les informations recueillies dans le cadre de l\u2019enqu\u00eate sur les artisans lanc\u00e9e lors de l\u2019Assembl\u00e9e G\u00e9n\u00e9rale de F\u00e9vrier 2002. Toutes ces informations, exploit\u00e9es et class\u00e9es par types de travaux, [&hellip;]<\/p>\n","protected":false},"author":3,"featured_media":0,"parent":0,"menu_order":0,"comment_status":"closed","ping_status":"closed","template":"","meta":{"footnotes":""},"class_list":["post-479","page","type-page","status-publish","hentry"],"_links":{"self":[{"href":"https:\/\/pre-saint-nom.org\/wordpress\/index.php\/wp-json\/wp\/v2\/pages\/479","targetHints":{"allow":["GET"]}}],"collection":[{"href":"https:\/\/pre-saint-nom.org\/wordpress\/index.php\/wp-json\/wp\/v2\/pages"}],"about":[{"href":"https:\/\/pre-saint-nom.org\/wordpress\/index.php\/wp-json\/wp\/v2\/types\/page"}],"author":[{"embeddable":true,"href":"https:\/\/pre-saint-nom.org\/wordpress\/index.php\/wp-json\/wp\/v2\/users\/3"}],"replies":[{"embeddable":true,"href":"https:\/\/pre-saint-nom.org\/wordpress\/index.php\/wp-json\/wp\/v2\/comments?post=479"}],"version-history":[{"count":11,"href":"https:\/\/pre-saint-nom.org\/wordpress\/index.php\/wp-json\/wp\/v2\/pages\/479\/revisions"}],"predecessor-version":[{"id":551,"href":"https:\/\/pre-saint-nom.org\/wordpress\/index.php\/wp-json\/wp\/v2\/pages\/479\/revisions\/551"}],"wp:attachment":[{"href":"https:\/\/pre-saint-nom.org\/wordpress\/index.php\/wp-json\/wp\/v2\/media?parent=479"}],"curies":[{"name":"wp","href":"https:\/\/api.w.org\/{rel}","templated":true}]}}