{"id":779,"date":"2024-09-21T21:50:49","date_gmt":"2024-09-21T19:50:49","guid":{"rendered":"https:\/\/pre-saint-nom.org\/wordpress\/?page_id=779"},"modified":"2024-09-25T12:59:37","modified_gmt":"2024-09-25T10:59:37","slug":"modele-baccara","status":"publish","type":"page","link":"https:\/\/pre-saint-nom.org\/wordpress\/index.php\/modele-baccara\/","title":{"rendered":"Mod\u00e8le Baccara"},"content":{"rendered":"\n<div class=\"wp-block-group text-image-section is-horizontal is-content-justification-left is-nowrap is-layout-flex wp-container-core-group-is-layout-af3ec496 wp-block-group-is-layout-flex\">\n<div class=\"wp-block-group text-section is-vertical is-layout-flex wp-container-core-group-is-layout-8cf370e7 wp-block-group-is-layout-flex\">\n<h2 class=\"wp-block-heading\">Mod\u00e8le Baccara (58 maisons)<\/h2>\n\n\n\n<div class=\"wp-block-group section-text is-nowrap is-layout-flex wp-container-core-group-is-layout-ad2f72ca wp-block-group-is-layout-flex\">\n<p><strong>Maison individuelle comprenant :<\/strong><br>Au rez-de-chauss\u00e9e : hall d&rsquo;entr\u00e9e, s\u00e9jour, salle \u00e0 manger, family-room, deux chambres, cuisine, salle de bains, lingerie, d\u00e9gagement, penderies, cellier, double garage.<br>A l&rsquo;\u00e9tage : trois chambres, deux salles de bains, d\u00e9barras, placards, penderies, d\u00e9gagement, vide du hall.<\/p>\n<\/div>\n<\/div>\n\n\n\n<figure class=\"wp-block-image size-full is-resized\"><img loading=\"lazy\" decoding=\"async\" width=\"700\" height=\"525\" src=\"https:\/\/pre-saint-nom.org\/wordpress\/wp-content\/uploads\/2024\/09\/Baccara.jpg\" alt=\"\" class=\"wp-image-833\" style=\"aspect-ratio:1.5;object-fit:cover;width:600px;height:auto\"\/><\/figure>\n<\/div>\n","protected":false},"excerpt":{"rendered":"<p>Mod\u00e8le Baccara (58 maisons) Maison individuelle comprenant :Au rez-de-chauss\u00e9e : hall d&rsquo;entr\u00e9e, s\u00e9jour, salle \u00e0 manger, family-room, deux chambres, cuisine, salle de bains, lingerie, d\u00e9gagement, penderies, cellier, double garage.A l&rsquo;\u00e9tage : trois chambres, deux salles de bains, d\u00e9barras, placards, penderies, d\u00e9gagement, vide du hall.<\/p>\n","protected":false},"author":3,"featured_media":0,"parent":0,"menu_order":0,"comment_status":"closed","ping_status":"closed","template":"","meta":{"footnotes":""},"class_list":["post-779","page","type-page","status-publish","hentry"],"_links":{"self":[{"href":"https:\/\/pre-saint-nom.org\/wordpress\/index.php\/wp-json\/wp\/v2\/pages\/779","targetHints":{"allow":["GET"]}}],"collection":[{"href":"https:\/\/pre-saint-nom.org\/wordpress\/index.php\/wp-json\/wp\/v2\/pages"}],"about":[{"href":"https:\/\/pre-saint-nom.org\/wordpress\/index.php\/wp-json\/wp\/v2\/types\/page"}],"author":[{"embeddable":true,"href":"https:\/\/pre-saint-nom.org\/wordpress\/index.php\/wp-json\/wp\/v2\/users\/3"}],"replies":[{"embeddable":true,"href":"https:\/\/pre-saint-nom.org\/wordpress\/index.php\/wp-json\/wp\/v2\/comments?post=779"}],"version-history":[{"count":4,"href":"https:\/\/pre-saint-nom.org\/wordpress\/index.php\/wp-json\/wp\/v2\/pages\/779\/revisions"}],"predecessor-version":[{"id":836,"href":"https:\/\/pre-saint-nom.org\/wordpress\/index.php\/wp-json\/wp\/v2\/pages\/779\/revisions\/836"}],"wp:attachment":[{"href":"https:\/\/pre-saint-nom.org\/wordpress\/index.php\/wp-json\/wp\/v2\/media?parent=779"}],"curies":[{"name":"wp","href":"https:\/\/api.w.org\/{rel}","templated":true}]}}