{"id":783,"date":"2024-09-21T22:02:06","date_gmt":"2024-09-21T20:02:06","guid":{"rendered":"https:\/\/pre-saint-nom.org\/wordpress\/?page_id=783"},"modified":"2024-09-25T13:01:42","modified_gmt":"2024-09-25T11:01:42","slug":"modele-uriella","status":"publish","type":"page","link":"https:\/\/pre-saint-nom.org\/wordpress\/index.php\/modele-uriella\/","title":{"rendered":"Mod\u00e8le Uriella"},"content":{"rendered":"\n<div class=\"wp-block-group text-image-section is-horizontal is-content-justification-left is-nowrap is-layout-flex wp-container-core-group-is-layout-af3ec496 wp-block-group-is-layout-flex\">\n<div class=\"wp-block-group text-section is-vertical is-layout-flex wp-container-core-group-is-layout-8cf370e7 wp-block-group-is-layout-flex\">\n<h2 class=\"wp-block-heading\">Mod\u00e8le Uriella (39 maisons)<\/h2>\n\n\n\n<div class=\"wp-block-group section-text is-nowrap is-layout-flex wp-container-core-group-is-layout-ad2f72ca wp-block-group-is-layout-flex\">\n<p><strong>Maison individuelle de plain-pied comprenant :<\/strong><br>Patio int\u00e9rieur, hall d&rsquo;entr\u00e9e, s\u00e9jour, salle \u00e0 manger, cuisine, chambre de service, lingerie, cabinet de toilette, quatre chambres dont une avec garde-robe, deux salles de bains, d\u00e9gagement, placards, penderies, cellier\u2011chaufferie, double garage.<\/p>\n<\/div>\n<\/div>\n\n\n\n<figure class=\"wp-block-image size-full is-resized\"><img loading=\"lazy\" decoding=\"async\" width=\"700\" height=\"525\" src=\"https:\/\/pre-saint-nom.org\/wordpress\/wp-content\/uploads\/2024\/09\/Uriella.jpg\" alt=\"\" class=\"wp-image-831\" style=\"aspect-ratio:1.5;object-fit:cover;width:600px;height:auto\"\/><\/figure>\n<\/div>\n","protected":false},"excerpt":{"rendered":"<p>Mod\u00e8le Uriella (39 maisons) Maison individuelle de plain-pied comprenant :Patio int\u00e9rieur, hall d&rsquo;entr\u00e9e, s\u00e9jour, salle \u00e0 manger, cuisine, chambre de service, lingerie, cabinet de toilette, quatre chambres dont une avec garde-robe, deux salles de bains, d\u00e9gagement, placards, penderies, cellier\u2011chaufferie, double garage.<\/p>\n","protected":false},"author":3,"featured_media":0,"parent":0,"menu_order":0,"comment_status":"closed","ping_status":"closed","template":"","meta":{"footnotes":""},"class_list":["post-783","page","type-page","status-publish","hentry"],"_links":{"self":[{"href":"https:\/\/pre-saint-nom.org\/wordpress\/index.php\/wp-json\/wp\/v2\/pages\/783","targetHints":{"allow":["GET"]}}],"collection":[{"href":"https:\/\/pre-saint-nom.org\/wordpress\/index.php\/wp-json\/wp\/v2\/pages"}],"about":[{"href":"https:\/\/pre-saint-nom.org\/wordpress\/index.php\/wp-json\/wp\/v2\/types\/page"}],"author":[{"embeddable":true,"href":"https:\/\/pre-saint-nom.org\/wordpress\/index.php\/wp-json\/wp\/v2\/users\/3"}],"replies":[{"embeddable":true,"href":"https:\/\/pre-saint-nom.org\/wordpress\/index.php\/wp-json\/wp\/v2\/comments?post=783"}],"version-history":[{"count":3,"href":"https:\/\/pre-saint-nom.org\/wordpress\/index.php\/wp-json\/wp\/v2\/pages\/783\/revisions"}],"predecessor-version":[{"id":839,"href":"https:\/\/pre-saint-nom.org\/wordpress\/index.php\/wp-json\/wp\/v2\/pages\/783\/revisions\/839"}],"wp:attachment":[{"href":"https:\/\/pre-saint-nom.org\/wordpress\/index.php\/wp-json\/wp\/v2\/media?parent=783"}],"curies":[{"name":"wp","href":"https:\/\/api.w.org\/{rel}","templated":true}]}}