{"id":8,"date":"2024-01-04T04:23:31","date_gmt":"2024-01-04T03:23:31","guid":{"rendered":"https:\/\/pre-saint-nom.org\/wordpress\/?page_id=8"},"modified":"2026-02-16T21:50:37","modified_gmt":"2026-02-16T20:50:37","slug":"accueil","status":"publish","type":"page","link":"https:\/\/pre-saint-nom.org\/wordpress\/","title":{"rendered":"Accueil"},"content":{"rendered":"\n<div class=\"wp-block-group\"><div class=\"wp-block-group__inner-container is-layout-constrained wp-block-group-is-layout-constrained\">\n<h1 class=\"wp-block-heading has-text-align-center banner-text\">Le site de la r\u00e9sidence du Pr\u00e9&nbsp;Saint&nbsp;Nom<\/h1>\n\n\n\n<div class=\"wp-block-group diaporama-container\"><div class=\"wp-block-group__inner-container is-layout-constrained wp-block-group-is-layout-constrained\"><div class=\"n2_clear\"><ss3-force-full-width data-overflow-x=\"body\" data-horizontal-selector=\"body\"><div class=\"n2-section-smartslider fitvidsignore  n2_clear\" data-ssid=\"1\" tabindex=\"0\" role=\"region\" aria-label=\"Slider\"><div id=\"n2-ss-1-align\" class=\"n2-ss-align\"><div class=\"n2-padding\"><div id=\"n2-ss-1\" data-creator=\"Smart Slider 3\" data-responsive=\"fullwidth\" class=\"n2-ss-slider n2-ow n2-has-hover n2notransition  \">\n\n\n\n\n\n\n\n\n\n\n\n\n\n\n\n\n\n<div class=\"n2-ss-slider-wrapper-inside\">\n        <div class=\"n2-ss-slider-1 n2_ss__touch_element n2-ow\">\n            <div class=\"n2-ss-slider-2 n2-ow\">\n                                                <div class=\"n2-ss-slider-3 n2-ow\">\n\n                    <div class=\"n2-ss-slide-backgrounds n2-ow-all\"><div class=\"n2-ss-slide-background\" data-public-id=\"1\" data-mode=\"fill\"><div class=\"n2-ss-slide-background-image\" data-blur=\"0\" data-opacity=\"100\" data-x=\"50\" data-y=\"50\" data-alt=\"\" data-title=\"\"><picture class=\"skip-lazy\" data-skip-lazy=\"1\"><img decoding=\"async\" src=\"\/\/pre-saint-nom.org\/wordpress\/wp-content\/uploads\/2024\/01\/pexels-miki-czetti-111963-scaled.jpg\" alt=\"\" title=\"\" loading=\"lazy\" class=\"skip-lazy\" data-skip-lazy=\"1\"><\/picture><\/div><div data-color=\"RGBA(255,255,255,0)\" style=\"background-color: RGBA(255,255,255,0);\" class=\"n2-ss-slide-background-color\"><\/div><\/div><div class=\"n2-ss-slide-background\" data-public-id=\"2\" data-mode=\"fill\"><div class=\"n2-ss-slide-background-image\" data-blur=\"0\" data-opacity=\"100\" data-x=\"50\" data-y=\"50\" data-alt=\"\" data-title=\"\"><picture class=\"skip-lazy\" data-skip-lazy=\"1\"><img decoding=\"async\" src=\"\/\/pre-saint-nom.org\/wordpress\/wp-content\/uploads\/2024\/09\/DSC_1018-1.jpeg\" alt=\"\" title=\"\" loading=\"lazy\" class=\"skip-lazy\" data-skip-lazy=\"1\"><\/picture><\/div><div data-color=\"RGBA(255,255,255,0)\" style=\"background-color: RGBA(255,255,255,0);\" class=\"n2-ss-slide-background-color\"><\/div><\/div><div class=\"n2-ss-slide-background\" data-public-id=\"3\" data-mode=\"fill\"><div class=\"n2-ss-slide-background-image\" data-blur=\"0\" data-opacity=\"100\" data-x=\"50\" data-y=\"50\" data-alt=\"\" data-title=\"\"><picture class=\"skip-lazy\" data-skip-lazy=\"1\"><img decoding=\"async\" src=\"\/\/pre-saint-nom.org\/wordpress\/wp-content\/uploads\/2024\/09\/DSC_1013-1.jpeg\" alt=\"\" title=\"\" loading=\"lazy\" class=\"skip-lazy\" data-skip-lazy=\"1\"><\/picture><\/div><div data-color=\"RGBA(255,255,255,0)\" style=\"background-color: RGBA(255,255,255,0);\" class=\"n2-ss-slide-background-color\"><\/div><\/div><div class=\"n2-ss-slide-background\" data-public-id=\"4\" data-mode=\"fill\"><div class=\"n2-ss-slide-background-image\" data-blur=\"0\" data-opacity=\"100\" data-x=\"50\" data-y=\"50\" data-alt=\"\" data-title=\"\"><picture class=\"skip-lazy\" data-skip-lazy=\"1\"><img decoding=\"async\" src=\"\/\/pre-saint-nom.org\/wordpress\/wp-content\/uploads\/2024\/09\/DSC_1010-1.jpeg\" alt=\"\" title=\"\" loading=\"lazy\" class=\"skip-lazy\" data-skip-lazy=\"1\"><\/picture><\/div><div data-color=\"RGBA(255,255,255,0)\" style=\"background-color: RGBA(255,255,255,0);\" class=\"n2-ss-slide-background-color\"><\/div><\/div><div class=\"n2-ss-slide-background\" data-public-id=\"5\" data-mode=\"fill\"><div class=\"n2-ss-slide-background-image\" data-blur=\"0\" data-opacity=\"100\" data-x=\"50\" data-y=\"50\" data-alt=\"\" data-title=\"\"><picture class=\"skip-lazy\" data-skip-lazy=\"1\"><img decoding=\"async\" src=\"\/\/pre-saint-nom.org\/wordpress\/wp-content\/uploads\/2024\/09\/DSC_1002.jpeg\" alt=\"\" title=\"\" loading=\"lazy\" class=\"skip-lazy\" data-skip-lazy=\"1\"><\/picture><\/div><div data-color=\"RGBA(255,255,255,0)\" style=\"background-color: RGBA(255,255,255,0);\" class=\"n2-ss-slide-background-color\"><\/div><\/div><div class=\"n2-ss-slide-background\" data-public-id=\"6\" data-mode=\"fill\"><div class=\"n2-ss-slide-background-image\" data-blur=\"0\" data-opacity=\"100\" data-x=\"50\" data-y=\"50\" data-alt=\"\" data-title=\"\"><picture class=\"skip-lazy\" data-skip-lazy=\"1\"><img decoding=\"async\" src=\"\/\/pre-saint-nom.org\/wordpress\/wp-content\/uploads\/2024\/11\/DSC_1027.jpeg\" alt=\"\" title=\"\" loading=\"lazy\" class=\"skip-lazy\" data-skip-lazy=\"1\"><\/picture><\/div><div data-color=\"RGBA(255,255,255,0)\" style=\"background-color: RGBA(255,255,255,0);\" class=\"n2-ss-slide-background-color\"><\/div><\/div><\/div>                    <div class=\"n2-ss-slider-4 n2-ow\">\n                        <svg xmlns=\"http:\/\/www.w3.org\/2000\/svg\" viewBox=\"0 0 1200 400\" data-related-device=\"desktopPortrait\" class=\"n2-ow n2-ss-preserve-size n2-ss-preserve-size--slider n2-ss-slide-limiter\"><\/svg><div data-first=\"1\" data-slide-duration=\"0\" data-id=\"4\" data-slide-public-id=\"1\" data-title=\"pexels-miki-czetti-111963\" class=\"n2-ss-slide n2-ow  n2-ss-slide-4\"><div role=\"note\" class=\"n2-ss-slide--focus\" tabindex=\"-1\">pexels-miki-czetti-111963<\/div><div class=\"n2-ss-layers-container n2-ss-slide-limiter n2-ow\"><div class=\"n2-ss-layer n2-ow n-uc-muqK3ghlhu3C\" data-sstype=\"slide\" data-pm=\"default\"><\/div><\/div><\/div><div data-slide-duration=\"0\" data-id=\"12\" data-slide-public-id=\"2\" data-title=\"DSC_1018 (1)\" class=\"n2-ss-slide n2-ow  n2-ss-slide-12\"><div role=\"note\" class=\"n2-ss-slide--focus\" tabindex=\"-1\">DSC_1018 (1)<\/div><div class=\"n2-ss-layers-container n2-ss-slide-limiter n2-ow\"><div class=\"n2-ss-layer n2-ow n-uc-jfIMnpdlbzmi\" data-sstype=\"slide\" data-pm=\"default\"><\/div><\/div><\/div><div data-slide-duration=\"0\" data-id=\"13\" data-slide-public-id=\"3\" data-title=\"DSC_1013 (1)\" class=\"n2-ss-slide n2-ow  n2-ss-slide-13\"><div role=\"note\" class=\"n2-ss-slide--focus\" tabindex=\"-1\">DSC_1013 (1)<\/div><div class=\"n2-ss-layers-container n2-ss-slide-limiter n2-ow\"><div class=\"n2-ss-layer n2-ow n-uc-ejACTXWYuOuV\" data-sstype=\"slide\" data-pm=\"default\"><\/div><\/div><\/div><div data-slide-duration=\"0\" data-id=\"14\" data-slide-public-id=\"4\" data-title=\"DSC_1010\" class=\"n2-ss-slide n2-ow  n2-ss-slide-14\"><div role=\"note\" class=\"n2-ss-slide--focus\" tabindex=\"-1\">DSC_1010<\/div><div class=\"n2-ss-layers-container n2-ss-slide-limiter n2-ow\"><div class=\"n2-ss-layer n2-ow n-uc-7SJ5w0Y8oU3o\" data-sstype=\"slide\" data-pm=\"default\"><\/div><\/div><\/div><div data-slide-duration=\"0\" data-id=\"15\" data-slide-public-id=\"5\" data-title=\"DSC_1002\" class=\"n2-ss-slide n2-ow  n2-ss-slide-15\"><div role=\"note\" class=\"n2-ss-slide--focus\" tabindex=\"-1\">DSC_1002<\/div><div class=\"n2-ss-layers-container n2-ss-slide-limiter n2-ow\"><div class=\"n2-ss-layer n2-ow n-uc-QCOKHsSWyZGY\" data-sstype=\"slide\" data-pm=\"default\"><\/div><\/div><\/div><div data-slide-duration=\"0\" data-id=\"17\" data-slide-public-id=\"6\" data-title=\"DSC_1027\" class=\"n2-ss-slide n2-ow  n2-ss-slide-17\"><div role=\"note\" class=\"n2-ss-slide--focus\" tabindex=\"-1\">DSC_1027<\/div><div class=\"n2-ss-layers-container n2-ss-slide-limiter n2-ow\"><div class=\"n2-ss-layer n2-ow n-uc-cwDbvnP3eWz4\" data-sstype=\"slide\" data-pm=\"default\"><\/div><\/div><\/div>                    <\/div>\n\n                                    <\/div>\n            <\/div>\n        <\/div>\n        <div class=\"n2-ss-slider-controls n2-ss-slider-controls-absolute-center-bottom\"><div style=\"--widget-offset:30px;text-align: center;width:100%;\" class=\"n2-ss-widget nextend-bar nextend-bar-horizontal n2-ss-widget-hidden n2-ow-all\"><div class=\"n2-style-3745c27e4cee514fb93ac00b0ec9858c-simple \" style=\"display: inline-block;\"><span class=\"n2-font-030314930993fbe6df1ea1b668bdcdad-simple \">&nbsp;<\/span><\/div><\/div><div style=\"--widget-offset:5px;\" class=\"n2-ss-widget n2-ss-widget-display-hover n2-ss-control-bullet n2-ow-all n2-ss-control-bullet-horizontal\"><div class=\" nextend-bullet-bar n2-bar-justify-content-center\"><div class=\"n2-bullet n2-style-37b83350d88fb82e7ea26e8ad7887167-dot \" style=\"visibility:hidden;\"><\/div><\/div><\/div><\/div><\/div><\/div><ss3-loader><\/ss3-loader><\/div><\/div><div class=\"n2_clear\"><\/div><\/div><\/ss3-force-full-width><\/div>\n\n\n<div class=\"wp-block-group left-container\"><div class=\"wp-block-group__inner-container is-layout-constrained wp-block-group-is-layout-constrained\">\n<h2 class=\"wp-block-heading welcome\">Bienvenue \u00e0 Pr\u00e9&nbsp;Saint&nbsp;Nom<\/h2>\n<\/div><\/div>\n<\/div><\/div>\n\n\n\n<style>\n\n.info-container {\n  display: flex;\n  align-items: center; \/* Aligne les \u00e9l\u00e9ments verticalement au centre *\/\n  overflow: hidden; \/* Masque le d\u00e9bordement du texte d\u00e9filant *\/\n}\n\n.logo {\n  height: 40px;\n  width: 150px;\n  line-height: 40px;\n  font-size: 25px;\n  color: white;\n  background-color: red;\n  text-align: center;\n}\n\n.bandeau {\n  flex-grow: 1; \/* Permet \u00e0 la bandeau de prendre le reste de l'espace disponible *\/\n  overflow: hidden;\n  height: 40px;\n  background-color: #000;\n  position: relative; \/* Positionnement relatif pour le texte d\u00e9filant *\/\n}\n\n.actu {\n  display: inline-block;\n  height: 40px;\n  line-height: 40px;\n  white-space: nowrap;\n  position: absolute; \/* Positionnement absolu pour contr\u00f4ler le mouvement *\/\n  animation: actu 30s linear infinite;\n}\n\n.actu_titre {\n  padding: 0 25px;\n  font-size: 25px;\n  color: white;\n}\n\n@keyframes actu {\n  0% {\n    transform: translateX(100%); \/* Commencer \u00e0 droite *\/\n  }\n  100% {\n    transform: translateX(-100%); \/* D\u00e9placer compl\u00e8tement \u00e0 gauche *\/\n  }\n}\n<\/style>\n<div class=\"info-container\">\n<div class=\"position logo\">Infos<\/div>\n<div class=\"position bandeau\">\n    <div class=\"actu\">\n      <div class=\"actu_titre\">Notre prochaine AGO se tiendra le 26 mars prochain au Centre JKM, \u00e0 20h30\n      <\/div>\n    <\/div>\n<\/div>\n<\/div>\n\n\n\n<div class=\"wp-block-group content-section-vertical is-vertical is-layout-flex wp-container-core-group-is-layout-8cf370e7 wp-block-group-is-layout-flex\">\n<div class=\"wp-block-group  reveal is-vertical is-layout-flex wp-container-core-group-is-layout-8cf370e7 wp-block-group-is-layout-flex\">\n<h2 class=\"wp-block-heading\">Les derni\u00e8res informations<\/h2>\n\n\n\n<div class=\"wp-block-group section-text is-vertical is-layout-flex wp-container-core-group-is-layout-8cf370e7 wp-block-group-is-layout-flex\">\n<p>Pour \u00eatre inform\u00e9 sur les d\u00e9bats de l&rsquo;Assembl\u00e9e G\u00e9n\u00e9rale Ordinaire du 28 mars 2024, quelques informations utiles:<\/p>\n\n\n\n<ul class=\"wp-block-list info-list\">\n<li class=\"intern-link\"><a href=\"https:\/\/pre-saint-nom.org\/Gestion\/CdC\/Statuts2019\" data-type=\"page\" data-id=\"8\">Les statuts de l&rsquo;association<\/a>: les objectifs, les missions et les r\u00e8gles de fonctionnement de l&rsquo;ASL Pr\u00e9 Saint Nom.<\/li>\n\n\n\n<li class=\"intern-link\"><a href=\"https:\/\/pre-saint-nom.org\/Gestion\/AG_PSN\/AG2025.pdf\" data-type=\"page\" data-id=\"8\">Le CR de la derni\u00e8re Assembl\u00e9e<\/a>: les principaux th\u00e8mes abord\u00e9s et les d\u00e9cisions prises.<\/li>\n\n\n\n<li class=\"intern-link\"><a href=\"https:\/\/pre-saint-nom.org\/Gestion\/Budget\/PSN-Budget25.pdf\" data-type=\"page\" data-id=\"8\">Le budget pr\u00e9visionnel 2025<\/a>: les diff\u00e9rents postes de d\u00e9penses programm\u00e9s, et les montants pr\u00e9vus.<\/li>\n<\/ul>\n<\/div>\n<\/div>\n\n\n\n<div class=\"wp-block-group  reveal intern-link is-vertical is-layout-flex wp-container-core-group-is-layout-8cf370e7 wp-block-group-is-layout-flex\">\n<h2 class=\"wp-block-heading\">Conseils et infos<\/h2>\n\n\n\n<div class=\"wp-block-group section-text is-vertical is-layout-flex wp-container-core-group-is-layout-8cf370e7 wp-block-group-is-layout-flex\">\n<ul class=\"wp-block-list info-list\">\n<li><a href=\"https:\/\/pre-saint-nom.org\/wordpress\/index.php\/conseils-proprietaires\/\">Propri\u00e9taires loueurs<\/a> Conseils aux propri\u00e9taires qui souhaitent louer leur villa<\/li>\n\n\n\n<li><a href=\"https:\/\/pre-saint-nom.org\/wordpress\/index.php\/conseils-locataires\/\">Locataires<\/a> Conseils aux locataires qui louent une villa<\/li>\n\n\n\n<li><a href=\"https:\/\/pre-saint-nom.org\/wordpress\/index.php\/nouveaux-arrivants\/\">Nouveaux<\/a><a href=\"https:\/\/pre-saint-nom.org\/Nouveaux_arrivants.htm\"> arrivants<\/a> Conseils aux nouveaux arrivants dans la r\u00e9sidence<\/li>\n\n\n\n<li><a href=\"https:\/\/pre-saint-nom.org\/wordpress\/index.php\/cahier-des-charges\/\">Cahier des charges<\/a> Charges communes aux propri\u00e9taires et aux locataires de la r\u00e9sidence<\/li>\n\n\n\n<li><a href=\"http:\/\/pre-saint-nom.org\/Textes\/calendrier_tri.pdf\">Collecte des d\u00e9chets<\/a> Calendrier 2026<\/li>\n<\/ul>\n<\/div>\n<\/div>\n<\/div>\n\n\n\n<div class=\"wp-block-group image-section is-content-justification-center is-nowrap is-layout-flex wp-container-core-group-is-layout-94bc23d7 wp-block-group-is-layout-flex\">\n<figure class=\"wp-block-image size-full is-style-default\"><img loading=\"lazy\" decoding=\"async\" width=\"1200\" height=\"800\" src=\"https:\/\/pre-saint-nom.org\/wordpress\/wp-content\/uploads\/2024\/09\/DSC_1013.jpeg\" alt=\"\" class=\"wp-image-735\" srcset=\"https:\/\/pre-saint-nom.org\/wordpress\/wp-content\/uploads\/2024\/09\/DSC_1013.jpeg 1200w, https:\/\/pre-saint-nom.org\/wordpress\/wp-content\/uploads\/2024\/09\/DSC_1013-768x512.jpeg 768w\" sizes=\"auto, (max-width: 1200px) 100vw, 1200px\" \/><\/figure>\n<\/div>\n\n\n\n<div class=\"wp-block-group reveal\"><div class=\"wp-block-group__inner-container is-layout-constrained wp-block-group-is-layout-constrained\">\n<div class=\"wp-block-group text-image-section is-horizontal is-content-justification-left is-nowrap is-layout-flex wp-container-core-group-is-layout-af3ec496 wp-block-group-is-layout-flex\">\n<div class=\"wp-block-group text-section is-vertical is-layout-flex wp-container-core-group-is-layout-8cf370e7 wp-block-group-is-layout-flex\">\n<h2 class=\"wp-block-heading\">Plan du Pr\u00e9 Saint Nom<\/h2>\n\n\n\n<p class=\"has-text-align-left\">Pour situer la r\u00e9sidence du Pr\u00e9 Saint Nom dans Saint Nom la Bret\u00e8che, vous pouvez cliquer sur le lien ci-dessous :<br>     <strong><a href=\"https:\/\/pre-saint-nom.org\/wordpress\/index.php\/plan\/\" data-type=\"page\" data-id=\"30\">plan de situation de PSN<\/a><\/strong><\/p>\n<\/div>\n\n\n\n<figure class=\"wp-block-image size-full\"><img loading=\"lazy\" decoding=\"async\" width=\"600\" height=\"400\" src=\"https:\/\/pre-saint-nom.org\/wordpress\/wp-content\/uploads\/2024\/09\/DSC_0993.jpeg\" alt=\"\" class=\"wp-image-737\"\/><\/figure>\n<\/div>\n\n\n\n<div class=\"wp-block-group image-text-section is-horizontal is-content-justification-left is-nowrap is-layout-flex wp-container-core-group-is-layout-af3ec496 wp-block-group-is-layout-flex\">\n<figure class=\"wp-block-image size-full\"><img loading=\"lazy\" decoding=\"async\" width=\"600\" height=\"400\" src=\"https:\/\/pre-saint-nom.org\/wordpress\/wp-content\/uploads\/2024\/09\/DSC_1007.jpeg\" alt=\"\" class=\"wp-image-720\" style=\"aspect-ratio:1;object-fit:cover\"\/><\/figure>\n\n\n\n<div class=\"wp-block-group text-section is-vertical is-layout-flex wp-container-core-group-is-layout-8cf370e7 wp-block-group-is-layout-flex\">\n<h2 class=\"wp-block-heading has-black-color has-text-color has-link-color wp-elements-3160a07330b592dd5a99f76479edc064\">Histoire du Pr\u00e9 Saint Nom<\/h2>\n\n\n\n<p class=\"has-text-align-left\">Si vous voulez connaitre l&rsquo;histoire de notre r\u00e9sidence, depuis sa cr\u00e9ation dans les ann\u00e9es 70, vous pouvez cliquer sur le lien ci-dessous :<br><a href=\"https:\/\/pre-saint-nom.org\/wordpress\/index.php\/histoire-de-psn\/\" data-type=\"page\" data-id=\"801\">PSN a 50 ans<\/a><\/p>\n<\/div>\n<\/div>\n<\/div><\/div>\n<\/div><\/div>\n\n\n\n<p><\/p>\n","protected":false},"excerpt":{"rendered":"<p>Le site de la r\u00e9sidence du Pr\u00e9&nbsp;Saint&nbsp;Nom Bienvenue \u00e0 Pr\u00e9&nbsp;Saint&nbsp;Nom Infos Notre prochaine AGO se tiendra le 26 mars prochain au Centre JKM, \u00e0 20h30 Les derni\u00e8res informations Pour \u00eatre inform\u00e9 sur les d\u00e9bats de l&rsquo;Assembl\u00e9e G\u00e9n\u00e9rale Ordinaire du 28 mars 2024, quelques informations utiles: Conseils et infos Plan du Pr\u00e9 Saint Nom Pour situer [&hellip;]<\/p>\n","protected":false},"author":3,"featured_media":0,"parent":0,"menu_order":0,"comment_status":"closed","ping_status":"closed","template":"","meta":{"footnotes":""},"class_list":["post-8","page","type-page","status-publish","hentry"],"_links":{"self":[{"href":"https:\/\/pre-saint-nom.org\/wordpress\/index.php\/wp-json\/wp\/v2\/pages\/8","targetHints":{"allow":["GET"]}}],"collection":[{"href":"https:\/\/pre-saint-nom.org\/wordpress\/index.php\/wp-json\/wp\/v2\/pages"}],"about":[{"href":"https:\/\/pre-saint-nom.org\/wordpress\/index.php\/wp-json\/wp\/v2\/types\/page"}],"author":[{"embeddable":true,"href":"https:\/\/pre-saint-nom.org\/wordpress\/index.php\/wp-json\/wp\/v2\/users\/3"}],"replies":[{"embeddable":true,"href":"https:\/\/pre-saint-nom.org\/wordpress\/index.php\/wp-json\/wp\/v2\/comments?post=8"}],"version-history":[{"count":150,"href":"https:\/\/pre-saint-nom.org\/wordpress\/index.php\/wp-json\/wp\/v2\/pages\/8\/revisions"}],"predecessor-version":[{"id":964,"href":"https:\/\/pre-saint-nom.org\/wordpress\/index.php\/wp-json\/wp\/v2\/pages\/8\/revisions\/964"}],"wp:attachment":[{"href":"https:\/\/pre-saint-nom.org\/wordpress\/index.php\/wp-json\/wp\/v2\/media?parent=8"}],"curies":[{"name":"wp","href":"https:\/\/api.w.org\/{rel}","templated":true}]}}